{"id":292,"date":"2023-05-17T14:11:07","date_gmt":"2023-05-17T14:11:07","guid":{"rendered":"https:\/\/parkhotelitalia.ms2.decms.eu\/?page_id=292"},"modified":"2026-03-06T21:22:36","modified_gmt":"2026-03-06T21:22:36","slug":"park-hotel-italia","status":"publish","type":"page","link":"https:\/\/www.parkhotelitalia.com\/de\/","title":{"rendered":"Park Hotel Italia"},"content":{"rendered":"<p>In der N\u00e4he des Seeufers, umgeben von viel Gr\u00fcn und mit einer atemberaubenden Aussicht befindet sich unsere Struktur in Cannero Riviera, einer kleinen Stadt am Ufer des Lago Maggiore.<\/p>\n<p>Wir zeichnen uns durch eine alte Geschichte aus, die bis ins fr\u00fche 20. Jahrhundert zur\u00fcckreicht, als die Familie De Stefani das Hotel baute und ihm den Namen \u201eHotel Italie\u201c gab. Eine erste Umstrukturierung f\u00fchrte anschlie\u00dfend zu einer Umbenennung in \u201eGrand\u2019Italia\u201c.<\/p>\n<p>Im Jahr 2014 wurde es schlie\u00dflich von der Familie Gallinotto &#8211; Cavagnera \u00fcbernommen, die es heute besitzt und in das heutige Park Hotel Italia umwandelte, ein modernes Geb\u00e4ude voller luxuri\u00f6ser Annehmlichkeiten f\u00fcr Ihren Urlaub<\/p>\n","protected":false},"excerpt":{"rendered":"<p>In der N\u00e4he des Seeufers, umgeben von viel Gr\u00fcn und mit einer atemberaubenden Aussicht befindet sich unsere Struktur in Cannero Riviera, einer kleinen Stadt am Ufer des Lago Maggiore. Wir zeichnen uns durch eine alte Geschichte aus, die bis ins fr\u00fche 20. Jahrhundert zur\u00fcckreicht, als die Familie De Stefani das Hotel baute und ihm den [&hellip;]<\/p>\n","protected":false},"author":26,"featured_media":0,"parent":0,"menu_order":10,"comment_status":"closed","ping_status":"closed","template":"","meta":{"footnotes":""},"yoast_head":"<!-- This site is optimized with the Yoast SEO plugin v22.3 - https:\/\/yoast.com\/wordpress\/plugins\/seo\/ -->\n<title>Park Hotel Italia &#183; Park Hotel Italia &#183;<\/title>\n<meta name=\"description\" content=\"In der N\u00e4he des Seeufers, umgeben von viel Gr\u00fcn und mit einer atemberaubenden Aussicht befindet sich unsere Struktur in Cannero Riviera, einer kleinen Stadt am Ufer des Lago Maggiore.  Wir zeichnen uns durch eine alte Geschichte aus, die bis ins fr\u00fche 20. Jahrhundert zur\u00fcckreicht, als die Familie De Stefani das Hotel baute und ihm den Namen \u201eHotel Italie\u201c gab\" \/>\n<meta name=\"robots\" content=\"index, follow, max-snippet:-1, max-image-preview:large, max-video-preview:-1\" \/>\n<link rel=\"canonical\" href=\"https:\/\/www.parkhotelitalia.com\/de\/\" \/>\n<meta property=\"og:locale\" content=\"de_DE\" \/>\n<meta property=\"og:type\" content=\"article\" \/>\n<meta property=\"og:title\" content=\"Park Hotel Italia &#183; Park Hotel Italia &#183;\" \/>\n<meta property=\"og:description\" content=\"In der N\u00e4he des Seeufers, umgeben von viel Gr\u00fcn und mit einer atemberaubenden Aussicht befindet sich unsere Struktur in Cannero Riviera, einer kleinen Stadt am Ufer des Lago Maggiore.  Wir zeichnen uns durch eine alte Geschichte aus, die bis ins fr\u00fche 20. Jahrhundert zur\u00fcckreicht, als die Familie De Stefani das Hotel baute und ihm den Namen \u201eHotel Italie\u201c gab\" \/>\n<meta property=\"og:url\" content=\"https:\/\/www.parkhotelitalia.com\/de\/\" \/>\n<meta property=\"og:site_name\" content=\"Park Hotel Italia\" \/>\n<meta property=\"article:modified_time\" content=\"2026-03-06T21:22:36+00:00\" \/>\n<meta name=\"twitter:card\" content=\"summary_large_image\" \/>\n<meta name=\"twitter:label1\" content=\"Gesch\u00e4tzte Lesezeit\" \/>\n\t<meta name=\"twitter:data1\" content=\"1 Minute\" \/>\n<script type=\"application\/ld+json\" class=\"yoast-schema-graph\">{\"@context\":\"https:\/\/schema.org\",\"@graph\":[{\"@type\":\"WebPage\",\"@id\":\"https:\/\/www.parkhotelitalia.com\/de\/\",\"url\":\"https:\/\/www.parkhotelitalia.com\/de\/\",\"name\":\"Park Hotel Italia &#183; Park Hotel Italia &#183;\",\"isPartOf\":{\"@id\":\"https:\/\/www.parkhotelitalia.com\/de\/#website\"},\"datePublished\":\"2023-05-17T14:11:07+00:00\",\"dateModified\":\"2026-03-06T21:22:36+00:00\",\"description\":\"In der N\u00e4he des Seeufers, umgeben von viel Gr\u00fcn und mit einer atemberaubenden Aussicht befindet sich unsere Struktur in Cannero Riviera, einer kleinen Stadt am Ufer des Lago Maggiore. Wir zeichnen uns durch eine alte Geschichte aus, die bis ins fr\u00fche 20. Jahrhundert zur\u00fcckreicht, als die Familie De Stefani das Hotel baute und ihm den Namen \u201eHotel Italie\u201c gab\",\"breadcrumb\":{\"@id\":\"https:\/\/www.parkhotelitalia.com\/de\/#breadcrumb\"},\"inLanguage\":\"de-DE\",\"potentialAction\":[{\"@type\":\"ReadAction\",\"target\":[\"https:\/\/www.parkhotelitalia.com\/de\/\"]}]},{\"@type\":\"BreadcrumbList\",\"@id\":\"https:\/\/www.parkhotelitalia.com\/de\/#breadcrumb\",\"itemListElement\":[{\"@type\":\"ListItem\",\"position\":1,\"name\":\"Home\",\"item\":\"https:\/\/www.parkhotelitalia.com\/de\/\"},{\"@type\":\"ListItem\",\"position\":2,\"name\":\"Park Hotel Italia\"}]},{\"@type\":\"WebSite\",\"@id\":\"https:\/\/www.parkhotelitalia.com\/de\/#website\",\"url\":\"https:\/\/www.parkhotelitalia.com\/de\/\",\"name\":\"Park Hotel Italia\",\"description\":\"\",\"potentialAction\":[{\"@type\":\"SearchAction\",\"target\":{\"@type\":\"EntryPoint\",\"urlTemplate\":\"https:\/\/www.parkhotelitalia.com\/de\/?s={search_term_string}\"},\"query-input\":\"required name=search_term_string\"}],\"inLanguage\":\"de-DE\"}]}<\/script>\n<!-- \/ Yoast SEO plugin. -->","yoast_head_json":{"title":"Park Hotel Italia &#183; Park Hotel Italia &#183;","description":"In der N\u00e4he des Seeufers, umgeben von viel Gr\u00fcn und mit einer atemberaubenden Aussicht befindet sich unsere Struktur in Cannero Riviera, einer kleinen Stadt am Ufer des Lago Maggiore.  Wir zeichnen uns durch eine alte Geschichte aus, die bis ins fr\u00fche 20. Jahrhundert zur\u00fcckreicht, als die Familie De Stefani das Hotel baute und ihm den Namen \u201eHotel Italie\u201c gab","robots":{"index":"index","follow":"follow","max-snippet":"max-snippet:-1","max-image-preview":"max-image-preview:large","max-video-preview":"max-video-preview:-1"},"canonical":"https:\/\/www.parkhotelitalia.com\/de\/","og_locale":"de_DE","og_type":"article","og_title":"Park Hotel Italia &#183; Park Hotel Italia &#183;","og_description":"In der N\u00e4he des Seeufers, umgeben von viel Gr\u00fcn und mit einer atemberaubenden Aussicht befindet sich unsere Struktur in Cannero Riviera, einer kleinen Stadt am Ufer des Lago Maggiore.  Wir zeichnen uns durch eine alte Geschichte aus, die bis ins fr\u00fche 20. Jahrhundert zur\u00fcckreicht, als die Familie De Stefani das Hotel baute und ihm den Namen \u201eHotel Italie\u201c gab","og_url":"https:\/\/www.parkhotelitalia.com\/de\/","og_site_name":"Park Hotel Italia","article_modified_time":"2026-03-06T21:22:36+00:00","twitter_card":"summary_large_image","twitter_misc":{"Gesch\u00e4tzte Lesezeit":"1 Minute"},"schema":{"@context":"https:\/\/schema.org","@graph":[{"@type":"WebPage","@id":"https:\/\/www.parkhotelitalia.com\/de\/","url":"https:\/\/www.parkhotelitalia.com\/de\/","name":"Park Hotel Italia &#183; Park Hotel Italia &#183;","isPartOf":{"@id":"https:\/\/www.parkhotelitalia.com\/de\/#website"},"datePublished":"2023-05-17T14:11:07+00:00","dateModified":"2026-03-06T21:22:36+00:00","description":"In der N\u00e4he des Seeufers, umgeben von viel Gr\u00fcn und mit einer atemberaubenden Aussicht befindet sich unsere Struktur in Cannero Riviera, einer kleinen Stadt am Ufer des Lago Maggiore. Wir zeichnen uns durch eine alte Geschichte aus, die bis ins fr\u00fche 20. Jahrhundert zur\u00fcckreicht, als die Familie De Stefani das Hotel baute und ihm den Namen \u201eHotel Italie\u201c gab","breadcrumb":{"@id":"https:\/\/www.parkhotelitalia.com\/de\/#breadcrumb"},"inLanguage":"de-DE","potentialAction":[{"@type":"ReadAction","target":["https:\/\/www.parkhotelitalia.com\/de\/"]}]},{"@type":"BreadcrumbList","@id":"https:\/\/www.parkhotelitalia.com\/de\/#breadcrumb","itemListElement":[{"@type":"ListItem","position":1,"name":"Home","item":"https:\/\/www.parkhotelitalia.com\/de\/"},{"@type":"ListItem","position":2,"name":"Park Hotel Italia"}]},{"@type":"WebSite","@id":"https:\/\/www.parkhotelitalia.com\/de\/#website","url":"https:\/\/www.parkhotelitalia.com\/de\/","name":"Park Hotel Italia","description":"","potentialAction":[{"@type":"SearchAction","target":{"@type":"EntryPoint","urlTemplate":"https:\/\/www.parkhotelitalia.com\/de\/?s={search_term_string}"},"query-input":"required name=search_term_string"}],"inLanguage":"de-DE"}]}},"acf":[],"_links":{"self":[{"href":"https:\/\/www.parkhotelitalia.com\/de\/wp-json\/wp\/v2\/pages\/292"}],"collection":[{"href":"https:\/\/www.parkhotelitalia.com\/de\/wp-json\/wp\/v2\/pages"}],"about":[{"href":"https:\/\/www.parkhotelitalia.com\/de\/wp-json\/wp\/v2\/types\/page"}],"author":[{"embeddable":true,"href":"https:\/\/www.parkhotelitalia.com\/de\/wp-json\/wp\/v2\/users\/26"}],"replies":[{"embeddable":true,"href":"https:\/\/www.parkhotelitalia.com\/de\/wp-json\/wp\/v2\/comments?post=292"}],"version-history":[{"count":0,"href":"https:\/\/www.parkhotelitalia.com\/de\/wp-json\/wp\/v2\/pages\/292\/revisions"}],"wp:attachment":[{"href":"https:\/\/www.parkhotelitalia.com\/de\/wp-json\/wp\/v2\/media?parent=292"}],"curies":[{"name":"wp","href":"https:\/\/api.w.org\/{rel}","templated":true}]}}