{"id":296,"date":"2023-05-17T15:16:37","date_gmt":"2023-05-17T15:16:37","guid":{"rendered":"https:\/\/parkhotelitalia.ms2.decms.eu\/?page_id=296"},"modified":"2023-05-17T15:25:08","modified_gmt":"2023-05-17T15:25:08","slug":"nautisch","status":"publish","type":"page","link":"https:\/\/www.parkhotelitalia.com\/de\/nautisch\/","title":{"rendered":"Nautisch"},"content":{"rendered":"<p>Ein exklusiver Service f\u00fcr die Kunden unserer Einrichtungen, der es uns erm\u00f6glicht, eine schnelle und individuelle Reise zur Entdeckung des Lago Maggiore zu gew\u00e4hrleisten.<\/p>\n<p>Es gibt zwei Arten von Booten: Boot mit Skipper und Motorboot.<\/p>\n<p>Das Boot wird f\u00fcr die Organisation von Ausfl\u00fcgen genutzt, da es eine Kapazit\u00e4t f\u00fcr bis zu zwanzig Personen bietet und die M\u00f6glichkeit eines Aperitifs an Bord bietet.<\/p>\n<p>Das Motorboot hingegen kann gemietet werden, da zum Fahren kein Bootsf\u00fchrerschein erforderlich ist und bis zu sechs Personen Platz haben.<\/p>\n<p>&nbsp;<\/p>\n<p>\u201eBootfahren\u201c bietet auch einen Anlegeservice an den Bojen an, die in der N\u00e4he des Piers au\u00dferhalb des Geb\u00e4udes angebracht sind. Als Transportshuttle gibt es ein Beiboot mit Elektromotor, alternativ k\u00f6nnen Boote \u00fcber Fallt\u00fcren direkt am Kai festgemacht werden.<\/p>\n","protected":false},"excerpt":{"rendered":"<p>Ein exklusiver Service f\u00fcr die Kunden unserer Einrichtungen, der es uns erm\u00f6glicht, eine schnelle und individuelle Reise zur Entdeckung des Lago Maggiore zu gew\u00e4hrleisten. Es gibt zwei Arten von Booten: Boot mit Skipper und Motorboot. Das Boot wird f\u00fcr die Organisation von Ausfl\u00fcgen genutzt, da es eine Kapazit\u00e4t f\u00fcr bis zu zwanzig Personen bietet und [&hellip;]<\/p>\n","protected":false},"author":26,"featured_media":0,"parent":0,"menu_order":40,"comment_status":"closed","ping_status":"closed","template":"template-nautica.php","meta":{"footnotes":""},"class_list":["post-296","page","type-page","status-publish","hentry"],"yoast_head":"<!-- This site is optimized with the Yoast SEO plugin v27.3 - https:\/\/yoast.com\/product\/yoast-seo-wordpress\/ -->\n<title>Nautisch &#183; Park Hotel Italia &#183;<\/title>\n<meta name=\"description\" content=\"Ein exklusiver Service f\u00fcr die Kunden unserer Einrichtungen, der es uns erm\u00f6glicht, eine schnelle und individuelle Reise zur Entdeckung des Lago Maggiore zu gew\u00e4hrleisten.  Es gibt zwei Arten von Booten: Boot mit Skipper und Motorboot.  Das Boot wird f\u00fcr die Organisation von Ausfl\u00fcgen genutzt, da es eine Kapazit\u00e4t f\u00fcr bis zu zwanzig Personen bietet und die M\u00f6glichkeit eines Aperitifs an Bord bietet.  Das Motorboot hingegen kann gemietet werden, da zum Fahren kein Bootsf\u00fchrerschein erforderlich ist und bis zu sechs Personen Platz haben.  &nbsp;  \u201eBootfahren\u201c bietet auch einen Anlegeservice an den Bojen an, die in der N\u00e4he des Piers au\u00dferhalb des Geb\u00e4udes angebracht sind. Als Transportshuttle gibt es ein Beiboot mit Elektromotor, alternativ k\u00f6nnen Boote \u00fcber Fallt\u00fcren direkt am Kai festgemacht werden.\" \/>\n<meta name=\"robots\" content=\"index, follow, max-snippet:-1, max-image-preview:large, max-video-preview:-1\" \/>\n<link rel=\"canonical\" href=\"https:\/\/www.parkhotelitalia.com\/de\/nautisch\/\" \/>\n<meta property=\"og:locale\" content=\"de_DE\" \/>\n<meta property=\"og:type\" content=\"article\" \/>\n<meta property=\"og:title\" content=\"Nautisch &#183; Park Hotel Italia &#183;\" \/>\n<meta property=\"og:description\" content=\"Ein exklusiver Service f\u00fcr die Kunden unserer Einrichtungen, der es uns erm\u00f6glicht, eine schnelle und individuelle Reise zur Entdeckung des Lago Maggiore zu gew\u00e4hrleisten.  Es gibt zwei Arten von Booten: Boot mit Skipper und Motorboot.  Das Boot wird f\u00fcr die Organisation von Ausfl\u00fcgen genutzt, da es eine Kapazit\u00e4t f\u00fcr bis zu zwanzig Personen bietet und die M\u00f6glichkeit eines Aperitifs an Bord bietet.  Das Motorboot hingegen kann gemietet werden, da zum Fahren kein Bootsf\u00fchrerschein erforderlich ist und bis zu sechs Personen Platz haben.  &nbsp;  \u201eBootfahren\u201c bietet auch einen Anlegeservice an den Bojen an, die in der N\u00e4he des Piers au\u00dferhalb des Geb\u00e4udes angebracht sind. Als Transportshuttle gibt es ein Beiboot mit Elektromotor, alternativ k\u00f6nnen Boote \u00fcber Fallt\u00fcren direkt am Kai festgemacht werden.\" \/>\n<meta property=\"og:url\" content=\"https:\/\/www.parkhotelitalia.com\/de\/nautisch\/\" \/>\n<meta property=\"og:site_name\" content=\"Park Hotel Italia\" \/>\n<meta property=\"article:modified_time\" content=\"2023-05-17T15:25:08+00:00\" \/>\n<meta name=\"twitter:card\" content=\"summary_large_image\" \/>\n<meta name=\"twitter:label1\" content=\"Gesch\u00e4tzte Lesezeit\" \/>\n\t<meta name=\"twitter:data1\" content=\"1 Minute\" \/>\n<script type=\"application\/ld+json\" class=\"yoast-schema-graph\">{\"@context\":\"https:\\\/\\\/schema.org\",\"@graph\":[{\"@type\":\"WebPage\",\"@id\":\"https:\\\/\\\/www.parkhotelitalia.com\\\/de\\\/nautisch\\\/\",\"url\":\"https:\\\/\\\/www.parkhotelitalia.com\\\/de\\\/nautisch\\\/\",\"name\":\"Nautisch &#183; Park Hotel Italia &#183;\",\"isPartOf\":{\"@id\":\"https:\\\/\\\/www.parkhotelitalia.com\\\/de\\\/#website\"},\"datePublished\":\"2023-05-17T15:16:37+00:00\",\"dateModified\":\"2023-05-17T15:25:08+00:00\",\"description\":\"Ein exklusiver Service f\u00fcr die Kunden unserer Einrichtungen, der es uns erm\u00f6glicht, eine schnelle und individuelle Reise zur Entdeckung des Lago Maggiore zu gew\u00e4hrleisten. Es gibt zwei Arten von Booten: Boot mit Skipper und Motorboot. Das Boot wird f\u00fcr die Organisation von Ausfl\u00fcgen genutzt, da es eine Kapazit\u00e4t f\u00fcr bis zu zwanzig Personen bietet und die M\u00f6glichkeit eines Aperitifs an Bord bietet. Das Motorboot hingegen kann gemietet werden, da zum Fahren kein Bootsf\u00fchrerschein erforderlich ist und bis zu sechs Personen Platz haben. &nbsp; \u201eBootfahren\u201c bietet auch einen Anlegeservice an den Bojen an, die in der N\u00e4he des Piers au\u00dferhalb des Geb\u00e4udes angebracht sind. Als Transportshuttle gibt es ein Beiboot mit Elektromotor, alternativ k\u00f6nnen Boote \u00fcber Fallt\u00fcren direkt am Kai festgemacht werden.\",\"breadcrumb\":{\"@id\":\"https:\\\/\\\/www.parkhotelitalia.com\\\/de\\\/nautisch\\\/#breadcrumb\"},\"inLanguage\":\"de-DE\",\"potentialAction\":[{\"@type\":\"ReadAction\",\"target\":[\"https:\\\/\\\/www.parkhotelitalia.com\\\/de\\\/nautisch\\\/\"]}]},{\"@type\":\"BreadcrumbList\",\"@id\":\"https:\\\/\\\/www.parkhotelitalia.com\\\/de\\\/nautisch\\\/#breadcrumb\",\"itemListElement\":[{\"@type\":\"ListItem\",\"position\":1,\"name\":\"Home\",\"item\":\"https:\\\/\\\/www.parkhotelitalia.com\\\/de\\\/\"},{\"@type\":\"ListItem\",\"position\":2,\"name\":\"Nautisch\"}]},{\"@type\":\"WebSite\",\"@id\":\"https:\\\/\\\/www.parkhotelitalia.com\\\/de\\\/#website\",\"url\":\"https:\\\/\\\/www.parkhotelitalia.com\\\/de\\\/\",\"name\":\"Park Hotel Italia\",\"description\":\"\",\"potentialAction\":[{\"@type\":\"SearchAction\",\"target\":{\"@type\":\"EntryPoint\",\"urlTemplate\":\"https:\\\/\\\/www.parkhotelitalia.com\\\/de\\\/?s={search_term_string}\"},\"query-input\":{\"@type\":\"PropertyValueSpecification\",\"valueRequired\":true,\"valueName\":\"search_term_string\"}}],\"inLanguage\":\"de-DE\"}]}<\/script>\n<!-- \/ Yoast SEO plugin. -->","yoast_head_json":{"title":"Nautisch &#183; Park Hotel Italia &#183;","description":"Ein exklusiver Service f\u00fcr die Kunden unserer Einrichtungen, der es uns erm\u00f6glicht, eine schnelle und individuelle Reise zur Entdeckung des Lago Maggiore zu gew\u00e4hrleisten.  Es gibt zwei Arten von Booten: Boot mit Skipper und Motorboot.  Das Boot wird f\u00fcr die Organisation von Ausfl\u00fcgen genutzt, da es eine Kapazit\u00e4t f\u00fcr bis zu zwanzig Personen bietet und die M\u00f6glichkeit eines Aperitifs an Bord bietet.  Das Motorboot hingegen kann gemietet werden, da zum Fahren kein Bootsf\u00fchrerschein erforderlich ist und bis zu sechs Personen Platz haben.  &nbsp;  \u201eBootfahren\u201c bietet auch einen Anlegeservice an den Bojen an, die in der N\u00e4he des Piers au\u00dferhalb des Geb\u00e4udes angebracht sind. Als Transportshuttle gibt es ein Beiboot mit Elektromotor, alternativ k\u00f6nnen Boote \u00fcber Fallt\u00fcren direkt am Kai festgemacht werden.","robots":{"index":"index","follow":"follow","max-snippet":"max-snippet:-1","max-image-preview":"max-image-preview:large","max-video-preview":"max-video-preview:-1"},"canonical":"https:\/\/www.parkhotelitalia.com\/de\/nautisch\/","og_locale":"de_DE","og_type":"article","og_title":"Nautisch &#183; Park Hotel Italia &#183;","og_description":"Ein exklusiver Service f\u00fcr die Kunden unserer Einrichtungen, der es uns erm\u00f6glicht, eine schnelle und individuelle Reise zur Entdeckung des Lago Maggiore zu gew\u00e4hrleisten.  Es gibt zwei Arten von Booten: Boot mit Skipper und Motorboot.  Das Boot wird f\u00fcr die Organisation von Ausfl\u00fcgen genutzt, da es eine Kapazit\u00e4t f\u00fcr bis zu zwanzig Personen bietet und die M\u00f6glichkeit eines Aperitifs an Bord bietet.  Das Motorboot hingegen kann gemietet werden, da zum Fahren kein Bootsf\u00fchrerschein erforderlich ist und bis zu sechs Personen Platz haben.  &nbsp;  \u201eBootfahren\u201c bietet auch einen Anlegeservice an den Bojen an, die in der N\u00e4he des Piers au\u00dferhalb des Geb\u00e4udes angebracht sind. Als Transportshuttle gibt es ein Beiboot mit Elektromotor, alternativ k\u00f6nnen Boote \u00fcber Fallt\u00fcren direkt am Kai festgemacht werden.","og_url":"https:\/\/www.parkhotelitalia.com\/de\/nautisch\/","og_site_name":"Park Hotel Italia","article_modified_time":"2023-05-17T15:25:08+00:00","twitter_card":"summary_large_image","twitter_misc":{"Gesch\u00e4tzte Lesezeit":"1 Minute"},"schema":{"@context":"https:\/\/schema.org","@graph":[{"@type":"WebPage","@id":"https:\/\/www.parkhotelitalia.com\/de\/nautisch\/","url":"https:\/\/www.parkhotelitalia.com\/de\/nautisch\/","name":"Nautisch &#183; Park Hotel Italia &#183;","isPartOf":{"@id":"https:\/\/www.parkhotelitalia.com\/de\/#website"},"datePublished":"2023-05-17T15:16:37+00:00","dateModified":"2023-05-17T15:25:08+00:00","description":"Ein exklusiver Service f\u00fcr die Kunden unserer Einrichtungen, der es uns erm\u00f6glicht, eine schnelle und individuelle Reise zur Entdeckung des Lago Maggiore zu gew\u00e4hrleisten. Es gibt zwei Arten von Booten: Boot mit Skipper und Motorboot. Das Boot wird f\u00fcr die Organisation von Ausfl\u00fcgen genutzt, da es eine Kapazit\u00e4t f\u00fcr bis zu zwanzig Personen bietet und die M\u00f6glichkeit eines Aperitifs an Bord bietet. Das Motorboot hingegen kann gemietet werden, da zum Fahren kein Bootsf\u00fchrerschein erforderlich ist und bis zu sechs Personen Platz haben. &nbsp; \u201eBootfahren\u201c bietet auch einen Anlegeservice an den Bojen an, die in der N\u00e4he des Piers au\u00dferhalb des Geb\u00e4udes angebracht sind. Als Transportshuttle gibt es ein Beiboot mit Elektromotor, alternativ k\u00f6nnen Boote \u00fcber Fallt\u00fcren direkt am Kai festgemacht werden.","breadcrumb":{"@id":"https:\/\/www.parkhotelitalia.com\/de\/nautisch\/#breadcrumb"},"inLanguage":"de-DE","potentialAction":[{"@type":"ReadAction","target":["https:\/\/www.parkhotelitalia.com\/de\/nautisch\/"]}]},{"@type":"BreadcrumbList","@id":"https:\/\/www.parkhotelitalia.com\/de\/nautisch\/#breadcrumb","itemListElement":[{"@type":"ListItem","position":1,"name":"Home","item":"https:\/\/www.parkhotelitalia.com\/de\/"},{"@type":"ListItem","position":2,"name":"Nautisch"}]},{"@type":"WebSite","@id":"https:\/\/www.parkhotelitalia.com\/de\/#website","url":"https:\/\/www.parkhotelitalia.com\/de\/","name":"Park Hotel Italia","description":"","potentialAction":[{"@type":"SearchAction","target":{"@type":"EntryPoint","urlTemplate":"https:\/\/www.parkhotelitalia.com\/de\/?s={search_term_string}"},"query-input":{"@type":"PropertyValueSpecification","valueRequired":true,"valueName":"search_term_string"}}],"inLanguage":"de-DE"}]}},"acf":[],"_links":{"self":[{"href":"https:\/\/www.parkhotelitalia.com\/de\/wp-json\/wp\/v2\/pages\/296","targetHints":{"allow":["GET"]}}],"collection":[{"href":"https:\/\/www.parkhotelitalia.com\/de\/wp-json\/wp\/v2\/pages"}],"about":[{"href":"https:\/\/www.parkhotelitalia.com\/de\/wp-json\/wp\/v2\/types\/page"}],"author":[{"embeddable":true,"href":"https:\/\/www.parkhotelitalia.com\/de\/wp-json\/wp\/v2\/users\/26"}],"replies":[{"embeddable":true,"href":"https:\/\/www.parkhotelitalia.com\/de\/wp-json\/wp\/v2\/comments?post=296"}],"version-history":[{"count":0,"href":"https:\/\/www.parkhotelitalia.com\/de\/wp-json\/wp\/v2\/pages\/296\/revisions"}],"wp:attachment":[{"href":"https:\/\/www.parkhotelitalia.com\/de\/wp-json\/wp\/v2\/media?parent=296"}],"curies":[{"name":"wp","href":"https:\/\/api.w.org\/{rel}","templated":true}]}}