{"id":306,"date":"2023-05-17T15:28:54","date_gmt":"2023-05-17T15:28:54","guid":{"rendered":"https:\/\/parkhotelitalia.ms2.decms.eu\/?page_id=306"},"modified":"2023-05-17T15:29:16","modified_gmt":"2023-05-17T15:29:16","slug":"tennis","status":"publish","type":"page","link":"https:\/\/www.parkhotelitalia.com\/de\/dienstleistungen\/tennis\/","title":{"rendered":"Tennis"},"content":{"rendered":"<p>Ein gro\u00dfer Sandtennisplatz unweit des Geb\u00e4udes hei\u00dft alle Kunden willkommen, die Sport und Bewegung lieben. Ein Lehrer steht jederzeit f\u00fcr Unterricht oder einfach f\u00fcr ein angenehmes Spiel zur Verf\u00fcgung.<\/p>\n<p>Es kann an der Rezeption oder \u00fcber die Website\u00a0 <a href=\"http:\/\/www.tenniscannero.com\">www.tenniscannero.com<\/a><\/p>\n","protected":false},"excerpt":{"rendered":"<p>Ein gro\u00dfer Sandtennisplatz unweit des Geb\u00e4udes hei\u00dft alle Kunden willkommen, die Sport und Bewegung lieben. Ein Lehrer steht jederzeit f\u00fcr Unterricht oder einfach f\u00fcr ein angenehmes Spiel zur Verf\u00fcgung. Es kann an der Rezeption oder \u00fcber die Website\u00a0 www.tenniscannero.com<\/p>\n","protected":false},"author":26,"featured_media":0,"parent":480,"menu_order":50,"comment_status":"closed","ping_status":"closed","template":"template-single-service.php","meta":{"footnotes":""},"yoast_head":"<!-- This site is optimized with the Yoast SEO plugin v22.3 - https:\/\/yoast.com\/wordpress\/plugins\/seo\/ -->\n<title>Tennis &#183; Park Hotel Italia &#183;<\/title>\n<meta name=\"description\" content=\"Ein gro\u00dfer Sandtennisplatz unweit des Geb\u00e4udes hei\u00dft alle Kunden willkommen, die Sport und Bewegung lieben. Ein Lehrer steht jederzeit f\u00fcr Unterricht oder einfach f\u00fcr ein angenehmes Spiel zur Verf\u00fcgung.  Es kann an der Rezeption oder \u00fcber die Website\u00a0 www.tenniscannero.com\" \/>\n<meta name=\"robots\" content=\"index, follow, max-snippet:-1, max-image-preview:large, max-video-preview:-1\" \/>\n<link rel=\"canonical\" href=\"https:\/\/www.parkhotelitalia.com\/de\/dienstleistungen\/tennis\/\" \/>\n<meta property=\"og:locale\" content=\"de_DE\" \/>\n<meta property=\"og:type\" content=\"article\" \/>\n<meta property=\"og:title\" content=\"Tennis &#183; Park Hotel Italia &#183;\" \/>\n<meta property=\"og:description\" content=\"Ein gro\u00dfer Sandtennisplatz unweit des Geb\u00e4udes hei\u00dft alle Kunden willkommen, die Sport und Bewegung lieben. Ein Lehrer steht jederzeit f\u00fcr Unterricht oder einfach f\u00fcr ein angenehmes Spiel zur Verf\u00fcgung.  Es kann an der Rezeption oder \u00fcber die Website\u00a0 www.tenniscannero.com\" \/>\n<meta property=\"og:url\" content=\"https:\/\/www.parkhotelitalia.com\/de\/dienstleistungen\/tennis\/\" \/>\n<meta property=\"og:site_name\" content=\"Park Hotel Italia\" \/>\n<meta property=\"article:modified_time\" content=\"2023-05-17T15:29:16+00:00\" \/>\n<meta name=\"twitter:card\" content=\"summary_large_image\" \/>\n<meta name=\"twitter:label1\" content=\"Gesch\u00e4tzte Lesezeit\" \/>\n\t<meta name=\"twitter:data1\" content=\"1 Minute\" \/>\n<script type=\"application\/ld+json\" class=\"yoast-schema-graph\">{\"@context\":\"https:\/\/schema.org\",\"@graph\":[{\"@type\":\"WebPage\",\"@id\":\"https:\/\/www.parkhotelitalia.com\/de\/dienstleistungen\/tennis\/\",\"url\":\"https:\/\/www.parkhotelitalia.com\/de\/dienstleistungen\/tennis\/\",\"name\":\"Tennis &#183; Park Hotel Italia &#183;\",\"isPartOf\":{\"@id\":\"https:\/\/www.parkhotelitalia.com\/de\/#website\"},\"datePublished\":\"2023-05-17T15:28:54+00:00\",\"dateModified\":\"2023-05-17T15:29:16+00:00\",\"description\":\"Ein gro\u00dfer Sandtennisplatz unweit des Geb\u00e4udes hei\u00dft alle Kunden willkommen, die Sport und Bewegung lieben. Ein Lehrer steht jederzeit f\u00fcr Unterricht oder einfach f\u00fcr ein angenehmes Spiel zur Verf\u00fcgung. Es kann an der Rezeption oder \u00fcber die Website\u00a0 www.tenniscannero.com\",\"breadcrumb\":{\"@id\":\"https:\/\/www.parkhotelitalia.com\/de\/dienstleistungen\/tennis\/#breadcrumb\"},\"inLanguage\":\"de-DE\",\"potentialAction\":[{\"@type\":\"ReadAction\",\"target\":[\"https:\/\/www.parkhotelitalia.com\/de\/dienstleistungen\/tennis\/\"]}]},{\"@type\":\"BreadcrumbList\",\"@id\":\"https:\/\/www.parkhotelitalia.com\/de\/dienstleistungen\/tennis\/#breadcrumb\",\"itemListElement\":[{\"@type\":\"ListItem\",\"position\":1,\"name\":\"Home\",\"item\":\"https:\/\/www.parkhotelitalia.com\/de\/\"},{\"@type\":\"ListItem\",\"position\":2,\"name\":\"Dienstleistungen\",\"item\":\"https:\/\/www.parkhotelitalia.com\/de\/dienstleistungen\/\"},{\"@type\":\"ListItem\",\"position\":3,\"name\":\"Tennis\"}]},{\"@type\":\"WebSite\",\"@id\":\"https:\/\/www.parkhotelitalia.com\/de\/#website\",\"url\":\"https:\/\/www.parkhotelitalia.com\/de\/\",\"name\":\"Park Hotel Italia\",\"description\":\"\",\"potentialAction\":[{\"@type\":\"SearchAction\",\"target\":{\"@type\":\"EntryPoint\",\"urlTemplate\":\"https:\/\/www.parkhotelitalia.com\/de\/?s={search_term_string}\"},\"query-input\":\"required name=search_term_string\"}],\"inLanguage\":\"de-DE\"}]}<\/script>\n<!-- \/ Yoast SEO plugin. -->","yoast_head_json":{"title":"Tennis &#183; Park Hotel Italia &#183;","description":"Ein gro\u00dfer Sandtennisplatz unweit des Geb\u00e4udes hei\u00dft alle Kunden willkommen, die Sport und Bewegung lieben. Ein Lehrer steht jederzeit f\u00fcr Unterricht oder einfach f\u00fcr ein angenehmes Spiel zur Verf\u00fcgung.  Es kann an der Rezeption oder \u00fcber die Website\u00a0 www.tenniscannero.com","robots":{"index":"index","follow":"follow","max-snippet":"max-snippet:-1","max-image-preview":"max-image-preview:large","max-video-preview":"max-video-preview:-1"},"canonical":"https:\/\/www.parkhotelitalia.com\/de\/dienstleistungen\/tennis\/","og_locale":"de_DE","og_type":"article","og_title":"Tennis &#183; Park Hotel Italia &#183;","og_description":"Ein gro\u00dfer Sandtennisplatz unweit des Geb\u00e4udes hei\u00dft alle Kunden willkommen, die Sport und Bewegung lieben. Ein Lehrer steht jederzeit f\u00fcr Unterricht oder einfach f\u00fcr ein angenehmes Spiel zur Verf\u00fcgung.  Es kann an der Rezeption oder \u00fcber die Website\u00a0 www.tenniscannero.com","og_url":"https:\/\/www.parkhotelitalia.com\/de\/dienstleistungen\/tennis\/","og_site_name":"Park Hotel Italia","article_modified_time":"2023-05-17T15:29:16+00:00","twitter_card":"summary_large_image","twitter_misc":{"Gesch\u00e4tzte Lesezeit":"1 Minute"},"schema":{"@context":"https:\/\/schema.org","@graph":[{"@type":"WebPage","@id":"https:\/\/www.parkhotelitalia.com\/de\/dienstleistungen\/tennis\/","url":"https:\/\/www.parkhotelitalia.com\/de\/dienstleistungen\/tennis\/","name":"Tennis &#183; Park Hotel Italia &#183;","isPartOf":{"@id":"https:\/\/www.parkhotelitalia.com\/de\/#website"},"datePublished":"2023-05-17T15:28:54+00:00","dateModified":"2023-05-17T15:29:16+00:00","description":"Ein gro\u00dfer Sandtennisplatz unweit des Geb\u00e4udes hei\u00dft alle Kunden willkommen, die Sport und Bewegung lieben. Ein Lehrer steht jederzeit f\u00fcr Unterricht oder einfach f\u00fcr ein angenehmes Spiel zur Verf\u00fcgung. Es kann an der Rezeption oder \u00fcber die Website\u00a0 www.tenniscannero.com","breadcrumb":{"@id":"https:\/\/www.parkhotelitalia.com\/de\/dienstleistungen\/tennis\/#breadcrumb"},"inLanguage":"de-DE","potentialAction":[{"@type":"ReadAction","target":["https:\/\/www.parkhotelitalia.com\/de\/dienstleistungen\/tennis\/"]}]},{"@type":"BreadcrumbList","@id":"https:\/\/www.parkhotelitalia.com\/de\/dienstleistungen\/tennis\/#breadcrumb","itemListElement":[{"@type":"ListItem","position":1,"name":"Home","item":"https:\/\/www.parkhotelitalia.com\/de\/"},{"@type":"ListItem","position":2,"name":"Dienstleistungen","item":"https:\/\/www.parkhotelitalia.com\/de\/dienstleistungen\/"},{"@type":"ListItem","position":3,"name":"Tennis"}]},{"@type":"WebSite","@id":"https:\/\/www.parkhotelitalia.com\/de\/#website","url":"https:\/\/www.parkhotelitalia.com\/de\/","name":"Park Hotel Italia","description":"","potentialAction":[{"@type":"SearchAction","target":{"@type":"EntryPoint","urlTemplate":"https:\/\/www.parkhotelitalia.com\/de\/?s={search_term_string}"},"query-input":"required name=search_term_string"}],"inLanguage":"de-DE"}]}},"acf":[],"_links":{"self":[{"href":"https:\/\/www.parkhotelitalia.com\/de\/wp-json\/wp\/v2\/pages\/306"}],"collection":[{"href":"https:\/\/www.parkhotelitalia.com\/de\/wp-json\/wp\/v2\/pages"}],"about":[{"href":"https:\/\/www.parkhotelitalia.com\/de\/wp-json\/wp\/v2\/types\/page"}],"author":[{"embeddable":true,"href":"https:\/\/www.parkhotelitalia.com\/de\/wp-json\/wp\/v2\/users\/26"}],"replies":[{"embeddable":true,"href":"https:\/\/www.parkhotelitalia.com\/de\/wp-json\/wp\/v2\/comments?post=306"}],"version-history":[{"count":0,"href":"https:\/\/www.parkhotelitalia.com\/de\/wp-json\/wp\/v2\/pages\/306\/revisions"}],"up":[{"embeddable":true,"href":"https:\/\/www.parkhotelitalia.com\/de\/wp-json\/wp\/v2\/pages\/480"}],"wp:attachment":[{"href":"https:\/\/www.parkhotelitalia.com\/de\/wp-json\/wp\/v2\/media?parent=306"}],"curies":[{"name":"wp","href":"https:\/\/api.w.org\/{rel}","templated":true}]}}