{"id":311,"date":"2023-05-17T15:36:00","date_gmt":"2023-05-17T15:36:00","guid":{"rendered":"https:\/\/parkhotelitalia.ms2.decms.eu\/?page_id=311"},"modified":"2023-05-17T15:36:00","modified_gmt":"2023-05-17T15:36:00","slug":"gruene-mobilitaet","status":"publish","type":"page","link":"https:\/\/www.parkhotelitalia.com\/de\/dienstleistungen\/gruene-mobilitaet\/","title":{"rendered":"Gr\u00fcne mobilit\u00e4t"},"content":{"rendered":"<p>Die Aufmerksamkeit f\u00fcr die Umwelt und die \u00f6kologische Nachhaltigkeit zeichnen uns seit jeher aus. Hier entstand der Service Green Mobility, der das Aufladen von Autos und den Verleih von Elektrofahrr\u00e4dern umfasst.<\/p>\n<p><em><strong>Auto aufladen<\/strong><\/em><br \/>\nDurch das Autoladen haben Kunden die M\u00f6glichkeit, ihr Elektro- oder Hybridauto aufzuladen. Es gibt zwei S\u00e4ulen mit jeweils zwei separaten TYP-2-Steckdosen mit einer maximalen Leistung von 22 kW, was etwa 2 Stunden Stillstand f\u00fcr eine vollst\u00e4ndige Aufladung entspricht.<\/p>\n<p><em><strong>Elektrofahrradverleih<\/strong><\/em><br \/>\nIn unserer Einrichtung ist es durch Kontaktaufnahme mit unseren Mitarbeitern m\u00f6glich, verschiedene Arten von Fahrr\u00e4dern zu mieten<\/p>\n<p>Ihre Anmietung unterliegt der Verf\u00fcgbarkeit und muss 24 Stunden im Voraus angefragt werden.<\/p>\n","protected":false},"excerpt":{"rendered":"<p>Die Aufmerksamkeit f\u00fcr die Umwelt und die \u00f6kologische Nachhaltigkeit zeichnen uns seit jeher aus. Hier entstand der Service Green Mobility, der das Aufladen von Autos und den Verleih von Elektrofahrr\u00e4dern umfasst. Auto aufladen Durch das Autoladen haben Kunden die M\u00f6glichkeit, ihr Elektro- oder Hybridauto aufzuladen. Es gibt zwei S\u00e4ulen mit jeweils zwei separaten TYP-2-Steckdosen mit [&hellip;]<\/p>\n","protected":false},"author":26,"featured_media":0,"parent":480,"menu_order":60,"comment_status":"closed","ping_status":"closed","template":"template-single-service.php","meta":{"footnotes":""},"yoast_head":"<!-- This site is optimized with the Yoast SEO plugin v22.3 - https:\/\/yoast.com\/wordpress\/plugins\/seo\/ -->\n<title>Gr\u00fcne mobilit\u00e4t &#183; Park Hotel Italia &#183;<\/title>\n<meta name=\"description\" content=\"Die Aufmerksamkeit f\u00fcr die Umwelt und die \u00f6kologische Nachhaltigkeit zeichnen uns seit jeher aus. Hier entstand der Service Green Mobility, der das Aufladen von Autos und den Verleih von Elektrofahrr\u00e4dern umfasst.  Auto aufladen Durch das Autoladen haben Kunden die M\u00f6glichkeit, ihr Elektro- oder Hybridauto aufzuladen\" \/>\n<meta name=\"robots\" content=\"index, follow, max-snippet:-1, max-image-preview:large, max-video-preview:-1\" \/>\n<link rel=\"canonical\" href=\"https:\/\/www.parkhotelitalia.com\/de\/dienstleistungen\/gruene-mobilitaet\/\" \/>\n<meta property=\"og:locale\" content=\"de_DE\" \/>\n<meta property=\"og:type\" content=\"article\" \/>\n<meta property=\"og:title\" content=\"Gr\u00fcne mobilit\u00e4t &#183; Park Hotel Italia &#183;\" \/>\n<meta property=\"og:description\" content=\"Die Aufmerksamkeit f\u00fcr die Umwelt und die \u00f6kologische Nachhaltigkeit zeichnen uns seit jeher aus. Hier entstand der Service Green Mobility, der das Aufladen von Autos und den Verleih von Elektrofahrr\u00e4dern umfasst.  Auto aufladen Durch das Autoladen haben Kunden die M\u00f6glichkeit, ihr Elektro- oder Hybridauto aufzuladen\" \/>\n<meta property=\"og:url\" content=\"https:\/\/www.parkhotelitalia.com\/de\/dienstleistungen\/gruene-mobilitaet\/\" \/>\n<meta property=\"og:site_name\" content=\"Park Hotel Italia\" \/>\n<meta name=\"twitter:card\" content=\"summary_large_image\" \/>\n<meta name=\"twitter:label1\" content=\"Gesch\u00e4tzte Lesezeit\" \/>\n\t<meta name=\"twitter:data1\" content=\"1 Minute\" \/>\n<script type=\"application\/ld+json\" class=\"yoast-schema-graph\">{\"@context\":\"https:\/\/schema.org\",\"@graph\":[{\"@type\":\"WebPage\",\"@id\":\"https:\/\/www.parkhotelitalia.com\/de\/dienstleistungen\/gruene-mobilitaet\/\",\"url\":\"https:\/\/www.parkhotelitalia.com\/de\/dienstleistungen\/gruene-mobilitaet\/\",\"name\":\"Gr\u00fcne mobilit\u00e4t &#183; Park Hotel Italia &#183;\",\"isPartOf\":{\"@id\":\"https:\/\/www.parkhotelitalia.com\/de\/#website\"},\"datePublished\":\"2023-05-17T15:36:00+00:00\",\"dateModified\":\"2023-05-17T15:36:00+00:00\",\"description\":\"Die Aufmerksamkeit f\u00fcr die Umwelt und die \u00f6kologische Nachhaltigkeit zeichnen uns seit jeher aus. Hier entstand der Service Green Mobility, der das Aufladen von Autos und den Verleih von Elektrofahrr\u00e4dern umfasst. Auto aufladen Durch das Autoladen haben Kunden die M\u00f6glichkeit, ihr Elektro- oder Hybridauto aufzuladen\",\"breadcrumb\":{\"@id\":\"https:\/\/www.parkhotelitalia.com\/de\/dienstleistungen\/gruene-mobilitaet\/#breadcrumb\"},\"inLanguage\":\"de-DE\",\"potentialAction\":[{\"@type\":\"ReadAction\",\"target\":[\"https:\/\/www.parkhotelitalia.com\/de\/dienstleistungen\/gruene-mobilitaet\/\"]}]},{\"@type\":\"BreadcrumbList\",\"@id\":\"https:\/\/www.parkhotelitalia.com\/de\/dienstleistungen\/gruene-mobilitaet\/#breadcrumb\",\"itemListElement\":[{\"@type\":\"ListItem\",\"position\":1,\"name\":\"Home\",\"item\":\"https:\/\/www.parkhotelitalia.com\/de\/\"},{\"@type\":\"ListItem\",\"position\":2,\"name\":\"Dienstleistungen\",\"item\":\"https:\/\/www.parkhotelitalia.com\/de\/dienstleistungen\/\"},{\"@type\":\"ListItem\",\"position\":3,\"name\":\"Gr\u00fcne mobilit\u00e4t\"}]},{\"@type\":\"WebSite\",\"@id\":\"https:\/\/www.parkhotelitalia.com\/de\/#website\",\"url\":\"https:\/\/www.parkhotelitalia.com\/de\/\",\"name\":\"Park Hotel Italia\",\"description\":\"\",\"potentialAction\":[{\"@type\":\"SearchAction\",\"target\":{\"@type\":\"EntryPoint\",\"urlTemplate\":\"https:\/\/www.parkhotelitalia.com\/de\/?s={search_term_string}\"},\"query-input\":\"required name=search_term_string\"}],\"inLanguage\":\"de-DE\"}]}<\/script>\n<!-- \/ Yoast SEO plugin. -->","yoast_head_json":{"title":"Gr\u00fcne mobilit\u00e4t &#183; Park Hotel Italia &#183;","description":"Die Aufmerksamkeit f\u00fcr die Umwelt und die \u00f6kologische Nachhaltigkeit zeichnen uns seit jeher aus. Hier entstand der Service Green Mobility, der das Aufladen von Autos und den Verleih von Elektrofahrr\u00e4dern umfasst.  Auto aufladen Durch das Autoladen haben Kunden die M\u00f6glichkeit, ihr Elektro- oder Hybridauto aufzuladen","robots":{"index":"index","follow":"follow","max-snippet":"max-snippet:-1","max-image-preview":"max-image-preview:large","max-video-preview":"max-video-preview:-1"},"canonical":"https:\/\/www.parkhotelitalia.com\/de\/dienstleistungen\/gruene-mobilitaet\/","og_locale":"de_DE","og_type":"article","og_title":"Gr\u00fcne mobilit\u00e4t &#183; Park Hotel Italia &#183;","og_description":"Die Aufmerksamkeit f\u00fcr die Umwelt und die \u00f6kologische Nachhaltigkeit zeichnen uns seit jeher aus. Hier entstand der Service Green Mobility, der das Aufladen von Autos und den Verleih von Elektrofahrr\u00e4dern umfasst.  Auto aufladen Durch das Autoladen haben Kunden die M\u00f6glichkeit, ihr Elektro- oder Hybridauto aufzuladen","og_url":"https:\/\/www.parkhotelitalia.com\/de\/dienstleistungen\/gruene-mobilitaet\/","og_site_name":"Park Hotel Italia","twitter_card":"summary_large_image","twitter_misc":{"Gesch\u00e4tzte Lesezeit":"1 Minute"},"schema":{"@context":"https:\/\/schema.org","@graph":[{"@type":"WebPage","@id":"https:\/\/www.parkhotelitalia.com\/de\/dienstleistungen\/gruene-mobilitaet\/","url":"https:\/\/www.parkhotelitalia.com\/de\/dienstleistungen\/gruene-mobilitaet\/","name":"Gr\u00fcne mobilit\u00e4t &#183; Park Hotel Italia &#183;","isPartOf":{"@id":"https:\/\/www.parkhotelitalia.com\/de\/#website"},"datePublished":"2023-05-17T15:36:00+00:00","dateModified":"2023-05-17T15:36:00+00:00","description":"Die Aufmerksamkeit f\u00fcr die Umwelt und die \u00f6kologische Nachhaltigkeit zeichnen uns seit jeher aus. Hier entstand der Service Green Mobility, der das Aufladen von Autos und den Verleih von Elektrofahrr\u00e4dern umfasst. Auto aufladen Durch das Autoladen haben Kunden die M\u00f6glichkeit, ihr Elektro- oder Hybridauto aufzuladen","breadcrumb":{"@id":"https:\/\/www.parkhotelitalia.com\/de\/dienstleistungen\/gruene-mobilitaet\/#breadcrumb"},"inLanguage":"de-DE","potentialAction":[{"@type":"ReadAction","target":["https:\/\/www.parkhotelitalia.com\/de\/dienstleistungen\/gruene-mobilitaet\/"]}]},{"@type":"BreadcrumbList","@id":"https:\/\/www.parkhotelitalia.com\/de\/dienstleistungen\/gruene-mobilitaet\/#breadcrumb","itemListElement":[{"@type":"ListItem","position":1,"name":"Home","item":"https:\/\/www.parkhotelitalia.com\/de\/"},{"@type":"ListItem","position":2,"name":"Dienstleistungen","item":"https:\/\/www.parkhotelitalia.com\/de\/dienstleistungen\/"},{"@type":"ListItem","position":3,"name":"Gr\u00fcne mobilit\u00e4t"}]},{"@type":"WebSite","@id":"https:\/\/www.parkhotelitalia.com\/de\/#website","url":"https:\/\/www.parkhotelitalia.com\/de\/","name":"Park Hotel Italia","description":"","potentialAction":[{"@type":"SearchAction","target":{"@type":"EntryPoint","urlTemplate":"https:\/\/www.parkhotelitalia.com\/de\/?s={search_term_string}"},"query-input":"required name=search_term_string"}],"inLanguage":"de-DE"}]}},"acf":[],"_links":{"self":[{"href":"https:\/\/www.parkhotelitalia.com\/de\/wp-json\/wp\/v2\/pages\/311"}],"collection":[{"href":"https:\/\/www.parkhotelitalia.com\/de\/wp-json\/wp\/v2\/pages"}],"about":[{"href":"https:\/\/www.parkhotelitalia.com\/de\/wp-json\/wp\/v2\/types\/page"}],"author":[{"embeddable":true,"href":"https:\/\/www.parkhotelitalia.com\/de\/wp-json\/wp\/v2\/users\/26"}],"replies":[{"embeddable":true,"href":"https:\/\/www.parkhotelitalia.com\/de\/wp-json\/wp\/v2\/comments?post=311"}],"version-history":[{"count":0,"href":"https:\/\/www.parkhotelitalia.com\/de\/wp-json\/wp\/v2\/pages\/311\/revisions"}],"up":[{"embeddable":true,"href":"https:\/\/www.parkhotelitalia.com\/de\/wp-json\/wp\/v2\/pages\/480"}],"wp:attachment":[{"href":"https:\/\/www.parkhotelitalia.com\/de\/wp-json\/wp\/v2\/media?parent=311"}],"curies":[{"name":"wp","href":"https:\/\/api.w.org\/{rel}","templated":true}]}}