{"id":314,"date":"2023-05-17T15:40:38","date_gmt":"2023-05-17T15:40:38","guid":{"rendered":"https:\/\/parkhotelitalia.ms2.decms.eu\/?page_id=314"},"modified":"2026-05-08T13:56:31","modified_gmt":"2026-05-08T13:56:31","slug":"olea-fragrans-restaurant","status":"publish","type":"page","link":"https:\/\/www.parkhotelitalia.com\/de\/olea-fragrans-restaurant\/","title":{"rendered":"Olea Fragrans Restaurant"},"content":{"rendered":"<p>Das Restaurant hat seinen Namen von den beiden alten Olea-Fragrans-B\u00e4umen im Au\u00dfenbereich, die duften und der Terrasse mit Blick auf den See Schatten spenden.<\/p>\n<p>Hier k\u00f6nnen Sie die typisch italienische K\u00fcche genie\u00dfen oder sich an Gourmetmen\u00fcs erfreuen, die den Slow Food-Prinzipien entsprechen.<\/p>\n<p>Es besteht die M\u00f6glichkeit, unsere Gerichte im Restaurant oder drau\u00dfen zu genie\u00dfen und dabei einen herrlichen Panoramablick auf den Lago Maggiore zu genie\u00dfen.<\/p>\n<p>&nbsp;<\/p>\n<p style=\"text-align: center\"><img loading=\"lazy\" decoding=\"async\" class=\"alignnone size-full wp-image-778\" src=\"https:\/\/www.parkhotelitalia.com\/wp-content\/uploads\/sites\/8\/2023\/07\/park_hotel_italia_slowfood_unesco-300x81-1.png\" alt=\"\" width=\"146\" height=\"81\" \/><\/p>\n<p style=\"text-align: center\">Bleiben Sie immer \u00fcber Neuigkeiten auf dem Laufenden, folgen Sie uns auf <a href=\"https:\/\/www.facebook.com\/oleafragransrestaurant\" target=\"_blank\" rel=\"noopener\">Facebook<\/a> und <a href=\"https:\/\/www.instagram.com\/olea_fragrans_restaurant\/\" target=\"_blank\" rel=\"noopener\">Instagram<\/a><\/p>\n","protected":false},"excerpt":{"rendered":"<p>Das Restaurant hat seinen Namen von den beiden alten Olea-Fragrans-B\u00e4umen im Au\u00dfenbereich, die duften und der Terrasse mit Blick auf den See Schatten spenden. Hier k\u00f6nnen Sie die typisch italienische K\u00fcche genie\u00dfen oder sich an Gourmetmen\u00fcs erfreuen, die den Slow Food-Prinzipien entsprechen. Es besteht die M\u00f6glichkeit, unsere Gerichte im Restaurant oder drau\u00dfen zu genie\u00dfen und [&hellip;]<\/p>\n","protected":false},"author":26,"featured_media":0,"parent":0,"menu_order":30,"comment_status":"closed","ping_status":"closed","template":"template-single-restaurant.php","meta":{"footnotes":""},"class_list":["post-314","page","type-page","status-publish","hentry"],"yoast_head":"<!-- This site is optimized with the Yoast SEO plugin v27.3 - https:\/\/yoast.com\/product\/yoast-seo-wordpress\/ -->\n<title>Olea Fragrans Restaurant &#183; Park Hotel Italia &#183;<\/title>\n<meta name=\"description\" content=\"Das Restaurant hat seinen Namen von den beiden alten Olea-Fragrans-B\u00e4umen im Au\u00dfenbereich, die duften und der Terrasse mit Blick auf den See Schatten spenden.  Hier k\u00f6nnen Sie die typisch italienische K\u00fcche genie\u00dfen oder sich an Gourmetmen\u00fcs erfreuen, die den Slow Food-Prinzipien entsprechen.  Es besteht die M\u00f6glichkeit, unsere Gerichte im Restaurant oder drau\u00dfen zu genie\u00dfen und dabei einen herrlichen Panoramablick auf den Lago Maggiore zu genie\u00dfen.  &nbsp;  Bleiben Sie immer \u00fcber Neuigkeiten auf dem Laufenden, folgen Sie uns auf Facebook und Instagram.\" \/>\n<meta name=\"robots\" content=\"index, follow, max-snippet:-1, max-image-preview:large, max-video-preview:-1\" \/>\n<link rel=\"canonical\" href=\"https:\/\/www.parkhotelitalia.com\/de\/olea-fragrans-restaurant\/\" \/>\n<meta property=\"og:locale\" content=\"de_DE\" \/>\n<meta property=\"og:type\" content=\"article\" \/>\n<meta property=\"og:title\" content=\"Olea Fragrans Restaurant &#183; Park Hotel Italia &#183;\" \/>\n<meta property=\"og:description\" content=\"Das Restaurant hat seinen Namen von den beiden alten Olea-Fragrans-B\u00e4umen im Au\u00dfenbereich, die duften und der Terrasse mit Blick auf den See Schatten spenden.  Hier k\u00f6nnen Sie die typisch italienische K\u00fcche genie\u00dfen oder sich an Gourmetmen\u00fcs erfreuen, die den Slow Food-Prinzipien entsprechen.  Es besteht die M\u00f6glichkeit, unsere Gerichte im Restaurant oder drau\u00dfen zu genie\u00dfen und dabei einen herrlichen Panoramablick auf den Lago Maggiore zu genie\u00dfen.  &nbsp;  Bleiben Sie immer \u00fcber Neuigkeiten auf dem Laufenden, folgen Sie uns auf Facebook und Instagram.\" \/>\n<meta property=\"og:url\" content=\"https:\/\/www.parkhotelitalia.com\/de\/olea-fragrans-restaurant\/\" \/>\n<meta property=\"og:site_name\" content=\"Park Hotel Italia\" \/>\n<meta property=\"article:modified_time\" content=\"2026-05-08T13:56:31+00:00\" \/>\n<meta property=\"og:image\" content=\"https:\/\/www.parkhotelitalia.com\/wp-content\/uploads\/sites\/8\/2023\/07\/park_hotel_italia_slowfood_unesco-300x81-1.png\" \/>\n\t<meta property=\"og:image:width\" content=\"146\" \/>\n\t<meta property=\"og:image:height\" content=\"81\" \/>\n\t<meta property=\"og:image:type\" content=\"image\/png\" \/>\n<meta name=\"twitter:card\" content=\"summary_large_image\" \/>\n<meta name=\"twitter:label1\" content=\"Gesch\u00e4tzte Lesezeit\" \/>\n\t<meta name=\"twitter:data1\" content=\"1 Minute\" \/>\n<script type=\"application\/ld+json\" class=\"yoast-schema-graph\">{\"@context\":\"https:\\\/\\\/schema.org\",\"@graph\":[{\"@type\":\"WebPage\",\"@id\":\"https:\\\/\\\/www.parkhotelitalia.com\\\/de\\\/olea-fragrans-restaurant\\\/\",\"url\":\"https:\\\/\\\/www.parkhotelitalia.com\\\/de\\\/olea-fragrans-restaurant\\\/\",\"name\":\"Olea Fragrans Restaurant &#183; Park Hotel Italia &#183;\",\"isPartOf\":{\"@id\":\"https:\\\/\\\/www.parkhotelitalia.com\\\/de\\\/#website\"},\"primaryImageOfPage\":{\"@id\":\"https:\\\/\\\/www.parkhotelitalia.com\\\/de\\\/olea-fragrans-restaurant\\\/#primaryimage\"},\"image\":{\"@id\":\"https:\\\/\\\/www.parkhotelitalia.com\\\/de\\\/olea-fragrans-restaurant\\\/#primaryimage\"},\"thumbnailUrl\":\"https:\\\/\\\/www.parkhotelitalia.com\\\/wp-content\\\/uploads\\\/sites\\\/8\\\/2023\\\/07\\\/park_hotel_italia_slowfood_unesco-300x81-1.png\",\"datePublished\":\"2023-05-17T15:40:38+00:00\",\"dateModified\":\"2026-05-08T13:56:31+00:00\",\"description\":\"Das Restaurant hat seinen Namen von den beiden alten Olea-Fragrans-B\u00e4umen im Au\u00dfenbereich, die duften und der Terrasse mit Blick auf den See Schatten spenden. Hier k\u00f6nnen Sie die typisch italienische K\u00fcche genie\u00dfen oder sich an Gourmetmen\u00fcs erfreuen, die den Slow Food-Prinzipien entsprechen. Es besteht die M\u00f6glichkeit, unsere Gerichte im Restaurant oder drau\u00dfen zu genie\u00dfen und dabei einen herrlichen Panoramablick auf den Lago Maggiore zu genie\u00dfen. &nbsp; Bleiben Sie immer \u00fcber Neuigkeiten auf dem Laufenden, folgen Sie uns auf Facebook und Instagram .\",\"breadcrumb\":{\"@id\":\"https:\\\/\\\/www.parkhotelitalia.com\\\/de\\\/olea-fragrans-restaurant\\\/#breadcrumb\"},\"inLanguage\":\"de-DE\",\"potentialAction\":[{\"@type\":\"ReadAction\",\"target\":[\"https:\\\/\\\/www.parkhotelitalia.com\\\/de\\\/olea-fragrans-restaurant\\\/\"]}]},{\"@type\":\"ImageObject\",\"inLanguage\":\"de-DE\",\"@id\":\"https:\\\/\\\/www.parkhotelitalia.com\\\/de\\\/olea-fragrans-restaurant\\\/#primaryimage\",\"url\":\"https:\\\/\\\/www.parkhotelitalia.com\\\/wp-content\\\/uploads\\\/sites\\\/8\\\/2023\\\/07\\\/park_hotel_italia_slowfood_unesco-300x81-1.png\",\"contentUrl\":\"https:\\\/\\\/www.parkhotelitalia.com\\\/wp-content\\\/uploads\\\/sites\\\/8\\\/2023\\\/07\\\/park_hotel_italia_slowfood_unesco-300x81-1.png\"},{\"@type\":\"BreadcrumbList\",\"@id\":\"https:\\\/\\\/www.parkhotelitalia.com\\\/de\\\/olea-fragrans-restaurant\\\/#breadcrumb\",\"itemListElement\":[{\"@type\":\"ListItem\",\"position\":1,\"name\":\"Home\",\"item\":\"https:\\\/\\\/www.parkhotelitalia.com\\\/de\\\/\"},{\"@type\":\"ListItem\",\"position\":2,\"name\":\"Olea Fragrans Restaurant\"}]},{\"@type\":\"WebSite\",\"@id\":\"https:\\\/\\\/www.parkhotelitalia.com\\\/de\\\/#website\",\"url\":\"https:\\\/\\\/www.parkhotelitalia.com\\\/de\\\/\",\"name\":\"Park Hotel Italia\",\"description\":\"\",\"potentialAction\":[{\"@type\":\"SearchAction\",\"target\":{\"@type\":\"EntryPoint\",\"urlTemplate\":\"https:\\\/\\\/www.parkhotelitalia.com\\\/de\\\/?s={search_term_string}\"},\"query-input\":{\"@type\":\"PropertyValueSpecification\",\"valueRequired\":true,\"valueName\":\"search_term_string\"}}],\"inLanguage\":\"de-DE\"}]}<\/script>\n<!-- \/ Yoast SEO plugin. -->","yoast_head_json":{"title":"Olea Fragrans Restaurant &#183; Park Hotel Italia &#183;","description":"Das Restaurant hat seinen Namen von den beiden alten Olea-Fragrans-B\u00e4umen im Au\u00dfenbereich, die duften und der Terrasse mit Blick auf den See Schatten spenden.  Hier k\u00f6nnen Sie die typisch italienische K\u00fcche genie\u00dfen oder sich an Gourmetmen\u00fcs erfreuen, die den Slow Food-Prinzipien entsprechen.  Es besteht die M\u00f6glichkeit, unsere Gerichte im Restaurant oder drau\u00dfen zu genie\u00dfen und dabei einen herrlichen Panoramablick auf den Lago Maggiore zu genie\u00dfen.  &nbsp;  Bleiben Sie immer \u00fcber Neuigkeiten auf dem Laufenden, folgen Sie uns auf Facebook und Instagram.","robots":{"index":"index","follow":"follow","max-snippet":"max-snippet:-1","max-image-preview":"max-image-preview:large","max-video-preview":"max-video-preview:-1"},"canonical":"https:\/\/www.parkhotelitalia.com\/de\/olea-fragrans-restaurant\/","og_locale":"de_DE","og_type":"article","og_title":"Olea Fragrans Restaurant &#183; Park Hotel Italia &#183;","og_description":"Das Restaurant hat seinen Namen von den beiden alten Olea-Fragrans-B\u00e4umen im Au\u00dfenbereich, die duften und der Terrasse mit Blick auf den See Schatten spenden.  Hier k\u00f6nnen Sie die typisch italienische K\u00fcche genie\u00dfen oder sich an Gourmetmen\u00fcs erfreuen, die den Slow Food-Prinzipien entsprechen.  Es besteht die M\u00f6glichkeit, unsere Gerichte im Restaurant oder drau\u00dfen zu genie\u00dfen und dabei einen herrlichen Panoramablick auf den Lago Maggiore zu genie\u00dfen.  &nbsp;  Bleiben Sie immer \u00fcber Neuigkeiten auf dem Laufenden, folgen Sie uns auf Facebook und Instagram.","og_url":"https:\/\/www.parkhotelitalia.com\/de\/olea-fragrans-restaurant\/","og_site_name":"Park Hotel Italia","article_modified_time":"2026-05-08T13:56:31+00:00","og_image":[{"width":146,"height":81,"url":"https:\/\/www.parkhotelitalia.com\/wp-content\/uploads\/sites\/8\/2023\/07\/park_hotel_italia_slowfood_unesco-300x81-1.png","type":"image\/png"}],"twitter_card":"summary_large_image","twitter_misc":{"Gesch\u00e4tzte Lesezeit":"1 Minute"},"schema":{"@context":"https:\/\/schema.org","@graph":[{"@type":"WebPage","@id":"https:\/\/www.parkhotelitalia.com\/de\/olea-fragrans-restaurant\/","url":"https:\/\/www.parkhotelitalia.com\/de\/olea-fragrans-restaurant\/","name":"Olea Fragrans Restaurant &#183; Park Hotel Italia &#183;","isPartOf":{"@id":"https:\/\/www.parkhotelitalia.com\/de\/#website"},"primaryImageOfPage":{"@id":"https:\/\/www.parkhotelitalia.com\/de\/olea-fragrans-restaurant\/#primaryimage"},"image":{"@id":"https:\/\/www.parkhotelitalia.com\/de\/olea-fragrans-restaurant\/#primaryimage"},"thumbnailUrl":"https:\/\/www.parkhotelitalia.com\/wp-content\/uploads\/sites\/8\/2023\/07\/park_hotel_italia_slowfood_unesco-300x81-1.png","datePublished":"2023-05-17T15:40:38+00:00","dateModified":"2026-05-08T13:56:31+00:00","description":"Das Restaurant hat seinen Namen von den beiden alten Olea-Fragrans-B\u00e4umen im Au\u00dfenbereich, die duften und der Terrasse mit Blick auf den See Schatten spenden. Hier k\u00f6nnen Sie die typisch italienische K\u00fcche genie\u00dfen oder sich an Gourmetmen\u00fcs erfreuen, die den Slow Food-Prinzipien entsprechen. Es besteht die M\u00f6glichkeit, unsere Gerichte im Restaurant oder drau\u00dfen zu genie\u00dfen und dabei einen herrlichen Panoramablick auf den Lago Maggiore zu genie\u00dfen. &nbsp; Bleiben Sie immer \u00fcber Neuigkeiten auf dem Laufenden, folgen Sie uns auf Facebook und Instagram .","breadcrumb":{"@id":"https:\/\/www.parkhotelitalia.com\/de\/olea-fragrans-restaurant\/#breadcrumb"},"inLanguage":"de-DE","potentialAction":[{"@type":"ReadAction","target":["https:\/\/www.parkhotelitalia.com\/de\/olea-fragrans-restaurant\/"]}]},{"@type":"ImageObject","inLanguage":"de-DE","@id":"https:\/\/www.parkhotelitalia.com\/de\/olea-fragrans-restaurant\/#primaryimage","url":"https:\/\/www.parkhotelitalia.com\/wp-content\/uploads\/sites\/8\/2023\/07\/park_hotel_italia_slowfood_unesco-300x81-1.png","contentUrl":"https:\/\/www.parkhotelitalia.com\/wp-content\/uploads\/sites\/8\/2023\/07\/park_hotel_italia_slowfood_unesco-300x81-1.png"},{"@type":"BreadcrumbList","@id":"https:\/\/www.parkhotelitalia.com\/de\/olea-fragrans-restaurant\/#breadcrumb","itemListElement":[{"@type":"ListItem","position":1,"name":"Home","item":"https:\/\/www.parkhotelitalia.com\/de\/"},{"@type":"ListItem","position":2,"name":"Olea Fragrans Restaurant"}]},{"@type":"WebSite","@id":"https:\/\/www.parkhotelitalia.com\/de\/#website","url":"https:\/\/www.parkhotelitalia.com\/de\/","name":"Park Hotel Italia","description":"","potentialAction":[{"@type":"SearchAction","target":{"@type":"EntryPoint","urlTemplate":"https:\/\/www.parkhotelitalia.com\/de\/?s={search_term_string}"},"query-input":{"@type":"PropertyValueSpecification","valueRequired":true,"valueName":"search_term_string"}}],"inLanguage":"de-DE"}]}},"acf":[],"_links":{"self":[{"href":"https:\/\/www.parkhotelitalia.com\/de\/wp-json\/wp\/v2\/pages\/314","targetHints":{"allow":["GET"]}}],"collection":[{"href":"https:\/\/www.parkhotelitalia.com\/de\/wp-json\/wp\/v2\/pages"}],"about":[{"href":"https:\/\/www.parkhotelitalia.com\/de\/wp-json\/wp\/v2\/types\/page"}],"author":[{"embeddable":true,"href":"https:\/\/www.parkhotelitalia.com\/de\/wp-json\/wp\/v2\/users\/26"}],"replies":[{"embeddable":true,"href":"https:\/\/www.parkhotelitalia.com\/de\/wp-json\/wp\/v2\/comments?post=314"}],"version-history":[{"count":0,"href":"https:\/\/www.parkhotelitalia.com\/de\/wp-json\/wp\/v2\/pages\/314\/revisions"}],"wp:attachment":[{"href":"https:\/\/www.parkhotelitalia.com\/de\/wp-json\/wp\/v2\/media?parent=314"}],"curies":[{"name":"wp","href":"https:\/\/api.w.org\/{rel}","templated":true}]}}