{"id":347,"date":"2023-05-19T10:01:52","date_gmt":"2023-05-19T10:01:52","guid":{"rendered":"https:\/\/parkhotelitalia.ms2.decms.eu\/?page_id=347"},"modified":"2024-07-24T07:39:23","modified_gmt":"2024-07-24T07:39:23","slug":"suite","status":"publish","type":"page","link":"https:\/\/www.parkhotelitalia.com\/de\/zimmer-und-suiten\/suite\/","title":{"rendered":"Suite"},"content":{"rendered":"<p>Von den Suite-Zimmern auf der obersten Etage ist die Aussicht gro\u00dfartig, der Blick schweift \u00fcber die Oberfl\u00e4che des Lago Maggiore zum gegen\u00fcberliegenden Ufer und zu den Inselchen der Castelli di Cannero. Der gro\u00dfz\u00fcgige Balkon verl\u00e4uft entlang der beiden Seiten des Zimmers.<\/p>\n<p>Die Gr\u00f6\u00dfe der Suite betr\u00e4gt ca. 35qm, das Bett welches geteilt oder geteilt werden kann hat eine Gr\u00f6\u00dfe von 1,80m Breite und 2,00m. der L\u00e4nge. Die Badezimmer verf\u00fcgen \u00fcber eine Dusche und eine Badewanne. Das Badezimmer hat eine transparente Wand, die, wenn sie von der Jalousie freigelassen wird, die gleiche atemberaubende Aussicht bietet wie vom Schlafzimmer. Der Parkettboden bereichert die Umgebung zus\u00e4tzlich.<\/p>\n<p>&nbsp;<\/p>\n","protected":false},"excerpt":{"rendered":"<p>Von den Suite-Zimmern auf der obersten Etage ist die Aussicht gro\u00dfartig, der Blick schweift \u00fcber die Oberfl\u00e4che des Lago Maggiore zum gegen\u00fcberliegenden Ufer und zu den Inselchen der Castelli di Cannero. Der gro\u00dfz\u00fcgige Balkon verl\u00e4uft entlang der beiden Seiten des Zimmers. Die Gr\u00f6\u00dfe der Suite betr\u00e4gt ca. 35qm, das Bett welches geteilt oder geteilt werden [&hellip;]<\/p>\n","protected":false},"author":26,"featured_media":0,"parent":340,"menu_order":10,"comment_status":"closed","ping_status":"closed","template":"template-single-room.php","meta":{"footnotes":""},"yoast_head":"<!-- This site is optimized with the Yoast SEO plugin v22.3 - https:\/\/yoast.com\/wordpress\/plugins\/seo\/ -->\n<title>Suite &#183; Park Hotel Italia &#183;<\/title>\n<meta name=\"description\" content=\"Von den Suite-Zimmern auf der obersten Etage ist die Aussicht gro\u00dfartig, der Blick schweift \u00fcber die Oberfl\u00e4che des Lago Maggiore zum gegen\u00fcberliegenden Ufer und zu den Inselchen der Castelli di Cannero. Der gro\u00dfz\u00fcgige Balkon verl\u00e4uft entlang der beiden Seiten des Zimmers.  Die Gr\u00f6\u00dfe der Suite betr\u00e4gt ca\" \/>\n<meta name=\"robots\" content=\"index, follow, max-snippet:-1, max-image-preview:large, max-video-preview:-1\" \/>\n<link rel=\"canonical\" href=\"https:\/\/www.parkhotelitalia.com\/de\/zimmer-und-suiten\/suite\/\" \/>\n<meta property=\"og:locale\" content=\"de_DE\" \/>\n<meta property=\"og:type\" content=\"article\" \/>\n<meta property=\"og:title\" content=\"Suite &#183; Park Hotel Italia &#183;\" \/>\n<meta property=\"og:description\" content=\"Von den Suite-Zimmern auf der obersten Etage ist die Aussicht gro\u00dfartig, der Blick schweift \u00fcber die Oberfl\u00e4che des Lago Maggiore zum gegen\u00fcberliegenden Ufer und zu den Inselchen der Castelli di Cannero. Der gro\u00dfz\u00fcgige Balkon verl\u00e4uft entlang der beiden Seiten des Zimmers.  Die Gr\u00f6\u00dfe der Suite betr\u00e4gt ca\" \/>\n<meta property=\"og:url\" content=\"https:\/\/www.parkhotelitalia.com\/de\/zimmer-und-suiten\/suite\/\" \/>\n<meta property=\"og:site_name\" content=\"Park Hotel Italia\" \/>\n<meta property=\"article:modified_time\" content=\"2024-07-24T07:39:23+00:00\" \/>\n<meta name=\"twitter:card\" content=\"summary_large_image\" \/>\n<meta name=\"twitter:label1\" content=\"Gesch\u00e4tzte Lesezeit\" \/>\n\t<meta name=\"twitter:data1\" content=\"2 Minuten\" \/>\n<script type=\"application\/ld+json\" class=\"yoast-schema-graph\">{\"@context\":\"https:\/\/schema.org\",\"@graph\":[{\"@type\":\"WebPage\",\"@id\":\"https:\/\/www.parkhotelitalia.com\/de\/zimmer-und-suiten\/suite\/\",\"url\":\"https:\/\/www.parkhotelitalia.com\/de\/zimmer-und-suiten\/suite\/\",\"name\":\"Suite &#183; Park Hotel Italia &#183;\",\"isPartOf\":{\"@id\":\"https:\/\/www.parkhotelitalia.com\/de\/#website\"},\"datePublished\":\"2023-05-19T10:01:52+00:00\",\"dateModified\":\"2024-07-24T07:39:23+00:00\",\"description\":\"Von den Suite-Zimmern auf der obersten Etage ist die Aussicht gro\u00dfartig, der Blick schweift \u00fcber die Oberfl\u00e4che des Lago Maggiore zum gegen\u00fcberliegenden Ufer und zu den Inselchen der Castelli di Cannero. Der gro\u00dfz\u00fcgige Balkon verl\u00e4uft entlang der beiden Seiten des Zimmers. Die Gr\u00f6\u00dfe der Suite betr\u00e4gt ca\",\"breadcrumb\":{\"@id\":\"https:\/\/www.parkhotelitalia.com\/de\/zimmer-und-suiten\/suite\/#breadcrumb\"},\"inLanguage\":\"de-DE\",\"potentialAction\":[{\"@type\":\"ReadAction\",\"target\":[\"https:\/\/www.parkhotelitalia.com\/de\/zimmer-und-suiten\/suite\/\"]}]},{\"@type\":\"BreadcrumbList\",\"@id\":\"https:\/\/www.parkhotelitalia.com\/de\/zimmer-und-suiten\/suite\/#breadcrumb\",\"itemListElement\":[{\"@type\":\"ListItem\",\"position\":1,\"name\":\"Home\",\"item\":\"https:\/\/www.parkhotelitalia.com\/de\/\"},{\"@type\":\"ListItem\",\"position\":2,\"name\":\"Zimmer und Suiten\",\"item\":\"https:\/\/www.parkhotelitalia.com\/de\/zimmer-und-suiten\/\"},{\"@type\":\"ListItem\",\"position\":3,\"name\":\"Suite\"}]},{\"@type\":\"WebSite\",\"@id\":\"https:\/\/www.parkhotelitalia.com\/de\/#website\",\"url\":\"https:\/\/www.parkhotelitalia.com\/de\/\",\"name\":\"Park Hotel Italia\",\"description\":\"\",\"potentialAction\":[{\"@type\":\"SearchAction\",\"target\":{\"@type\":\"EntryPoint\",\"urlTemplate\":\"https:\/\/www.parkhotelitalia.com\/de\/?s={search_term_string}\"},\"query-input\":\"required name=search_term_string\"}],\"inLanguage\":\"de-DE\"}]}<\/script>\n<!-- \/ Yoast SEO plugin. -->","yoast_head_json":{"title":"Suite &#183; Park Hotel Italia &#183;","description":"Von den Suite-Zimmern auf der obersten Etage ist die Aussicht gro\u00dfartig, der Blick schweift \u00fcber die Oberfl\u00e4che des Lago Maggiore zum gegen\u00fcberliegenden Ufer und zu den Inselchen der Castelli di Cannero. Der gro\u00dfz\u00fcgige Balkon verl\u00e4uft entlang der beiden Seiten des Zimmers.  Die Gr\u00f6\u00dfe der Suite betr\u00e4gt ca","robots":{"index":"index","follow":"follow","max-snippet":"max-snippet:-1","max-image-preview":"max-image-preview:large","max-video-preview":"max-video-preview:-1"},"canonical":"https:\/\/www.parkhotelitalia.com\/de\/zimmer-und-suiten\/suite\/","og_locale":"de_DE","og_type":"article","og_title":"Suite &#183; Park Hotel Italia &#183;","og_description":"Von den Suite-Zimmern auf der obersten Etage ist die Aussicht gro\u00dfartig, der Blick schweift \u00fcber die Oberfl\u00e4che des Lago Maggiore zum gegen\u00fcberliegenden Ufer und zu den Inselchen der Castelli di Cannero. Der gro\u00dfz\u00fcgige Balkon verl\u00e4uft entlang der beiden Seiten des Zimmers.  Die Gr\u00f6\u00dfe der Suite betr\u00e4gt ca","og_url":"https:\/\/www.parkhotelitalia.com\/de\/zimmer-und-suiten\/suite\/","og_site_name":"Park Hotel Italia","article_modified_time":"2024-07-24T07:39:23+00:00","twitter_card":"summary_large_image","twitter_misc":{"Gesch\u00e4tzte Lesezeit":"2 Minuten"},"schema":{"@context":"https:\/\/schema.org","@graph":[{"@type":"WebPage","@id":"https:\/\/www.parkhotelitalia.com\/de\/zimmer-und-suiten\/suite\/","url":"https:\/\/www.parkhotelitalia.com\/de\/zimmer-und-suiten\/suite\/","name":"Suite &#183; Park Hotel Italia &#183;","isPartOf":{"@id":"https:\/\/www.parkhotelitalia.com\/de\/#website"},"datePublished":"2023-05-19T10:01:52+00:00","dateModified":"2024-07-24T07:39:23+00:00","description":"Von den Suite-Zimmern auf der obersten Etage ist die Aussicht gro\u00dfartig, der Blick schweift \u00fcber die Oberfl\u00e4che des Lago Maggiore zum gegen\u00fcberliegenden Ufer und zu den Inselchen der Castelli di Cannero. Der gro\u00dfz\u00fcgige Balkon verl\u00e4uft entlang der beiden Seiten des Zimmers. Die Gr\u00f6\u00dfe der Suite betr\u00e4gt ca","breadcrumb":{"@id":"https:\/\/www.parkhotelitalia.com\/de\/zimmer-und-suiten\/suite\/#breadcrumb"},"inLanguage":"de-DE","potentialAction":[{"@type":"ReadAction","target":["https:\/\/www.parkhotelitalia.com\/de\/zimmer-und-suiten\/suite\/"]}]},{"@type":"BreadcrumbList","@id":"https:\/\/www.parkhotelitalia.com\/de\/zimmer-und-suiten\/suite\/#breadcrumb","itemListElement":[{"@type":"ListItem","position":1,"name":"Home","item":"https:\/\/www.parkhotelitalia.com\/de\/"},{"@type":"ListItem","position":2,"name":"Zimmer und Suiten","item":"https:\/\/www.parkhotelitalia.com\/de\/zimmer-und-suiten\/"},{"@type":"ListItem","position":3,"name":"Suite"}]},{"@type":"WebSite","@id":"https:\/\/www.parkhotelitalia.com\/de\/#website","url":"https:\/\/www.parkhotelitalia.com\/de\/","name":"Park Hotel Italia","description":"","potentialAction":[{"@type":"SearchAction","target":{"@type":"EntryPoint","urlTemplate":"https:\/\/www.parkhotelitalia.com\/de\/?s={search_term_string}"},"query-input":"required name=search_term_string"}],"inLanguage":"de-DE"}]}},"acf":[],"_links":{"self":[{"href":"https:\/\/www.parkhotelitalia.com\/de\/wp-json\/wp\/v2\/pages\/347"}],"collection":[{"href":"https:\/\/www.parkhotelitalia.com\/de\/wp-json\/wp\/v2\/pages"}],"about":[{"href":"https:\/\/www.parkhotelitalia.com\/de\/wp-json\/wp\/v2\/types\/page"}],"author":[{"embeddable":true,"href":"https:\/\/www.parkhotelitalia.com\/de\/wp-json\/wp\/v2\/users\/26"}],"replies":[{"embeddable":true,"href":"https:\/\/www.parkhotelitalia.com\/de\/wp-json\/wp\/v2\/comments?post=347"}],"version-history":[{"count":0,"href":"https:\/\/www.parkhotelitalia.com\/de\/wp-json\/wp\/v2\/pages\/347\/revisions"}],"up":[{"embeddable":true,"href":"https:\/\/www.parkhotelitalia.com\/de\/wp-json\/wp\/v2\/pages\/340"}],"wp:attachment":[{"href":"https:\/\/www.parkhotelitalia.com\/de\/wp-json\/wp\/v2\/media?parent=347"}],"curies":[{"name":"wp","href":"https:\/\/api.w.org\/{rel}","templated":true}]}}