{"id":364,"date":"2023-05-19T11:06:58","date_gmt":"2023-05-19T11:06:58","guid":{"rendered":"https:\/\/parkhotelitalia.ms2.decms.eu\/?page_id=364"},"modified":"2023-05-19T11:11:09","modified_gmt":"2023-05-19T11:11:09","slug":"side-lake","status":"publish","type":"page","link":"https:\/\/www.parkhotelitalia.com\/de\/zimmer-und-suiten\/side-lake\/","title":{"rendered":"Side Lake"},"content":{"rendered":"<p>Die Side Lake Zimmer haben einen seitlichen Blick vom Hotel. Einige blicken auf den Pool, andere auf den terrassenf\u00f6rmig angelegten Garten mit Zitronenb\u00e4umen. Von der Poolseite aus k\u00f6nnen Sie auch den Blick auf den Jachthafen genie\u00dfen, w\u00e4hrend Sie von denjenigen mit Blick auf den Garten die Inselchen der Castelli di Cannero sehen k\u00f6nnen.<\/p>\n<p>Die Side Lake Zimmer haben eine Fl\u00e4che von ca. 20 m2 und einen Balkon mit Tisch und St\u00fchlen.<\/p>\n<p>Das Bett kann ein Doppelbett oder zwei getrennte Betten sein und hat eine Abmessung von 1,60 breit und 2,00 lang.<\/p>\n","protected":false},"excerpt":{"rendered":"<p>Die Side Lake Zimmer haben einen seitlichen Blick vom Hotel. Einige blicken auf den Pool, andere auf den terrassenf\u00f6rmig angelegten Garten mit Zitronenb\u00e4umen. Von der Poolseite aus k\u00f6nnen Sie auch den Blick auf den Jachthafen genie\u00dfen, w\u00e4hrend Sie von denjenigen mit Blick auf den Garten die Inselchen der Castelli di Cannero sehen k\u00f6nnen. Die Side [&hellip;]<\/p>\n","protected":false},"author":26,"featured_media":0,"parent":340,"menu_order":60,"comment_status":"closed","ping_status":"closed","template":"template-single-room.php","meta":{"footnotes":""},"yoast_head":"<!-- This site is optimized with the Yoast SEO plugin v22.3 - https:\/\/yoast.com\/wordpress\/plugins\/seo\/ -->\n<title>Side Lake &#183; Park Hotel Italia &#183;<\/title>\n<meta name=\"description\" content=\"Die Side Lake Zimmer haben einen seitlichen Blick vom Hotel. Einige blicken auf den Pool, andere auf den terrassenf\u00f6rmig angelegten Garten mit Zitronenb\u00e4umen\" \/>\n<meta name=\"robots\" content=\"index, follow, max-snippet:-1, max-image-preview:large, max-video-preview:-1\" \/>\n<link rel=\"canonical\" href=\"https:\/\/www.parkhotelitalia.com\/de\/zimmer-und-suiten\/side-lake\/\" \/>\n<meta property=\"og:locale\" content=\"de_DE\" \/>\n<meta property=\"og:type\" content=\"article\" \/>\n<meta property=\"og:title\" content=\"Side Lake &#183; Park Hotel Italia &#183;\" \/>\n<meta property=\"og:description\" content=\"Die Side Lake Zimmer haben einen seitlichen Blick vom Hotel. Einige blicken auf den Pool, andere auf den terrassenf\u00f6rmig angelegten Garten mit Zitronenb\u00e4umen\" \/>\n<meta property=\"og:url\" content=\"https:\/\/www.parkhotelitalia.com\/de\/zimmer-und-suiten\/side-lake\/\" \/>\n<meta property=\"og:site_name\" content=\"Park Hotel Italia\" \/>\n<meta property=\"article:modified_time\" content=\"2023-05-19T11:11:09+00:00\" \/>\n<meta name=\"twitter:card\" content=\"summary_large_image\" \/>\n<meta name=\"twitter:label1\" content=\"Gesch\u00e4tzte Lesezeit\" \/>\n\t<meta name=\"twitter:data1\" content=\"1 Minute\" \/>\n<script type=\"application\/ld+json\" class=\"yoast-schema-graph\">{\"@context\":\"https:\/\/schema.org\",\"@graph\":[{\"@type\":\"WebPage\",\"@id\":\"https:\/\/www.parkhotelitalia.com\/de\/zimmer-und-suiten\/side-lake\/\",\"url\":\"https:\/\/www.parkhotelitalia.com\/de\/zimmer-und-suiten\/side-lake\/\",\"name\":\"Side Lake &#183; Park Hotel Italia &#183;\",\"isPartOf\":{\"@id\":\"https:\/\/www.parkhotelitalia.com\/de\/#website\"},\"datePublished\":\"2023-05-19T11:06:58+00:00\",\"dateModified\":\"2023-05-19T11:11:09+00:00\",\"description\":\"Die Side Lake Zimmer haben einen seitlichen Blick vom Hotel. Einige blicken auf den Pool, andere auf den terrassenf\u00f6rmig angelegten Garten mit Zitronenb\u00e4umen\",\"breadcrumb\":{\"@id\":\"https:\/\/www.parkhotelitalia.com\/de\/zimmer-und-suiten\/side-lake\/#breadcrumb\"},\"inLanguage\":\"de-DE\",\"potentialAction\":[{\"@type\":\"ReadAction\",\"target\":[\"https:\/\/www.parkhotelitalia.com\/de\/zimmer-und-suiten\/side-lake\/\"]}]},{\"@type\":\"BreadcrumbList\",\"@id\":\"https:\/\/www.parkhotelitalia.com\/de\/zimmer-und-suiten\/side-lake\/#breadcrumb\",\"itemListElement\":[{\"@type\":\"ListItem\",\"position\":1,\"name\":\"Home\",\"item\":\"https:\/\/www.parkhotelitalia.com\/de\/\"},{\"@type\":\"ListItem\",\"position\":2,\"name\":\"Zimmer und Suiten\",\"item\":\"https:\/\/www.parkhotelitalia.com\/de\/zimmer-und-suiten\/\"},{\"@type\":\"ListItem\",\"position\":3,\"name\":\"Side Lake\"}]},{\"@type\":\"WebSite\",\"@id\":\"https:\/\/www.parkhotelitalia.com\/de\/#website\",\"url\":\"https:\/\/www.parkhotelitalia.com\/de\/\",\"name\":\"Park Hotel Italia\",\"description\":\"\",\"potentialAction\":[{\"@type\":\"SearchAction\",\"target\":{\"@type\":\"EntryPoint\",\"urlTemplate\":\"https:\/\/www.parkhotelitalia.com\/de\/?s={search_term_string}\"},\"query-input\":\"required name=search_term_string\"}],\"inLanguage\":\"de-DE\"}]}<\/script>\n<!-- \/ Yoast SEO plugin. -->","yoast_head_json":{"title":"Side Lake &#183; Park Hotel Italia &#183;","description":"Die Side Lake Zimmer haben einen seitlichen Blick vom Hotel. Einige blicken auf den Pool, andere auf den terrassenf\u00f6rmig angelegten Garten mit Zitronenb\u00e4umen","robots":{"index":"index","follow":"follow","max-snippet":"max-snippet:-1","max-image-preview":"max-image-preview:large","max-video-preview":"max-video-preview:-1"},"canonical":"https:\/\/www.parkhotelitalia.com\/de\/zimmer-und-suiten\/side-lake\/","og_locale":"de_DE","og_type":"article","og_title":"Side Lake &#183; Park Hotel Italia &#183;","og_description":"Die Side Lake Zimmer haben einen seitlichen Blick vom Hotel. Einige blicken auf den Pool, andere auf den terrassenf\u00f6rmig angelegten Garten mit Zitronenb\u00e4umen","og_url":"https:\/\/www.parkhotelitalia.com\/de\/zimmer-und-suiten\/side-lake\/","og_site_name":"Park Hotel Italia","article_modified_time":"2023-05-19T11:11:09+00:00","twitter_card":"summary_large_image","twitter_misc":{"Gesch\u00e4tzte Lesezeit":"1 Minute"},"schema":{"@context":"https:\/\/schema.org","@graph":[{"@type":"WebPage","@id":"https:\/\/www.parkhotelitalia.com\/de\/zimmer-und-suiten\/side-lake\/","url":"https:\/\/www.parkhotelitalia.com\/de\/zimmer-und-suiten\/side-lake\/","name":"Side Lake &#183; Park Hotel Italia &#183;","isPartOf":{"@id":"https:\/\/www.parkhotelitalia.com\/de\/#website"},"datePublished":"2023-05-19T11:06:58+00:00","dateModified":"2023-05-19T11:11:09+00:00","description":"Die Side Lake Zimmer haben einen seitlichen Blick vom Hotel. Einige blicken auf den Pool, andere auf den terrassenf\u00f6rmig angelegten Garten mit Zitronenb\u00e4umen","breadcrumb":{"@id":"https:\/\/www.parkhotelitalia.com\/de\/zimmer-und-suiten\/side-lake\/#breadcrumb"},"inLanguage":"de-DE","potentialAction":[{"@type":"ReadAction","target":["https:\/\/www.parkhotelitalia.com\/de\/zimmer-und-suiten\/side-lake\/"]}]},{"@type":"BreadcrumbList","@id":"https:\/\/www.parkhotelitalia.com\/de\/zimmer-und-suiten\/side-lake\/#breadcrumb","itemListElement":[{"@type":"ListItem","position":1,"name":"Home","item":"https:\/\/www.parkhotelitalia.com\/de\/"},{"@type":"ListItem","position":2,"name":"Zimmer und Suiten","item":"https:\/\/www.parkhotelitalia.com\/de\/zimmer-und-suiten\/"},{"@type":"ListItem","position":3,"name":"Side Lake"}]},{"@type":"WebSite","@id":"https:\/\/www.parkhotelitalia.com\/de\/#website","url":"https:\/\/www.parkhotelitalia.com\/de\/","name":"Park Hotel Italia","description":"","potentialAction":[{"@type":"SearchAction","target":{"@type":"EntryPoint","urlTemplate":"https:\/\/www.parkhotelitalia.com\/de\/?s={search_term_string}"},"query-input":"required name=search_term_string"}],"inLanguage":"de-DE"}]}},"acf":[],"_links":{"self":[{"href":"https:\/\/www.parkhotelitalia.com\/de\/wp-json\/wp\/v2\/pages\/364"}],"collection":[{"href":"https:\/\/www.parkhotelitalia.com\/de\/wp-json\/wp\/v2\/pages"}],"about":[{"href":"https:\/\/www.parkhotelitalia.com\/de\/wp-json\/wp\/v2\/types\/page"}],"author":[{"embeddable":true,"href":"https:\/\/www.parkhotelitalia.com\/de\/wp-json\/wp\/v2\/users\/26"}],"replies":[{"embeddable":true,"href":"https:\/\/www.parkhotelitalia.com\/de\/wp-json\/wp\/v2\/comments?post=364"}],"version-history":[{"count":0,"href":"https:\/\/www.parkhotelitalia.com\/de\/wp-json\/wp\/v2\/pages\/364\/revisions"}],"up":[{"embeddable":true,"href":"https:\/\/www.parkhotelitalia.com\/de\/wp-json\/wp\/v2\/pages\/340"}],"wp:attachment":[{"href":"https:\/\/www.parkhotelitalia.com\/de\/wp-json\/wp\/v2\/media?parent=364"}],"curies":[{"name":"wp","href":"https:\/\/api.w.org\/{rel}","templated":true}]}}