{"id":368,"date":"2023-05-19T11:12:47","date_gmt":"2023-05-19T11:12:47","guid":{"rendered":"https:\/\/parkhotelitalia.ms2.decms.eu\/?page_id=368"},"modified":"2023-05-22T13:49:38","modified_gmt":"2023-05-22T13:49:38","slug":"garden","status":"publish","type":"page","link":"https:\/\/www.parkhotelitalia.com\/de\/zimmer-und-suiten\/garden\/","title":{"rendered":"Garden"},"content":{"rendered":"<p>Die Zimmer mit Gartenblick genie\u00dfen den Blick auf den Park mit den Bl\u00fcten der verschiedenen Jahreszeiten: Kamelien und Azelas im Fr\u00fchling, Gardenien und Agapantus in den Sommermonaten und Oratensien und Dahlien im Herbst.<\/p>\n<p>Auf dem mit St\u00fchlen und Tischen ausgestatteten Balkon k\u00f6nnen Sie auch den Sonnenuntergang hinter dem Gipfel des Monte Morissolo genie\u00dfen, der hinter unserem Park auftaucht. Moment der Erleichterung von der Sommerhitze des Tages.<\/p>\n<p>Das Zimmer hat eine Fl\u00e4che von ca. 20 m2. und das Bett, Doppelbett oder in Einzelbetten geteilt, hat eine Abmessung von 1,60 m Breite und 2,00 m L\u00e4nge.<\/p>\n","protected":false},"excerpt":{"rendered":"<p>Die Zimmer mit Gartenblick genie\u00dfen den Blick auf den Park mit den Bl\u00fcten der verschiedenen Jahreszeiten: Kamelien und Azelas im Fr\u00fchling, Gardenien und Agapantus in den Sommermonaten und Oratensien und Dahlien im Herbst. Auf dem mit St\u00fchlen und Tischen ausgestatteten Balkon k\u00f6nnen Sie auch den Sonnenuntergang hinter dem Gipfel des Monte Morissolo genie\u00dfen, der hinter [&hellip;]<\/p>\n","protected":false},"author":26,"featured_media":0,"parent":340,"menu_order":70,"comment_status":"closed","ping_status":"closed","template":"template-single-room.php","meta":{"footnotes":""},"yoast_head":"<!-- This site is optimized with the Yoast SEO plugin v22.3 - https:\/\/yoast.com\/wordpress\/plugins\/seo\/ -->\n<title>Garden &#183; Park Hotel Italia &#183;<\/title>\n<meta name=\"description\" content=\"Die Zimmer mit Gartenblick genie\u00dfen den Blick auf den Park mit den Bl\u00fcten der verschiedenen Jahreszeiten: Kamelien und Azelas im Fr\u00fchling, Gardenien und Agapantus in den Sommermonaten und Oratensien und Dahlien im Herbst.  Auf dem mit St\u00fchlen und Tischen ausgestatteten Balkon k\u00f6nnen Sie auch den Sonnenuntergang hinter dem Gipfel des Monte Morissolo genie\u00dfen, der hinter unserem Park auftaucht. Moment der Erleichterung von der Sommerhitze des Tages.  Das Zimmer hat eine Fl\u00e4che von ca\" \/>\n<meta name=\"robots\" content=\"index, follow, max-snippet:-1, max-image-preview:large, max-video-preview:-1\" \/>\n<link rel=\"canonical\" href=\"https:\/\/www.parkhotelitalia.com\/de\/zimmer-und-suiten\/garden\/\" \/>\n<meta property=\"og:locale\" content=\"de_DE\" \/>\n<meta property=\"og:type\" content=\"article\" \/>\n<meta property=\"og:title\" content=\"Garden &#183; Park Hotel Italia &#183;\" \/>\n<meta property=\"og:description\" content=\"Die Zimmer mit Gartenblick genie\u00dfen den Blick auf den Park mit den Bl\u00fcten der verschiedenen Jahreszeiten: Kamelien und Azelas im Fr\u00fchling, Gardenien und Agapantus in den Sommermonaten und Oratensien und Dahlien im Herbst.  Auf dem mit St\u00fchlen und Tischen ausgestatteten Balkon k\u00f6nnen Sie auch den Sonnenuntergang hinter dem Gipfel des Monte Morissolo genie\u00dfen, der hinter unserem Park auftaucht. Moment der Erleichterung von der Sommerhitze des Tages.  Das Zimmer hat eine Fl\u00e4che von ca\" \/>\n<meta property=\"og:url\" content=\"https:\/\/www.parkhotelitalia.com\/de\/zimmer-und-suiten\/garden\/\" \/>\n<meta property=\"og:site_name\" content=\"Park Hotel Italia\" \/>\n<meta property=\"article:modified_time\" content=\"2023-05-22T13:49:38+00:00\" \/>\n<meta name=\"twitter:card\" content=\"summary_large_image\" \/>\n<meta name=\"twitter:label1\" content=\"Gesch\u00e4tzte Lesezeit\" \/>\n\t<meta name=\"twitter:data1\" content=\"1 Minute\" \/>\n<script type=\"application\/ld+json\" class=\"yoast-schema-graph\">{\"@context\":\"https:\/\/schema.org\",\"@graph\":[{\"@type\":\"WebPage\",\"@id\":\"https:\/\/www.parkhotelitalia.com\/de\/zimmer-und-suiten\/garden\/\",\"url\":\"https:\/\/www.parkhotelitalia.com\/de\/zimmer-und-suiten\/garden\/\",\"name\":\"Garden &#183; Park Hotel Italia &#183;\",\"isPartOf\":{\"@id\":\"https:\/\/www.parkhotelitalia.com\/de\/#website\"},\"datePublished\":\"2023-05-19T11:12:47+00:00\",\"dateModified\":\"2023-05-22T13:49:38+00:00\",\"description\":\"Die Zimmer mit Gartenblick genie\u00dfen den Blick auf den Park mit den Bl\u00fcten der verschiedenen Jahreszeiten: Kamelien und Azelas im Fr\u00fchling, Gardenien und Agapantus in den Sommermonaten und Oratensien und Dahlien im Herbst. Auf dem mit St\u00fchlen und Tischen ausgestatteten Balkon k\u00f6nnen Sie auch den Sonnenuntergang hinter dem Gipfel des Monte Morissolo genie\u00dfen, der hinter unserem Park auftaucht. Moment der Erleichterung von der Sommerhitze des Tages. Das Zimmer hat eine Fl\u00e4che von ca\",\"breadcrumb\":{\"@id\":\"https:\/\/www.parkhotelitalia.com\/de\/zimmer-und-suiten\/garden\/#breadcrumb\"},\"inLanguage\":\"de-DE\",\"potentialAction\":[{\"@type\":\"ReadAction\",\"target\":[\"https:\/\/www.parkhotelitalia.com\/de\/zimmer-und-suiten\/garden\/\"]}]},{\"@type\":\"BreadcrumbList\",\"@id\":\"https:\/\/www.parkhotelitalia.com\/de\/zimmer-und-suiten\/garden\/#breadcrumb\",\"itemListElement\":[{\"@type\":\"ListItem\",\"position\":1,\"name\":\"Home\",\"item\":\"https:\/\/www.parkhotelitalia.com\/de\/\"},{\"@type\":\"ListItem\",\"position\":2,\"name\":\"Zimmer und Suiten\",\"item\":\"https:\/\/www.parkhotelitalia.com\/de\/zimmer-und-suiten\/\"},{\"@type\":\"ListItem\",\"position\":3,\"name\":\"Garden\"}]},{\"@type\":\"WebSite\",\"@id\":\"https:\/\/www.parkhotelitalia.com\/de\/#website\",\"url\":\"https:\/\/www.parkhotelitalia.com\/de\/\",\"name\":\"Park Hotel Italia\",\"description\":\"\",\"potentialAction\":[{\"@type\":\"SearchAction\",\"target\":{\"@type\":\"EntryPoint\",\"urlTemplate\":\"https:\/\/www.parkhotelitalia.com\/de\/?s={search_term_string}\"},\"query-input\":\"required name=search_term_string\"}],\"inLanguage\":\"de-DE\"}]}<\/script>\n<!-- \/ Yoast SEO plugin. -->","yoast_head_json":{"title":"Garden &#183; Park Hotel Italia &#183;","description":"Die Zimmer mit Gartenblick genie\u00dfen den Blick auf den Park mit den Bl\u00fcten der verschiedenen Jahreszeiten: Kamelien und Azelas im Fr\u00fchling, Gardenien und Agapantus in den Sommermonaten und Oratensien und Dahlien im Herbst.  Auf dem mit St\u00fchlen und Tischen ausgestatteten Balkon k\u00f6nnen Sie auch den Sonnenuntergang hinter dem Gipfel des Monte Morissolo genie\u00dfen, der hinter unserem Park auftaucht. Moment der Erleichterung von der Sommerhitze des Tages.  Das Zimmer hat eine Fl\u00e4che von ca","robots":{"index":"index","follow":"follow","max-snippet":"max-snippet:-1","max-image-preview":"max-image-preview:large","max-video-preview":"max-video-preview:-1"},"canonical":"https:\/\/www.parkhotelitalia.com\/de\/zimmer-und-suiten\/garden\/","og_locale":"de_DE","og_type":"article","og_title":"Garden &#183; Park Hotel Italia &#183;","og_description":"Die Zimmer mit Gartenblick genie\u00dfen den Blick auf den Park mit den Bl\u00fcten der verschiedenen Jahreszeiten: Kamelien und Azelas im Fr\u00fchling, Gardenien und Agapantus in den Sommermonaten und Oratensien und Dahlien im Herbst.  Auf dem mit St\u00fchlen und Tischen ausgestatteten Balkon k\u00f6nnen Sie auch den Sonnenuntergang hinter dem Gipfel des Monte Morissolo genie\u00dfen, der hinter unserem Park auftaucht. Moment der Erleichterung von der Sommerhitze des Tages.  Das Zimmer hat eine Fl\u00e4che von ca","og_url":"https:\/\/www.parkhotelitalia.com\/de\/zimmer-und-suiten\/garden\/","og_site_name":"Park Hotel Italia","article_modified_time":"2023-05-22T13:49:38+00:00","twitter_card":"summary_large_image","twitter_misc":{"Gesch\u00e4tzte Lesezeit":"1 Minute"},"schema":{"@context":"https:\/\/schema.org","@graph":[{"@type":"WebPage","@id":"https:\/\/www.parkhotelitalia.com\/de\/zimmer-und-suiten\/garden\/","url":"https:\/\/www.parkhotelitalia.com\/de\/zimmer-und-suiten\/garden\/","name":"Garden &#183; Park Hotel Italia &#183;","isPartOf":{"@id":"https:\/\/www.parkhotelitalia.com\/de\/#website"},"datePublished":"2023-05-19T11:12:47+00:00","dateModified":"2023-05-22T13:49:38+00:00","description":"Die Zimmer mit Gartenblick genie\u00dfen den Blick auf den Park mit den Bl\u00fcten der verschiedenen Jahreszeiten: Kamelien und Azelas im Fr\u00fchling, Gardenien und Agapantus in den Sommermonaten und Oratensien und Dahlien im Herbst. Auf dem mit St\u00fchlen und Tischen ausgestatteten Balkon k\u00f6nnen Sie auch den Sonnenuntergang hinter dem Gipfel des Monte Morissolo genie\u00dfen, der hinter unserem Park auftaucht. Moment der Erleichterung von der Sommerhitze des Tages. Das Zimmer hat eine Fl\u00e4che von ca","breadcrumb":{"@id":"https:\/\/www.parkhotelitalia.com\/de\/zimmer-und-suiten\/garden\/#breadcrumb"},"inLanguage":"de-DE","potentialAction":[{"@type":"ReadAction","target":["https:\/\/www.parkhotelitalia.com\/de\/zimmer-und-suiten\/garden\/"]}]},{"@type":"BreadcrumbList","@id":"https:\/\/www.parkhotelitalia.com\/de\/zimmer-und-suiten\/garden\/#breadcrumb","itemListElement":[{"@type":"ListItem","position":1,"name":"Home","item":"https:\/\/www.parkhotelitalia.com\/de\/"},{"@type":"ListItem","position":2,"name":"Zimmer und Suiten","item":"https:\/\/www.parkhotelitalia.com\/de\/zimmer-und-suiten\/"},{"@type":"ListItem","position":3,"name":"Garden"}]},{"@type":"WebSite","@id":"https:\/\/www.parkhotelitalia.com\/de\/#website","url":"https:\/\/www.parkhotelitalia.com\/de\/","name":"Park Hotel Italia","description":"","potentialAction":[{"@type":"SearchAction","target":{"@type":"EntryPoint","urlTemplate":"https:\/\/www.parkhotelitalia.com\/de\/?s={search_term_string}"},"query-input":"required name=search_term_string"}],"inLanguage":"de-DE"}]}},"acf":[],"_links":{"self":[{"href":"https:\/\/www.parkhotelitalia.com\/de\/wp-json\/wp\/v2\/pages\/368"}],"collection":[{"href":"https:\/\/www.parkhotelitalia.com\/de\/wp-json\/wp\/v2\/pages"}],"about":[{"href":"https:\/\/www.parkhotelitalia.com\/de\/wp-json\/wp\/v2\/types\/page"}],"author":[{"embeddable":true,"href":"https:\/\/www.parkhotelitalia.com\/de\/wp-json\/wp\/v2\/users\/26"}],"replies":[{"embeddable":true,"href":"https:\/\/www.parkhotelitalia.com\/de\/wp-json\/wp\/v2\/comments?post=368"}],"version-history":[{"count":0,"href":"https:\/\/www.parkhotelitalia.com\/de\/wp-json\/wp\/v2\/pages\/368\/revisions"}],"up":[{"embeddable":true,"href":"https:\/\/www.parkhotelitalia.com\/de\/wp-json\/wp\/v2\/pages\/340"}],"wp:attachment":[{"href":"https:\/\/www.parkhotelitalia.com\/de\/wp-json\/wp\/v2\/media?parent=368"}],"curies":[{"name":"wp","href":"https:\/\/api.w.org\/{rel}","templated":true}]}}