{"id":377,"date":"2023-05-19T11:19:48","date_gmt":"2023-05-19T11:19:48","guid":{"rendered":"https:\/\/parkhotelitalia.ms2.decms.eu\/?page_id=377"},"modified":"2023-05-22T13:49:54","modified_gmt":"2023-05-22T13:49:54","slug":"standard","status":"publish","type":"page","link":"https:\/\/www.parkhotelitalia.com\/de\/zimmer-und-suiten\/standard\/","title":{"rendered":"Standard"},"content":{"rendered":"<p>Die Standardzimmer befinden sich im ersten Stock und haben einen kleinen Garten, der von Bambuspflanzen umgeben ist, die die Wahrung der Privatsph\u00e4re erleichtern. Die Aussicht, die Sie genie\u00dfen k\u00f6nnen, ist die unseres Parks voller Essenzen und Bl\u00fcten. Das Giardinetto ist mit einem Tisch, St\u00fchlen und Sonnenliegen ausgestattet.<\/p>\n<p>Die M\u00f6blierung ist modern und n\u00fcchtern, die Fl\u00e4che betr\u00e4gt ca. 20 qm, das teil- und teilbare Bett hat eine Gr\u00f6\u00dfe von 1,60 m Breite und 2,00 m L\u00e4nge.<\/p>\n<p>Eines der beiden Standardzimmer ist behindertengerecht ausgestattet.<\/p>\n<p>Die modern eingerichteten Badezimmer haben ein Fenster nach au\u00dfen.<\/p>\n","protected":false},"excerpt":{"rendered":"<p>Die Standardzimmer befinden sich im ersten Stock und haben einen kleinen Garten, der von Bambuspflanzen umgeben ist, die die Wahrung der Privatsph\u00e4re erleichtern. Die Aussicht, die Sie genie\u00dfen k\u00f6nnen, ist die unseres Parks voller Essenzen und Bl\u00fcten. Das Giardinetto ist mit einem Tisch, St\u00fchlen und Sonnenliegen ausgestattet. Die M\u00f6blierung ist modern und n\u00fcchtern, die Fl\u00e4che [&hellip;]<\/p>\n","protected":false},"author":26,"featured_media":0,"parent":340,"menu_order":80,"comment_status":"closed","ping_status":"closed","template":"template-single-room.php","meta":{"footnotes":""},"yoast_head":"<!-- This site is optimized with the Yoast SEO plugin v22.3 - https:\/\/yoast.com\/wordpress\/plugins\/seo\/ -->\n<title>Standard &#183; Park Hotel Italia &#183;<\/title>\n<meta name=\"description\" content=\"Die Standardzimmer befinden sich im ersten Stock und haben einen kleinen Garten, der von Bambuspflanzen umgeben ist, die die Wahrung der Privatsph\u00e4re erleichtern. Die Aussicht, die Sie genie\u00dfen k\u00f6nnen, ist die unseres Parks voller Essenzen und Bl\u00fcten\" \/>\n<meta name=\"robots\" content=\"index, follow, max-snippet:-1, max-image-preview:large, max-video-preview:-1\" \/>\n<link rel=\"canonical\" href=\"https:\/\/www.parkhotelitalia.com\/de\/zimmer-und-suiten\/standard\/\" \/>\n<meta property=\"og:locale\" content=\"de_DE\" \/>\n<meta property=\"og:type\" content=\"article\" \/>\n<meta property=\"og:title\" content=\"Standard &#183; Park Hotel Italia &#183;\" \/>\n<meta property=\"og:description\" content=\"Die Standardzimmer befinden sich im ersten Stock und haben einen kleinen Garten, der von Bambuspflanzen umgeben ist, die die Wahrung der Privatsph\u00e4re erleichtern. Die Aussicht, die Sie genie\u00dfen k\u00f6nnen, ist die unseres Parks voller Essenzen und Bl\u00fcten\" \/>\n<meta property=\"og:url\" content=\"https:\/\/www.parkhotelitalia.com\/de\/zimmer-und-suiten\/standard\/\" \/>\n<meta property=\"og:site_name\" content=\"Park Hotel Italia\" \/>\n<meta property=\"article:modified_time\" content=\"2023-05-22T13:49:54+00:00\" \/>\n<meta name=\"twitter:card\" content=\"summary_large_image\" \/>\n<meta name=\"twitter:label1\" content=\"Gesch\u00e4tzte Lesezeit\" \/>\n\t<meta name=\"twitter:data1\" content=\"1 Minute\" \/>\n<script type=\"application\/ld+json\" class=\"yoast-schema-graph\">{\"@context\":\"https:\/\/schema.org\",\"@graph\":[{\"@type\":\"WebPage\",\"@id\":\"https:\/\/www.parkhotelitalia.com\/de\/zimmer-und-suiten\/standard\/\",\"url\":\"https:\/\/www.parkhotelitalia.com\/de\/zimmer-und-suiten\/standard\/\",\"name\":\"Standard &#183; Park Hotel Italia &#183;\",\"isPartOf\":{\"@id\":\"https:\/\/www.parkhotelitalia.com\/de\/#website\"},\"datePublished\":\"2023-05-19T11:19:48+00:00\",\"dateModified\":\"2023-05-22T13:49:54+00:00\",\"description\":\"Die Standardzimmer befinden sich im ersten Stock und haben einen kleinen Garten, der von Bambuspflanzen umgeben ist, die die Wahrung der Privatsph\u00e4re erleichtern. Die Aussicht, die Sie genie\u00dfen k\u00f6nnen, ist die unseres Parks voller Essenzen und Bl\u00fcten\",\"breadcrumb\":{\"@id\":\"https:\/\/www.parkhotelitalia.com\/de\/zimmer-und-suiten\/standard\/#breadcrumb\"},\"inLanguage\":\"de-DE\",\"potentialAction\":[{\"@type\":\"ReadAction\",\"target\":[\"https:\/\/www.parkhotelitalia.com\/de\/zimmer-und-suiten\/standard\/\"]}]},{\"@type\":\"BreadcrumbList\",\"@id\":\"https:\/\/www.parkhotelitalia.com\/de\/zimmer-und-suiten\/standard\/#breadcrumb\",\"itemListElement\":[{\"@type\":\"ListItem\",\"position\":1,\"name\":\"Home\",\"item\":\"https:\/\/www.parkhotelitalia.com\/de\/\"},{\"@type\":\"ListItem\",\"position\":2,\"name\":\"Zimmer und Suiten\",\"item\":\"https:\/\/www.parkhotelitalia.com\/de\/zimmer-und-suiten\/\"},{\"@type\":\"ListItem\",\"position\":3,\"name\":\"Standard\"}]},{\"@type\":\"WebSite\",\"@id\":\"https:\/\/www.parkhotelitalia.com\/de\/#website\",\"url\":\"https:\/\/www.parkhotelitalia.com\/de\/\",\"name\":\"Park Hotel Italia\",\"description\":\"\",\"potentialAction\":[{\"@type\":\"SearchAction\",\"target\":{\"@type\":\"EntryPoint\",\"urlTemplate\":\"https:\/\/www.parkhotelitalia.com\/de\/?s={search_term_string}\"},\"query-input\":\"required name=search_term_string\"}],\"inLanguage\":\"de-DE\"}]}<\/script>\n<!-- \/ Yoast SEO plugin. -->","yoast_head_json":{"title":"Standard &#183; Park Hotel Italia &#183;","description":"Die Standardzimmer befinden sich im ersten Stock und haben einen kleinen Garten, der von Bambuspflanzen umgeben ist, die die Wahrung der Privatsph\u00e4re erleichtern. Die Aussicht, die Sie genie\u00dfen k\u00f6nnen, ist die unseres Parks voller Essenzen und Bl\u00fcten","robots":{"index":"index","follow":"follow","max-snippet":"max-snippet:-1","max-image-preview":"max-image-preview:large","max-video-preview":"max-video-preview:-1"},"canonical":"https:\/\/www.parkhotelitalia.com\/de\/zimmer-und-suiten\/standard\/","og_locale":"de_DE","og_type":"article","og_title":"Standard &#183; Park Hotel Italia &#183;","og_description":"Die Standardzimmer befinden sich im ersten Stock und haben einen kleinen Garten, der von Bambuspflanzen umgeben ist, die die Wahrung der Privatsph\u00e4re erleichtern. Die Aussicht, die Sie genie\u00dfen k\u00f6nnen, ist die unseres Parks voller Essenzen und Bl\u00fcten","og_url":"https:\/\/www.parkhotelitalia.com\/de\/zimmer-und-suiten\/standard\/","og_site_name":"Park Hotel Italia","article_modified_time":"2023-05-22T13:49:54+00:00","twitter_card":"summary_large_image","twitter_misc":{"Gesch\u00e4tzte Lesezeit":"1 Minute"},"schema":{"@context":"https:\/\/schema.org","@graph":[{"@type":"WebPage","@id":"https:\/\/www.parkhotelitalia.com\/de\/zimmer-und-suiten\/standard\/","url":"https:\/\/www.parkhotelitalia.com\/de\/zimmer-und-suiten\/standard\/","name":"Standard &#183; Park Hotel Italia &#183;","isPartOf":{"@id":"https:\/\/www.parkhotelitalia.com\/de\/#website"},"datePublished":"2023-05-19T11:19:48+00:00","dateModified":"2023-05-22T13:49:54+00:00","description":"Die Standardzimmer befinden sich im ersten Stock und haben einen kleinen Garten, der von Bambuspflanzen umgeben ist, die die Wahrung der Privatsph\u00e4re erleichtern. Die Aussicht, die Sie genie\u00dfen k\u00f6nnen, ist die unseres Parks voller Essenzen und Bl\u00fcten","breadcrumb":{"@id":"https:\/\/www.parkhotelitalia.com\/de\/zimmer-und-suiten\/standard\/#breadcrumb"},"inLanguage":"de-DE","potentialAction":[{"@type":"ReadAction","target":["https:\/\/www.parkhotelitalia.com\/de\/zimmer-und-suiten\/standard\/"]}]},{"@type":"BreadcrumbList","@id":"https:\/\/www.parkhotelitalia.com\/de\/zimmer-und-suiten\/standard\/#breadcrumb","itemListElement":[{"@type":"ListItem","position":1,"name":"Home","item":"https:\/\/www.parkhotelitalia.com\/de\/"},{"@type":"ListItem","position":2,"name":"Zimmer und Suiten","item":"https:\/\/www.parkhotelitalia.com\/de\/zimmer-und-suiten\/"},{"@type":"ListItem","position":3,"name":"Standard"}]},{"@type":"WebSite","@id":"https:\/\/www.parkhotelitalia.com\/de\/#website","url":"https:\/\/www.parkhotelitalia.com\/de\/","name":"Park Hotel Italia","description":"","potentialAction":[{"@type":"SearchAction","target":{"@type":"EntryPoint","urlTemplate":"https:\/\/www.parkhotelitalia.com\/de\/?s={search_term_string}"},"query-input":"required name=search_term_string"}],"inLanguage":"de-DE"}]}},"acf":[],"_links":{"self":[{"href":"https:\/\/www.parkhotelitalia.com\/de\/wp-json\/wp\/v2\/pages\/377"}],"collection":[{"href":"https:\/\/www.parkhotelitalia.com\/de\/wp-json\/wp\/v2\/pages"}],"about":[{"href":"https:\/\/www.parkhotelitalia.com\/de\/wp-json\/wp\/v2\/types\/page"}],"author":[{"embeddable":true,"href":"https:\/\/www.parkhotelitalia.com\/de\/wp-json\/wp\/v2\/users\/26"}],"replies":[{"embeddable":true,"href":"https:\/\/www.parkhotelitalia.com\/de\/wp-json\/wp\/v2\/comments?post=377"}],"version-history":[{"count":0,"href":"https:\/\/www.parkhotelitalia.com\/de\/wp-json\/wp\/v2\/pages\/377\/revisions"}],"up":[{"embeddable":true,"href":"https:\/\/www.parkhotelitalia.com\/de\/wp-json\/wp\/v2\/pages\/340"}],"wp:attachment":[{"href":"https:\/\/www.parkhotelitalia.com\/de\/wp-json\/wp\/v2\/media?parent=377"}],"curies":[{"name":"wp","href":"https:\/\/api.w.org\/{rel}","templated":true}]}}