{"id":437,"date":"2023-05-19T14:58:54","date_gmt":"2023-05-19T14:58:54","guid":{"rendered":"https:\/\/parkhotelitalia.ms2.decms.eu\/?page_id=437"},"modified":"2026-04-15T11:14:39","modified_gmt":"2026-04-15T11:14:39","slug":"die-zagare-beauty-farms","status":"publish","type":"page","link":"https:\/\/www.parkhotelitalia.com\/de\/die-zagare-beauty-farms\/","title":{"rendered":"Die Zagare Beauty Farms"},"content":{"rendered":"<p style=\"text-align: center\"><strong>Die Beauty Farm Le Zagare ist eine Oase der Ruhe und des Wohlbefindens, ein exklusiver Ort, um dem Alltag zu entfliehen.<\/strong><\/p>\n<p style=\"text-align: center\"><strong>Die Private SPA Suite im Hotel ist ein intimer Bereich, der ausschlie\u00dflich f\u00fcr zwei Personen reserviert ist und ein privates Erlebnis von einer Stunde Dauer bietet.<\/strong> Das Angebot umfasst Whirlpool, Sauna, t\u00fcrkisches Bad, Erlebnisdusche sowie einen Ruhebereich mit Kr\u00e4utertees.<\/p>\n<p style=\"text-align: center\"><strong><u>Der Zugang zur SPA Suite sowie alle Anwendungen sind nicht im Aufenthalt inbegriffen und nur nach vorheriger Reservierung gegen Aufpreis verf\u00fcgbar.<\/u><\/strong><\/p>\n<p style=\"text-align: center\">Alle SPA-Leistungen stehen auch externen G\u00e4sten nach Reservierung von 10:00 bis 13:30 Uhr zur Verf\u00fcgung.<\/p>\n<p style=\"text-align: center\">Kostenfreie Stornierung bis 24 Stunden im Voraus; andernfalls wird der volle Betrag berechnet. Der Zutritt ist Personen unter 16 Jahren nicht gestattet.<\/p>\n<p style=\"text-align: center\">Bei gesundheitlichen Problemen ist es erforderlich, die Direktion zu informieren und vorab den eigenen Arzt zu konsultieren. Das Hotel \u00fcbernimmt keine Haftung bei Nichtbeachtung dieser Hinweise.<\/p>\n<p style=\"text-align: center\">Bleiben Sie mit unseren Neuigkeiten auf dem Laufenden, folgen Sie uns auf <a href=\"https:\/\/www.facebook.com\/beautyfarmlezagare\/\">Facebook<\/a> und <a href=\"https:\/\/www.instagram.com\/lezagare.beautyfarm\/\">Instagram<\/a><\/p>\n","protected":false},"excerpt":{"rendered":"<p>Die Beauty Farm Le Zagare ist eine Oase der Ruhe und des Wohlbefindens, ein exklusiver Ort, um dem Alltag zu entfliehen. Die Private SPA Suite im Hotel ist ein intimer Bereich, der ausschlie\u00dflich f\u00fcr zwei Personen reserviert ist und ein privates Erlebnis von einer Stunde Dauer bietet. Das Angebot umfasst Whirlpool, Sauna, t\u00fcrkisches Bad, Erlebnisdusche [&hellip;]<\/p>\n","protected":false},"author":26,"featured_media":0,"parent":0,"menu_order":35,"comment_status":"closed","ping_status":"closed","template":"template-spa.php","meta":{"footnotes":""},"yoast_head":"<!-- This site is optimized with the Yoast SEO plugin v22.3 - https:\/\/yoast.com\/wordpress\/plugins\/seo\/ -->\n<title>Die Zagare Beauty Farms &#183; Park Hotel Italia &#183;<\/title>\n<meta name=\"description\" content=\"Die Beauty Farm Le Zagare ist eine Oase der Ruhe und des Wohlbefindens, ein exklusiver Ort, um dem Alltag zu entfliehen. Die Private SPA Suite im Hotel ist ein intimer Bereich, der ausschlie\u00dflich f\u00fcr zwei Personen reserviert ist und ein privates Erlebnis von einer Stunde Dauer bietet. Das Angebot umfasst Whirlpool, Sauna, t\u00fcrkisches Bad, Erlebnisdusche sowie einen Ruhebereich mit Kr\u00e4utertees. Der Zugang zur SPA Suite sowie alle Anwendungen sind nicht im Aufenthalt inbegriffen und nur nach vorheriger Reservierung gegen Aufpreis verf\u00fcgbar. Alle SPA-Leistungen stehen auch externen G\u00e4sten nach Reservierung von 10:00 bis 13:30 Uhr zur Verf\u00fcgung. Kostenfreie Stornierung bis 24 Stunden im Voraus; andernfalls wird der volle Betrag berechnet. Der Zutritt ist Personen unter 16 Jahren nicht gestattet. Bei gesundheitlichen Problemen ist es erforderlich, die Direktion zu informieren und vorab den eigenen Arzt zu konsultieren\" \/>\n<meta name=\"robots\" content=\"index, follow, max-snippet:-1, max-image-preview:large, max-video-preview:-1\" \/>\n<link rel=\"canonical\" href=\"https:\/\/www.parkhotelitalia.com\/de\/die-zagare-beauty-farms\/\" \/>\n<meta property=\"og:locale\" content=\"de_DE\" \/>\n<meta property=\"og:type\" content=\"article\" \/>\n<meta property=\"og:title\" content=\"Die Zagare Beauty Farms &#183; Park Hotel Italia &#183;\" \/>\n<meta property=\"og:description\" content=\"Die Beauty Farm Le Zagare ist eine Oase der Ruhe und des Wohlbefindens, ein exklusiver Ort, um dem Alltag zu entfliehen. Die Private SPA Suite im Hotel ist ein intimer Bereich, der ausschlie\u00dflich f\u00fcr zwei Personen reserviert ist und ein privates Erlebnis von einer Stunde Dauer bietet. Das Angebot umfasst Whirlpool, Sauna, t\u00fcrkisches Bad, Erlebnisdusche sowie einen Ruhebereich mit Kr\u00e4utertees. Der Zugang zur SPA Suite sowie alle Anwendungen sind nicht im Aufenthalt inbegriffen und nur nach vorheriger Reservierung gegen Aufpreis verf\u00fcgbar. Alle SPA-Leistungen stehen auch externen G\u00e4sten nach Reservierung von 10:00 bis 13:30 Uhr zur Verf\u00fcgung. Kostenfreie Stornierung bis 24 Stunden im Voraus; andernfalls wird der volle Betrag berechnet. Der Zutritt ist Personen unter 16 Jahren nicht gestattet. Bei gesundheitlichen Problemen ist es erforderlich, die Direktion zu informieren und vorab den eigenen Arzt zu konsultieren\" \/>\n<meta property=\"og:url\" content=\"https:\/\/www.parkhotelitalia.com\/de\/die-zagare-beauty-farms\/\" \/>\n<meta property=\"og:site_name\" content=\"Park Hotel Italia\" \/>\n<meta property=\"article:modified_time\" content=\"2026-04-15T11:14:39+00:00\" \/>\n<meta name=\"twitter:card\" content=\"summary_large_image\" \/>\n<meta name=\"twitter:label1\" content=\"Gesch\u00e4tzte Lesezeit\" \/>\n\t<meta name=\"twitter:data1\" content=\"1 Minute\" \/>\n<script type=\"application\/ld+json\" class=\"yoast-schema-graph\">{\"@context\":\"https:\/\/schema.org\",\"@graph\":[{\"@type\":\"WebPage\",\"@id\":\"https:\/\/www.parkhotelitalia.com\/de\/die-zagare-beauty-farms\/\",\"url\":\"https:\/\/www.parkhotelitalia.com\/de\/die-zagare-beauty-farms\/\",\"name\":\"Die Zagare Beauty Farms &#183; Park Hotel Italia &#183;\",\"isPartOf\":{\"@id\":\"https:\/\/www.parkhotelitalia.com\/de\/#website\"},\"datePublished\":\"2023-05-19T14:58:54+00:00\",\"dateModified\":\"2026-04-15T11:14:39+00:00\",\"description\":\"Die Beauty Farm Le Zagare ist eine Oase der Ruhe und des Wohlbefindens, ein exklusiver Ort, um dem Alltag zu entfliehen. Die Private SPA Suite im Hotel ist ein intimer Bereich, der ausschlie\u00dflich f\u00fcr zwei Personen reserviert ist und ein privates Erlebnis von einer Stunde Dauer bietet. Das Angebot umfasst Whirlpool, Sauna, t\u00fcrkisches Bad, Erlebnisdusche sowie einen Ruhebereich mit Kr\u00e4utertees. Der Zugang zur SPA Suite sowie alle Anwendungen sind nicht im Aufenthalt inbegriffen und nur nach vorheriger Reservierung gegen Aufpreis verf\u00fcgbar. Alle SPA-Leistungen stehen auch externen G\u00e4sten nach Reservierung von 10:00 bis 13:30 Uhr zur Verf\u00fcgung. Kostenfreie Stornierung bis 24 Stunden im Voraus; andernfalls wird der volle Betrag berechnet. Der Zutritt ist Personen unter 16 Jahren nicht gestattet. Bei gesundheitlichen Problemen ist es erforderlich, die Direktion zu informieren und vorab den eigenen Arzt zu konsultieren\",\"breadcrumb\":{\"@id\":\"https:\/\/www.parkhotelitalia.com\/de\/die-zagare-beauty-farms\/#breadcrumb\"},\"inLanguage\":\"de-DE\",\"potentialAction\":[{\"@type\":\"ReadAction\",\"target\":[\"https:\/\/www.parkhotelitalia.com\/de\/die-zagare-beauty-farms\/\"]}]},{\"@type\":\"BreadcrumbList\",\"@id\":\"https:\/\/www.parkhotelitalia.com\/de\/die-zagare-beauty-farms\/#breadcrumb\",\"itemListElement\":[{\"@type\":\"ListItem\",\"position\":1,\"name\":\"Home\",\"item\":\"https:\/\/www.parkhotelitalia.com\/de\/\"},{\"@type\":\"ListItem\",\"position\":2,\"name\":\"Die Zagare Beauty Farms\"}]},{\"@type\":\"WebSite\",\"@id\":\"https:\/\/www.parkhotelitalia.com\/de\/#website\",\"url\":\"https:\/\/www.parkhotelitalia.com\/de\/\",\"name\":\"Park Hotel Italia\",\"description\":\"\",\"potentialAction\":[{\"@type\":\"SearchAction\",\"target\":{\"@type\":\"EntryPoint\",\"urlTemplate\":\"https:\/\/www.parkhotelitalia.com\/de\/?s={search_term_string}\"},\"query-input\":\"required name=search_term_string\"}],\"inLanguage\":\"de-DE\"}]}<\/script>\n<!-- \/ Yoast SEO plugin. -->","yoast_head_json":{"title":"Die Zagare Beauty Farms &#183; Park Hotel Italia &#183;","description":"Die Beauty Farm Le Zagare ist eine Oase der Ruhe und des Wohlbefindens, ein exklusiver Ort, um dem Alltag zu entfliehen. Die Private SPA Suite im Hotel ist ein intimer Bereich, der ausschlie\u00dflich f\u00fcr zwei Personen reserviert ist und ein privates Erlebnis von einer Stunde Dauer bietet. Das Angebot umfasst Whirlpool, Sauna, t\u00fcrkisches Bad, Erlebnisdusche sowie einen Ruhebereich mit Kr\u00e4utertees. Der Zugang zur SPA Suite sowie alle Anwendungen sind nicht im Aufenthalt inbegriffen und nur nach vorheriger Reservierung gegen Aufpreis verf\u00fcgbar. Alle SPA-Leistungen stehen auch externen G\u00e4sten nach Reservierung von 10:00 bis 13:30 Uhr zur Verf\u00fcgung. Kostenfreie Stornierung bis 24 Stunden im Voraus; andernfalls wird der volle Betrag berechnet. Der Zutritt ist Personen unter 16 Jahren nicht gestattet. Bei gesundheitlichen Problemen ist es erforderlich, die Direktion zu informieren und vorab den eigenen Arzt zu konsultieren","robots":{"index":"index","follow":"follow","max-snippet":"max-snippet:-1","max-image-preview":"max-image-preview:large","max-video-preview":"max-video-preview:-1"},"canonical":"https:\/\/www.parkhotelitalia.com\/de\/die-zagare-beauty-farms\/","og_locale":"de_DE","og_type":"article","og_title":"Die Zagare Beauty Farms &#183; Park Hotel Italia &#183;","og_description":"Die Beauty Farm Le Zagare ist eine Oase der Ruhe und des Wohlbefindens, ein exklusiver Ort, um dem Alltag zu entfliehen. Die Private SPA Suite im Hotel ist ein intimer Bereich, der ausschlie\u00dflich f\u00fcr zwei Personen reserviert ist und ein privates Erlebnis von einer Stunde Dauer bietet. Das Angebot umfasst Whirlpool, Sauna, t\u00fcrkisches Bad, Erlebnisdusche sowie einen Ruhebereich mit Kr\u00e4utertees. Der Zugang zur SPA Suite sowie alle Anwendungen sind nicht im Aufenthalt inbegriffen und nur nach vorheriger Reservierung gegen Aufpreis verf\u00fcgbar. Alle SPA-Leistungen stehen auch externen G\u00e4sten nach Reservierung von 10:00 bis 13:30 Uhr zur Verf\u00fcgung. Kostenfreie Stornierung bis 24 Stunden im Voraus; andernfalls wird der volle Betrag berechnet. Der Zutritt ist Personen unter 16 Jahren nicht gestattet. Bei gesundheitlichen Problemen ist es erforderlich, die Direktion zu informieren und vorab den eigenen Arzt zu konsultieren","og_url":"https:\/\/www.parkhotelitalia.com\/de\/die-zagare-beauty-farms\/","og_site_name":"Park Hotel Italia","article_modified_time":"2026-04-15T11:14:39+00:00","twitter_card":"summary_large_image","twitter_misc":{"Gesch\u00e4tzte Lesezeit":"1 Minute"},"schema":{"@context":"https:\/\/schema.org","@graph":[{"@type":"WebPage","@id":"https:\/\/www.parkhotelitalia.com\/de\/die-zagare-beauty-farms\/","url":"https:\/\/www.parkhotelitalia.com\/de\/die-zagare-beauty-farms\/","name":"Die Zagare Beauty Farms &#183; Park Hotel Italia &#183;","isPartOf":{"@id":"https:\/\/www.parkhotelitalia.com\/de\/#website"},"datePublished":"2023-05-19T14:58:54+00:00","dateModified":"2026-04-15T11:14:39+00:00","description":"Die Beauty Farm Le Zagare ist eine Oase der Ruhe und des Wohlbefindens, ein exklusiver Ort, um dem Alltag zu entfliehen. Die Private SPA Suite im Hotel ist ein intimer Bereich, der ausschlie\u00dflich f\u00fcr zwei Personen reserviert ist und ein privates Erlebnis von einer Stunde Dauer bietet. Das Angebot umfasst Whirlpool, Sauna, t\u00fcrkisches Bad, Erlebnisdusche sowie einen Ruhebereich mit Kr\u00e4utertees. Der Zugang zur SPA Suite sowie alle Anwendungen sind nicht im Aufenthalt inbegriffen und nur nach vorheriger Reservierung gegen Aufpreis verf\u00fcgbar. Alle SPA-Leistungen stehen auch externen G\u00e4sten nach Reservierung von 10:00 bis 13:30 Uhr zur Verf\u00fcgung. Kostenfreie Stornierung bis 24 Stunden im Voraus; andernfalls wird der volle Betrag berechnet. Der Zutritt ist Personen unter 16 Jahren nicht gestattet. Bei gesundheitlichen Problemen ist es erforderlich, die Direktion zu informieren und vorab den eigenen Arzt zu konsultieren","breadcrumb":{"@id":"https:\/\/www.parkhotelitalia.com\/de\/die-zagare-beauty-farms\/#breadcrumb"},"inLanguage":"de-DE","potentialAction":[{"@type":"ReadAction","target":["https:\/\/www.parkhotelitalia.com\/de\/die-zagare-beauty-farms\/"]}]},{"@type":"BreadcrumbList","@id":"https:\/\/www.parkhotelitalia.com\/de\/die-zagare-beauty-farms\/#breadcrumb","itemListElement":[{"@type":"ListItem","position":1,"name":"Home","item":"https:\/\/www.parkhotelitalia.com\/de\/"},{"@type":"ListItem","position":2,"name":"Die Zagare Beauty Farms"}]},{"@type":"WebSite","@id":"https:\/\/www.parkhotelitalia.com\/de\/#website","url":"https:\/\/www.parkhotelitalia.com\/de\/","name":"Park Hotel Italia","description":"","potentialAction":[{"@type":"SearchAction","target":{"@type":"EntryPoint","urlTemplate":"https:\/\/www.parkhotelitalia.com\/de\/?s={search_term_string}"},"query-input":"required name=search_term_string"}],"inLanguage":"de-DE"}]}},"acf":[],"_links":{"self":[{"href":"https:\/\/www.parkhotelitalia.com\/de\/wp-json\/wp\/v2\/pages\/437"}],"collection":[{"href":"https:\/\/www.parkhotelitalia.com\/de\/wp-json\/wp\/v2\/pages"}],"about":[{"href":"https:\/\/www.parkhotelitalia.com\/de\/wp-json\/wp\/v2\/types\/page"}],"author":[{"embeddable":true,"href":"https:\/\/www.parkhotelitalia.com\/de\/wp-json\/wp\/v2\/users\/26"}],"replies":[{"embeddable":true,"href":"https:\/\/www.parkhotelitalia.com\/de\/wp-json\/wp\/v2\/comments?post=437"}],"version-history":[{"count":0,"href":"https:\/\/www.parkhotelitalia.com\/de\/wp-json\/wp\/v2\/pages\/437\/revisions"}],"wp:attachment":[{"href":"https:\/\/www.parkhotelitalia.com\/de\/wp-json\/wp\/v2\/media?parent=437"}],"curies":[{"name":"wp","href":"https:\/\/api.w.org\/{rel}","templated":true}]}}