{"id":450,"date":"2023-05-19T15:30:59","date_gmt":"2023-05-19T15:30:59","guid":{"rendered":"https:\/\/parkhotelitalia.ms2.decms.eu\/?page_id=450"},"modified":"2026-04-16T08:17:35","modified_gmt":"2026-04-16T08:17:35","slug":"massagen","status":"publish","type":"page","link":"https:\/\/www.parkhotelitalia.com\/de\/die-zagare-beauty-farms\/massagen\/","title":{"rendered":"Massagen"},"content":{"rendered":"<p>Passwort-Entspannung. Ein Moment des Wohlbefindens, gepr\u00e4gt von Bewegungen und Druckver\u00e4nderungen, die auf die Heilung und Regeneration des K\u00f6rpers und des Menschen abzielen. Wir bieten verschiedene Arten von Massagen an, passend f\u00fcr alle Bed\u00fcrfnisse.<\/p>\n","protected":false},"excerpt":{"rendered":"<p>Passwort-Entspannung. Ein Moment des Wohlbefindens, gepr\u00e4gt von Bewegungen und Druckver\u00e4nderungen, die auf die Heilung und Regeneration des K\u00f6rpers und des Menschen abzielen. Wir bieten verschiedene Arten von Massagen an, passend f\u00fcr alle Bed\u00fcrfnisse.<\/p>\n","protected":false},"author":26,"featured_media":0,"parent":437,"menu_order":20,"comment_status":"closed","ping_status":"closed","template":"template-single-spa.php","meta":{"footnotes":""},"yoast_head":"<!-- This site is optimized with the Yoast SEO plugin v22.3 - https:\/\/yoast.com\/wordpress\/plugins\/seo\/ -->\n<title>Massagen &#183; Park Hotel Italia &#183;<\/title>\n<meta name=\"description\" content=\"Passwort-Entspannung. Ein Moment des Wohlbefindens, gepr\u00e4gt von Bewegungen und Druckver\u00e4nderungen, die auf die Heilung und Regeneration des K\u00f6rpers und des Menschen abzielen\" \/>\n<meta name=\"robots\" content=\"index, follow, max-snippet:-1, max-image-preview:large, max-video-preview:-1\" \/>\n<link rel=\"canonical\" href=\"https:\/\/www.parkhotelitalia.com\/de\/die-zagare-beauty-farms\/massagen\/\" \/>\n<meta property=\"og:locale\" content=\"de_DE\" \/>\n<meta property=\"og:type\" content=\"article\" \/>\n<meta property=\"og:title\" content=\"Massagen &#183; Park Hotel Italia &#183;\" \/>\n<meta property=\"og:description\" content=\"Passwort-Entspannung. Ein Moment des Wohlbefindens, gepr\u00e4gt von Bewegungen und Druckver\u00e4nderungen, die auf die Heilung und Regeneration des K\u00f6rpers und des Menschen abzielen\" \/>\n<meta property=\"og:url\" content=\"https:\/\/www.parkhotelitalia.com\/de\/die-zagare-beauty-farms\/massagen\/\" \/>\n<meta property=\"og:site_name\" content=\"Park Hotel Italia\" \/>\n<meta property=\"article:modified_time\" content=\"2026-04-16T08:17:35+00:00\" \/>\n<meta name=\"twitter:card\" content=\"summary_large_image\" \/>\n<meta name=\"twitter:label1\" content=\"Gesch\u00e4tzte Lesezeit\" \/>\n\t<meta name=\"twitter:data1\" content=\"1 Minute\" \/>\n<script type=\"application\/ld+json\" class=\"yoast-schema-graph\">{\"@context\":\"https:\/\/schema.org\",\"@graph\":[{\"@type\":\"WebPage\",\"@id\":\"https:\/\/www.parkhotelitalia.com\/de\/die-zagare-beauty-farms\/massagen\/\",\"url\":\"https:\/\/www.parkhotelitalia.com\/de\/die-zagare-beauty-farms\/massagen\/\",\"name\":\"Massagen &#183; Park Hotel Italia &#183;\",\"isPartOf\":{\"@id\":\"https:\/\/www.parkhotelitalia.com\/de\/#website\"},\"datePublished\":\"2023-05-19T15:30:59+00:00\",\"dateModified\":\"2026-04-16T08:17:35+00:00\",\"description\":\"Passwort-Entspannung. Ein Moment des Wohlbefindens, gepr\u00e4gt von Bewegungen und Druckver\u00e4nderungen, die auf die Heilung und Regeneration des K\u00f6rpers und des Menschen abzielen\",\"breadcrumb\":{\"@id\":\"https:\/\/www.parkhotelitalia.com\/de\/die-zagare-beauty-farms\/massagen\/#breadcrumb\"},\"inLanguage\":\"de-DE\",\"potentialAction\":[{\"@type\":\"ReadAction\",\"target\":[\"https:\/\/www.parkhotelitalia.com\/de\/die-zagare-beauty-farms\/massagen\/\"]}]},{\"@type\":\"BreadcrumbList\",\"@id\":\"https:\/\/www.parkhotelitalia.com\/de\/die-zagare-beauty-farms\/massagen\/#breadcrumb\",\"itemListElement\":[{\"@type\":\"ListItem\",\"position\":1,\"name\":\"Home\",\"item\":\"https:\/\/www.parkhotelitalia.com\/de\/\"},{\"@type\":\"ListItem\",\"position\":2,\"name\":\"Die Zagare Beauty Farms\",\"item\":\"https:\/\/www.parkhotelitalia.com\/de\/die-zagare-beauty-farms\/\"},{\"@type\":\"ListItem\",\"position\":3,\"name\":\"Massagen\"}]},{\"@type\":\"WebSite\",\"@id\":\"https:\/\/www.parkhotelitalia.com\/de\/#website\",\"url\":\"https:\/\/www.parkhotelitalia.com\/de\/\",\"name\":\"Park Hotel Italia\",\"description\":\"\",\"potentialAction\":[{\"@type\":\"SearchAction\",\"target\":{\"@type\":\"EntryPoint\",\"urlTemplate\":\"https:\/\/www.parkhotelitalia.com\/de\/?s={search_term_string}\"},\"query-input\":\"required name=search_term_string\"}],\"inLanguage\":\"de-DE\"}]}<\/script>\n<!-- \/ Yoast SEO plugin. -->","yoast_head_json":{"title":"Massagen &#183; Park Hotel Italia &#183;","description":"Passwort-Entspannung. Ein Moment des Wohlbefindens, gepr\u00e4gt von Bewegungen und Druckver\u00e4nderungen, die auf die Heilung und Regeneration des K\u00f6rpers und des Menschen abzielen","robots":{"index":"index","follow":"follow","max-snippet":"max-snippet:-1","max-image-preview":"max-image-preview:large","max-video-preview":"max-video-preview:-1"},"canonical":"https:\/\/www.parkhotelitalia.com\/de\/die-zagare-beauty-farms\/massagen\/","og_locale":"de_DE","og_type":"article","og_title":"Massagen &#183; Park Hotel Italia &#183;","og_description":"Passwort-Entspannung. Ein Moment des Wohlbefindens, gepr\u00e4gt von Bewegungen und Druckver\u00e4nderungen, die auf die Heilung und Regeneration des K\u00f6rpers und des Menschen abzielen","og_url":"https:\/\/www.parkhotelitalia.com\/de\/die-zagare-beauty-farms\/massagen\/","og_site_name":"Park Hotel Italia","article_modified_time":"2026-04-16T08:17:35+00:00","twitter_card":"summary_large_image","twitter_misc":{"Gesch\u00e4tzte Lesezeit":"1 Minute"},"schema":{"@context":"https:\/\/schema.org","@graph":[{"@type":"WebPage","@id":"https:\/\/www.parkhotelitalia.com\/de\/die-zagare-beauty-farms\/massagen\/","url":"https:\/\/www.parkhotelitalia.com\/de\/die-zagare-beauty-farms\/massagen\/","name":"Massagen &#183; Park Hotel Italia &#183;","isPartOf":{"@id":"https:\/\/www.parkhotelitalia.com\/de\/#website"},"datePublished":"2023-05-19T15:30:59+00:00","dateModified":"2026-04-16T08:17:35+00:00","description":"Passwort-Entspannung. Ein Moment des Wohlbefindens, gepr\u00e4gt von Bewegungen und Druckver\u00e4nderungen, die auf die Heilung und Regeneration des K\u00f6rpers und des Menschen abzielen","breadcrumb":{"@id":"https:\/\/www.parkhotelitalia.com\/de\/die-zagare-beauty-farms\/massagen\/#breadcrumb"},"inLanguage":"de-DE","potentialAction":[{"@type":"ReadAction","target":["https:\/\/www.parkhotelitalia.com\/de\/die-zagare-beauty-farms\/massagen\/"]}]},{"@type":"BreadcrumbList","@id":"https:\/\/www.parkhotelitalia.com\/de\/die-zagare-beauty-farms\/massagen\/#breadcrumb","itemListElement":[{"@type":"ListItem","position":1,"name":"Home","item":"https:\/\/www.parkhotelitalia.com\/de\/"},{"@type":"ListItem","position":2,"name":"Die Zagare Beauty Farms","item":"https:\/\/www.parkhotelitalia.com\/de\/die-zagare-beauty-farms\/"},{"@type":"ListItem","position":3,"name":"Massagen"}]},{"@type":"WebSite","@id":"https:\/\/www.parkhotelitalia.com\/de\/#website","url":"https:\/\/www.parkhotelitalia.com\/de\/","name":"Park Hotel Italia","description":"","potentialAction":[{"@type":"SearchAction","target":{"@type":"EntryPoint","urlTemplate":"https:\/\/www.parkhotelitalia.com\/de\/?s={search_term_string}"},"query-input":"required name=search_term_string"}],"inLanguage":"de-DE"}]}},"acf":[],"_links":{"self":[{"href":"https:\/\/www.parkhotelitalia.com\/de\/wp-json\/wp\/v2\/pages\/450"}],"collection":[{"href":"https:\/\/www.parkhotelitalia.com\/de\/wp-json\/wp\/v2\/pages"}],"about":[{"href":"https:\/\/www.parkhotelitalia.com\/de\/wp-json\/wp\/v2\/types\/page"}],"author":[{"embeddable":true,"href":"https:\/\/www.parkhotelitalia.com\/de\/wp-json\/wp\/v2\/users\/26"}],"replies":[{"embeddable":true,"href":"https:\/\/www.parkhotelitalia.com\/de\/wp-json\/wp\/v2\/comments?post=450"}],"version-history":[{"count":0,"href":"https:\/\/www.parkhotelitalia.com\/de\/wp-json\/wp\/v2\/pages\/450\/revisions"}],"up":[{"embeddable":true,"href":"https:\/\/www.parkhotelitalia.com\/de\/wp-json\/wp\/v2\/pages\/437"}],"wp:attachment":[{"href":"https:\/\/www.parkhotelitalia.com\/de\/wp-json\/wp\/v2\/media?parent=450"}],"curies":[{"name":"wp","href":"https:\/\/api.w.org\/{rel}","templated":true}]}}