{"id":291,"date":"2023-05-17T14:11:22","date_gmt":"2023-05-17T14:11:22","guid":{"rendered":"https:\/\/parkhotelitalia.ms2.decms.eu\/?page_id=291"},"modified":"2026-03-06T21:18:39","modified_gmt":"2026-03-06T21:18:39","slug":"park-hotel-italia","status":"publish","type":"page","link":"https:\/\/www.parkhotelitalia.com\/fr\/","title":{"rendered":"Park Hotel Italia"},"content":{"rendered":"<p>Pr\u00e8s des rives du lac, entour\u00e9e de verdure et avec une vue \u00e0 couper le souffle, notre structure est situ\u00e9e \u00e0 Cannero Riviera, une petite ville sur les rives du lac Majeur.<\/p>\n<p>Nous sommes caract\u00e9ris\u00e9s par une histoire ancienne qui remonte au d\u00e9but des ann\u00e9es 1900, lorsque la famille De Stefani a construit l&rsquo;h\u00f4tel et lui a donn\u00e9 le nom de \u00ab\u00a0H\u00f4tel Italie\u00a0\u00bb. Une premi\u00e8re restructuration a ensuite conduit \u00e0 un changement de d\u00e9nomination qui est devenue \u00ab\u00a0Grand&rsquo;Italia\u00a0\u00bb.<\/p>\n<p>Enfin, en 2014, il a \u00e9t\u00e9 repris par la famille Gallinotto &#8211; Cavagnera qui en est actuellement propri\u00e9taire et qui l&rsquo;a transform\u00e9 en l&rsquo;actuel Park Hotel Italia, une structure moderne pleine de confort luxueux pour vos vacances.<\/p>\n","protected":false},"excerpt":{"rendered":"<p>Pr\u00e8s des rives du lac, entour\u00e9e de verdure et avec une vue \u00e0 couper le souffle, notre structure est situ\u00e9e \u00e0 Cannero Riviera, une petite ville sur les rives du lac Majeur. Nous sommes caract\u00e9ris\u00e9s par une histoire ancienne qui remonte au d\u00e9but des ann\u00e9es 1900, lorsque la famille De Stefani a construit l&rsquo;h\u00f4tel et [&hellip;]<\/p>\n","protected":false},"author":26,"featured_media":0,"parent":0,"menu_order":10,"comment_status":"closed","ping_status":"closed","template":"","meta":{"footnotes":""},"yoast_head":"<!-- This site is optimized with the Yoast SEO plugin v22.3 - https:\/\/yoast.com\/wordpress\/plugins\/seo\/ -->\n<title>Park Hotel Italia &#183; Park Hotel Italia &#183;<\/title>\n<meta name=\"description\" content=\"Pr\u00e8s des rives du lac, entour\u00e9e de verdure et avec une vue \u00e0 couper le souffle, notre structure est situ\u00e9e \u00e0 Cannero Riviera, une petite ville sur les rives du lac Majeur.  Nous sommes caract\u00e9ris\u00e9s par une histoire ancienne qui remonte au d\u00e9but des ann\u00e9es 1900, lorsque la famille De Stefani a construit l&#039;h\u00f4tel et lui a donn\u00e9 le nom de &quot;H\u00f4tel Italie&quot;. Une premi\u00e8re restructuration a ensuite conduit \u00e0 un changement de d\u00e9nomination qui est devenue &quot;Grand&#039;Italia&quot;.  Enfin, en 2014, il a \u00e9t\u00e9 repris par la famille Gallinotto - Cavagnera qui en est actuellement propri\u00e9taire et qui l&#039;a transform\u00e9 en l&#039;actuel Park Hotel Italia, une structure moderne pleine de confort luxueux pour vos vacances.\" \/>\n<meta name=\"robots\" content=\"index, follow, max-snippet:-1, max-image-preview:large, max-video-preview:-1\" \/>\n<link rel=\"canonical\" href=\"https:\/\/www.parkhotelitalia.com\/fr\/\" \/>\n<meta property=\"og:locale\" content=\"fr_FR\" \/>\n<meta property=\"og:type\" content=\"article\" \/>\n<meta property=\"og:title\" content=\"Park Hotel Italia &#183; Park Hotel Italia &#183;\" \/>\n<meta property=\"og:description\" content=\"Pr\u00e8s des rives du lac, entour\u00e9e de verdure et avec une vue \u00e0 couper le souffle, notre structure est situ\u00e9e \u00e0 Cannero Riviera, une petite ville sur les rives du lac Majeur.  Nous sommes caract\u00e9ris\u00e9s par une histoire ancienne qui remonte au d\u00e9but des ann\u00e9es 1900, lorsque la famille De Stefani a construit l&#039;h\u00f4tel et lui a donn\u00e9 le nom de &quot;H\u00f4tel Italie&quot;. Une premi\u00e8re restructuration a ensuite conduit \u00e0 un changement de d\u00e9nomination qui est devenue &quot;Grand&#039;Italia&quot;.  Enfin, en 2014, il a \u00e9t\u00e9 repris par la famille Gallinotto - Cavagnera qui en est actuellement propri\u00e9taire et qui l&#039;a transform\u00e9 en l&#039;actuel Park Hotel Italia, une structure moderne pleine de confort luxueux pour vos vacances.\" \/>\n<meta property=\"og:url\" content=\"https:\/\/www.parkhotelitalia.com\/fr\/\" \/>\n<meta property=\"og:site_name\" content=\"Park Hotel Italia\" \/>\n<meta property=\"article:modified_time\" content=\"2026-03-06T21:18:39+00:00\" \/>\n<meta name=\"twitter:card\" content=\"summary_large_image\" \/>\n<meta name=\"twitter:label1\" content=\"Dur\u00e9e de lecture estim\u00e9e\" \/>\n\t<meta name=\"twitter:data1\" content=\"1 minute\" \/>\n<script type=\"application\/ld+json\" class=\"yoast-schema-graph\">{\"@context\":\"https:\/\/schema.org\",\"@graph\":[{\"@type\":\"WebPage\",\"@id\":\"https:\/\/www.parkhotelitalia.com\/fr\/\",\"url\":\"https:\/\/www.parkhotelitalia.com\/fr\/\",\"name\":\"Park Hotel Italia &#183; Park Hotel Italia &#183;\",\"isPartOf\":{\"@id\":\"https:\/\/www.parkhotelitalia.com\/fr\/#website\"},\"datePublished\":\"2023-05-17T14:11:22+00:00\",\"dateModified\":\"2026-03-06T21:18:39+00:00\",\"description\":\"Pr\u00e8s des rives du lac, entour\u00e9e de verdure et avec une vue \u00e0 couper le souffle, notre structure est situ\u00e9e \u00e0 Cannero Riviera, une petite ville sur les rives du lac Majeur. Nous sommes caract\u00e9ris\u00e9s par une histoire ancienne qui remonte au d\u00e9but des ann\u00e9es 1900, lorsque la famille De Stefani a construit l'h\u00f4tel et lui a donn\u00e9 le nom de \\\"H\u00f4tel Italie\\\". Une premi\u00e8re restructuration a ensuite conduit \u00e0 un changement de d\u00e9nomination qui est devenue \\\"Grand'Italia\\\". Enfin, en 2014, il a \u00e9t\u00e9 repris par la famille Gallinotto - Cavagnera qui en est actuellement propri\u00e9taire et qui l'a transform\u00e9 en l'actuel Park Hotel Italia, une structure moderne pleine de confort luxueux pour vos vacances.\",\"breadcrumb\":{\"@id\":\"https:\/\/www.parkhotelitalia.com\/fr\/#breadcrumb\"},\"inLanguage\":\"fr-FR\",\"potentialAction\":[{\"@type\":\"ReadAction\",\"target\":[\"https:\/\/www.parkhotelitalia.com\/fr\/\"]}]},{\"@type\":\"BreadcrumbList\",\"@id\":\"https:\/\/www.parkhotelitalia.com\/fr\/#breadcrumb\",\"itemListElement\":[{\"@type\":\"ListItem\",\"position\":1,\"name\":\"Home\",\"item\":\"https:\/\/www.parkhotelitalia.com\/fr\/\"},{\"@type\":\"ListItem\",\"position\":2,\"name\":\"Park Hotel Italia\"}]},{\"@type\":\"WebSite\",\"@id\":\"https:\/\/www.parkhotelitalia.com\/fr\/#website\",\"url\":\"https:\/\/www.parkhotelitalia.com\/fr\/\",\"name\":\"Park Hotel Italia\",\"description\":\"\",\"potentialAction\":[{\"@type\":\"SearchAction\",\"target\":{\"@type\":\"EntryPoint\",\"urlTemplate\":\"https:\/\/www.parkhotelitalia.com\/fr\/?s={search_term_string}\"},\"query-input\":\"required name=search_term_string\"}],\"inLanguage\":\"fr-FR\"}]}<\/script>\n<!-- \/ Yoast SEO plugin. -->","yoast_head_json":{"title":"Park Hotel Italia &#183; Park Hotel Italia &#183;","description":"Pr\u00e8s des rives du lac, entour\u00e9e de verdure et avec une vue \u00e0 couper le souffle, notre structure est situ\u00e9e \u00e0 Cannero Riviera, une petite ville sur les rives du lac Majeur.  Nous sommes caract\u00e9ris\u00e9s par une histoire ancienne qui remonte au d\u00e9but des ann\u00e9es 1900, lorsque la famille De Stefani a construit l'h\u00f4tel et lui a donn\u00e9 le nom de \"H\u00f4tel Italie\". Une premi\u00e8re restructuration a ensuite conduit \u00e0 un changement de d\u00e9nomination qui est devenue \"Grand'Italia\".  Enfin, en 2014, il a \u00e9t\u00e9 repris par la famille Gallinotto - Cavagnera qui en est actuellement propri\u00e9taire et qui l'a transform\u00e9 en l'actuel Park Hotel Italia, une structure moderne pleine de confort luxueux pour vos vacances.","robots":{"index":"index","follow":"follow","max-snippet":"max-snippet:-1","max-image-preview":"max-image-preview:large","max-video-preview":"max-video-preview:-1"},"canonical":"https:\/\/www.parkhotelitalia.com\/fr\/","og_locale":"fr_FR","og_type":"article","og_title":"Park Hotel Italia &#183; Park Hotel Italia &#183;","og_description":"Pr\u00e8s des rives du lac, entour\u00e9e de verdure et avec une vue \u00e0 couper le souffle, notre structure est situ\u00e9e \u00e0 Cannero Riviera, une petite ville sur les rives du lac Majeur.  Nous sommes caract\u00e9ris\u00e9s par une histoire ancienne qui remonte au d\u00e9but des ann\u00e9es 1900, lorsque la famille De Stefani a construit l'h\u00f4tel et lui a donn\u00e9 le nom de \"H\u00f4tel Italie\". Une premi\u00e8re restructuration a ensuite conduit \u00e0 un changement de d\u00e9nomination qui est devenue \"Grand'Italia\".  Enfin, en 2014, il a \u00e9t\u00e9 repris par la famille Gallinotto - Cavagnera qui en est actuellement propri\u00e9taire et qui l'a transform\u00e9 en l'actuel Park Hotel Italia, une structure moderne pleine de confort luxueux pour vos vacances.","og_url":"https:\/\/www.parkhotelitalia.com\/fr\/","og_site_name":"Park Hotel Italia","article_modified_time":"2026-03-06T21:18:39+00:00","twitter_card":"summary_large_image","twitter_misc":{"Dur\u00e9e de lecture estim\u00e9e":"1 minute"},"schema":{"@context":"https:\/\/schema.org","@graph":[{"@type":"WebPage","@id":"https:\/\/www.parkhotelitalia.com\/fr\/","url":"https:\/\/www.parkhotelitalia.com\/fr\/","name":"Park Hotel Italia &#183; Park Hotel Italia &#183;","isPartOf":{"@id":"https:\/\/www.parkhotelitalia.com\/fr\/#website"},"datePublished":"2023-05-17T14:11:22+00:00","dateModified":"2026-03-06T21:18:39+00:00","description":"Pr\u00e8s des rives du lac, entour\u00e9e de verdure et avec une vue \u00e0 couper le souffle, notre structure est situ\u00e9e \u00e0 Cannero Riviera, une petite ville sur les rives du lac Majeur. Nous sommes caract\u00e9ris\u00e9s par une histoire ancienne qui remonte au d\u00e9but des ann\u00e9es 1900, lorsque la famille De Stefani a construit l'h\u00f4tel et lui a donn\u00e9 le nom de \"H\u00f4tel Italie\". Une premi\u00e8re restructuration a ensuite conduit \u00e0 un changement de d\u00e9nomination qui est devenue \"Grand'Italia\". Enfin, en 2014, il a \u00e9t\u00e9 repris par la famille Gallinotto - Cavagnera qui en est actuellement propri\u00e9taire et qui l'a transform\u00e9 en l'actuel Park Hotel Italia, une structure moderne pleine de confort luxueux pour vos vacances.","breadcrumb":{"@id":"https:\/\/www.parkhotelitalia.com\/fr\/#breadcrumb"},"inLanguage":"fr-FR","potentialAction":[{"@type":"ReadAction","target":["https:\/\/www.parkhotelitalia.com\/fr\/"]}]},{"@type":"BreadcrumbList","@id":"https:\/\/www.parkhotelitalia.com\/fr\/#breadcrumb","itemListElement":[{"@type":"ListItem","position":1,"name":"Home","item":"https:\/\/www.parkhotelitalia.com\/fr\/"},{"@type":"ListItem","position":2,"name":"Park Hotel Italia"}]},{"@type":"WebSite","@id":"https:\/\/www.parkhotelitalia.com\/fr\/#website","url":"https:\/\/www.parkhotelitalia.com\/fr\/","name":"Park Hotel Italia","description":"","potentialAction":[{"@type":"SearchAction","target":{"@type":"EntryPoint","urlTemplate":"https:\/\/www.parkhotelitalia.com\/fr\/?s={search_term_string}"},"query-input":"required name=search_term_string"}],"inLanguage":"fr-FR"}]}},"acf":[],"_links":{"self":[{"href":"https:\/\/www.parkhotelitalia.com\/fr\/wp-json\/wp\/v2\/pages\/291"}],"collection":[{"href":"https:\/\/www.parkhotelitalia.com\/fr\/wp-json\/wp\/v2\/pages"}],"about":[{"href":"https:\/\/www.parkhotelitalia.com\/fr\/wp-json\/wp\/v2\/types\/page"}],"author":[{"embeddable":true,"href":"https:\/\/www.parkhotelitalia.com\/fr\/wp-json\/wp\/v2\/users\/26"}],"replies":[{"embeddable":true,"href":"https:\/\/www.parkhotelitalia.com\/fr\/wp-json\/wp\/v2\/comments?post=291"}],"version-history":[{"count":0,"href":"https:\/\/www.parkhotelitalia.com\/fr\/wp-json\/wp\/v2\/pages\/291\/revisions"}],"wp:attachment":[{"href":"https:\/\/www.parkhotelitalia.com\/fr\/wp-json\/wp\/v2\/media?parent=291"}],"curies":[{"name":"wp","href":"https:\/\/api.w.org\/{rel}","templated":true}]}}