{"id":295,"date":"2023-05-17T15:17:08","date_gmt":"2023-05-17T15:17:08","guid":{"rendered":"https:\/\/parkhotelitalia.ms2.decms.eu\/?page_id=295"},"modified":"2023-05-17T15:25:07","modified_gmt":"2023-05-17T15:25:07","slug":"nautique","status":"publish","type":"page","link":"https:\/\/www.parkhotelitalia.com\/fr\/nautique\/","title":{"rendered":"Nautique"},"content":{"rendered":"<p>Un service exclusif pour les clients de nos installations qui nous permet de garantir un voyage rapide et personnalis\u00e9 pour d\u00e9couvrir le Lac Majeur.<\/p>\n<p>Nos bateaux sont de deux types, le bateau avec skipper et le bateau \u00e0 moteur.<\/p>\n<p>Le bateau est utilis\u00e9 pour l&rsquo;organisation d&rsquo;excursions car il a une capacit\u00e9 jusqu&rsquo;\u00e0 vingt personnes et offre la possibilit\u00e9 d&rsquo;ap\u00e9ritifs \u00e0 bord.<\/p>\n<p>Le bateau \u00e0 moteur, quant \u00e0 lui, peut \u00eatre lou\u00e9 car il ne n\u00e9cessite pas de permis bateau pour le conduire et peut transporter jusqu&rsquo;\u00e0 six personnes.<\/p>\n<p>&nbsp;<\/p>\n<p>La \u201cNautica\u201d comprend \u00e9galement un service d&rsquo;amarrage aux bou\u00e9es qui sont affich\u00e9es pr\u00e8s de la jet\u00e9e \u00e0 l&rsquo;ext\u00e9rieur de la structure. Il y a une annexe \u00e0 moteur \u00e9lectrique comme navette de transport, ou les bateaux peuvent \u00eatre amarr\u00e9s directement au quai via des trappes.<\/p>\n","protected":false},"excerpt":{"rendered":"<p>Un service exclusif pour les clients de nos installations qui nous permet de garantir un voyage rapide et personnalis\u00e9 pour d\u00e9couvrir le Lac Majeur. Nos bateaux sont de deux types, le bateau avec skipper et le bateau \u00e0 moteur. Le bateau est utilis\u00e9 pour l&rsquo;organisation d&rsquo;excursions car il a une capacit\u00e9 jusqu&rsquo;\u00e0 vingt personnes et [&hellip;]<\/p>\n","protected":false},"author":26,"featured_media":0,"parent":0,"menu_order":40,"comment_status":"closed","ping_status":"closed","template":"template-nautica.php","meta":{"footnotes":""},"yoast_head":"<!-- This site is optimized with the Yoast SEO plugin v22.3 - https:\/\/yoast.com\/wordpress\/plugins\/seo\/ -->\n<title>Nautique &#183; Park Hotel Italia &#183;<\/title>\n<meta name=\"description\" content=\"Un service exclusif pour les clients de nos installations qui nous permet de garantir un voyage rapide et personnalis\u00e9 pour d\u00e9couvrir le Lac Majeur.  Nos bateaux sont de deux types, le bateau avec skipper et le bateau \u00e0 moteur.  Le bateau est utilis\u00e9 pour l&#039;organisation d&#039;excursions car il a une capacit\u00e9 jusqu&#039;\u00e0 vingt personnes et offre la possibilit\u00e9 d&#039;ap\u00e9ritifs \u00e0 bord.  Le bateau \u00e0 moteur, quant \u00e0 lui, peut \u00eatre lou\u00e9 car il ne n\u00e9cessite pas de permis bateau pour le conduire et peut transporter jusqu&#039;\u00e0 six personnes.  &nbsp;  La \u201cNautica\u201d comprend \u00e9galement un service d&#039;amarrage aux bou\u00e9es qui sont affich\u00e9es pr\u00e8s de la jet\u00e9e \u00e0 l&#039;ext\u00e9rieur de la structure. Il y a une annexe \u00e0 moteur \u00e9lectrique comme navette de transport, ou les bateaux peuvent \u00eatre amarr\u00e9s directement au quai via des trappes.\" \/>\n<meta name=\"robots\" content=\"index, follow, max-snippet:-1, max-image-preview:large, max-video-preview:-1\" \/>\n<link rel=\"canonical\" href=\"https:\/\/www.parkhotelitalia.com\/fr\/nautique\/\" \/>\n<meta property=\"og:locale\" content=\"fr_FR\" \/>\n<meta property=\"og:type\" content=\"article\" \/>\n<meta property=\"og:title\" content=\"Nautique &#183; Park Hotel Italia &#183;\" \/>\n<meta property=\"og:description\" content=\"Un service exclusif pour les clients de nos installations qui nous permet de garantir un voyage rapide et personnalis\u00e9 pour d\u00e9couvrir le Lac Majeur.  Nos bateaux sont de deux types, le bateau avec skipper et le bateau \u00e0 moteur.  Le bateau est utilis\u00e9 pour l&#039;organisation d&#039;excursions car il a une capacit\u00e9 jusqu&#039;\u00e0 vingt personnes et offre la possibilit\u00e9 d&#039;ap\u00e9ritifs \u00e0 bord.  Le bateau \u00e0 moteur, quant \u00e0 lui, peut \u00eatre lou\u00e9 car il ne n\u00e9cessite pas de permis bateau pour le conduire et peut transporter jusqu&#039;\u00e0 six personnes.  &nbsp;  La \u201cNautica\u201d comprend \u00e9galement un service d&#039;amarrage aux bou\u00e9es qui sont affich\u00e9es pr\u00e8s de la jet\u00e9e \u00e0 l&#039;ext\u00e9rieur de la structure. Il y a une annexe \u00e0 moteur \u00e9lectrique comme navette de transport, ou les bateaux peuvent \u00eatre amarr\u00e9s directement au quai via des trappes.\" \/>\n<meta property=\"og:url\" content=\"https:\/\/www.parkhotelitalia.com\/fr\/nautique\/\" \/>\n<meta property=\"og:site_name\" content=\"Park Hotel Italia\" \/>\n<meta property=\"article:modified_time\" content=\"2023-05-17T15:25:07+00:00\" \/>\n<meta name=\"twitter:card\" content=\"summary_large_image\" \/>\n<meta name=\"twitter:label1\" content=\"Dur\u00e9e de lecture estim\u00e9e\" \/>\n\t<meta name=\"twitter:data1\" content=\"1 minute\" \/>\n<script type=\"application\/ld+json\" class=\"yoast-schema-graph\">{\"@context\":\"https:\/\/schema.org\",\"@graph\":[{\"@type\":\"WebPage\",\"@id\":\"https:\/\/www.parkhotelitalia.com\/fr\/nautique\/\",\"url\":\"https:\/\/www.parkhotelitalia.com\/fr\/nautique\/\",\"name\":\"Nautique &#183; Park Hotel Italia &#183;\",\"isPartOf\":{\"@id\":\"https:\/\/www.parkhotelitalia.com\/fr\/#website\"},\"datePublished\":\"2023-05-17T15:17:08+00:00\",\"dateModified\":\"2023-05-17T15:25:07+00:00\",\"description\":\"Un service exclusif pour les clients de nos installations qui nous permet de garantir un voyage rapide et personnalis\u00e9 pour d\u00e9couvrir le Lac Majeur. Nos bateaux sont de deux types, le bateau avec skipper et le bateau \u00e0 moteur. Le bateau est utilis\u00e9 pour l'organisation d'excursions car il a une capacit\u00e9 jusqu'\u00e0 vingt personnes et offre la possibilit\u00e9 d'ap\u00e9ritifs \u00e0 bord. Le bateau \u00e0 moteur, quant \u00e0 lui, peut \u00eatre lou\u00e9 car il ne n\u00e9cessite pas de permis bateau pour le conduire et peut transporter jusqu'\u00e0 six personnes. &nbsp; La \u201cNautica\u201d comprend \u00e9galement un service d'amarrage aux bou\u00e9es qui sont affich\u00e9es pr\u00e8s de la jet\u00e9e \u00e0 l'ext\u00e9rieur de la structure. Il y a une annexe \u00e0 moteur \u00e9lectrique comme navette de transport, ou les bateaux peuvent \u00eatre amarr\u00e9s directement au quai via des trappes.\",\"breadcrumb\":{\"@id\":\"https:\/\/www.parkhotelitalia.com\/fr\/nautique\/#breadcrumb\"},\"inLanguage\":\"fr-FR\",\"potentialAction\":[{\"@type\":\"ReadAction\",\"target\":[\"https:\/\/www.parkhotelitalia.com\/fr\/nautique\/\"]}]},{\"@type\":\"BreadcrumbList\",\"@id\":\"https:\/\/www.parkhotelitalia.com\/fr\/nautique\/#breadcrumb\",\"itemListElement\":[{\"@type\":\"ListItem\",\"position\":1,\"name\":\"Home\",\"item\":\"https:\/\/www.parkhotelitalia.com\/fr\/\"},{\"@type\":\"ListItem\",\"position\":2,\"name\":\"Nautique\"}]},{\"@type\":\"WebSite\",\"@id\":\"https:\/\/www.parkhotelitalia.com\/fr\/#website\",\"url\":\"https:\/\/www.parkhotelitalia.com\/fr\/\",\"name\":\"Park Hotel Italia\",\"description\":\"\",\"potentialAction\":[{\"@type\":\"SearchAction\",\"target\":{\"@type\":\"EntryPoint\",\"urlTemplate\":\"https:\/\/www.parkhotelitalia.com\/fr\/?s={search_term_string}\"},\"query-input\":\"required name=search_term_string\"}],\"inLanguage\":\"fr-FR\"}]}<\/script>\n<!-- \/ Yoast SEO plugin. -->","yoast_head_json":{"title":"Nautique &#183; Park Hotel Italia &#183;","description":"Un service exclusif pour les clients de nos installations qui nous permet de garantir un voyage rapide et personnalis\u00e9 pour d\u00e9couvrir le Lac Majeur.  Nos bateaux sont de deux types, le bateau avec skipper et le bateau \u00e0 moteur.  Le bateau est utilis\u00e9 pour l'organisation d'excursions car il a une capacit\u00e9 jusqu'\u00e0 vingt personnes et offre la possibilit\u00e9 d'ap\u00e9ritifs \u00e0 bord.  Le bateau \u00e0 moteur, quant \u00e0 lui, peut \u00eatre lou\u00e9 car il ne n\u00e9cessite pas de permis bateau pour le conduire et peut transporter jusqu'\u00e0 six personnes.  &nbsp;  La \u201cNautica\u201d comprend \u00e9galement un service d'amarrage aux bou\u00e9es qui sont affich\u00e9es pr\u00e8s de la jet\u00e9e \u00e0 l'ext\u00e9rieur de la structure. Il y a une annexe \u00e0 moteur \u00e9lectrique comme navette de transport, ou les bateaux peuvent \u00eatre amarr\u00e9s directement au quai via des trappes.","robots":{"index":"index","follow":"follow","max-snippet":"max-snippet:-1","max-image-preview":"max-image-preview:large","max-video-preview":"max-video-preview:-1"},"canonical":"https:\/\/www.parkhotelitalia.com\/fr\/nautique\/","og_locale":"fr_FR","og_type":"article","og_title":"Nautique &#183; Park Hotel Italia &#183;","og_description":"Un service exclusif pour les clients de nos installations qui nous permet de garantir un voyage rapide et personnalis\u00e9 pour d\u00e9couvrir le Lac Majeur.  Nos bateaux sont de deux types, le bateau avec skipper et le bateau \u00e0 moteur.  Le bateau est utilis\u00e9 pour l'organisation d'excursions car il a une capacit\u00e9 jusqu'\u00e0 vingt personnes et offre la possibilit\u00e9 d'ap\u00e9ritifs \u00e0 bord.  Le bateau \u00e0 moteur, quant \u00e0 lui, peut \u00eatre lou\u00e9 car il ne n\u00e9cessite pas de permis bateau pour le conduire et peut transporter jusqu'\u00e0 six personnes.  &nbsp;  La \u201cNautica\u201d comprend \u00e9galement un service d'amarrage aux bou\u00e9es qui sont affich\u00e9es pr\u00e8s de la jet\u00e9e \u00e0 l'ext\u00e9rieur de la structure. Il y a une annexe \u00e0 moteur \u00e9lectrique comme navette de transport, ou les bateaux peuvent \u00eatre amarr\u00e9s directement au quai via des trappes.","og_url":"https:\/\/www.parkhotelitalia.com\/fr\/nautique\/","og_site_name":"Park Hotel Italia","article_modified_time":"2023-05-17T15:25:07+00:00","twitter_card":"summary_large_image","twitter_misc":{"Dur\u00e9e de lecture estim\u00e9e":"1 minute"},"schema":{"@context":"https:\/\/schema.org","@graph":[{"@type":"WebPage","@id":"https:\/\/www.parkhotelitalia.com\/fr\/nautique\/","url":"https:\/\/www.parkhotelitalia.com\/fr\/nautique\/","name":"Nautique &#183; Park Hotel Italia &#183;","isPartOf":{"@id":"https:\/\/www.parkhotelitalia.com\/fr\/#website"},"datePublished":"2023-05-17T15:17:08+00:00","dateModified":"2023-05-17T15:25:07+00:00","description":"Un service exclusif pour les clients de nos installations qui nous permet de garantir un voyage rapide et personnalis\u00e9 pour d\u00e9couvrir le Lac Majeur. Nos bateaux sont de deux types, le bateau avec skipper et le bateau \u00e0 moteur. Le bateau est utilis\u00e9 pour l'organisation d'excursions car il a une capacit\u00e9 jusqu'\u00e0 vingt personnes et offre la possibilit\u00e9 d'ap\u00e9ritifs \u00e0 bord. Le bateau \u00e0 moteur, quant \u00e0 lui, peut \u00eatre lou\u00e9 car il ne n\u00e9cessite pas de permis bateau pour le conduire et peut transporter jusqu'\u00e0 six personnes. &nbsp; La \u201cNautica\u201d comprend \u00e9galement un service d'amarrage aux bou\u00e9es qui sont affich\u00e9es pr\u00e8s de la jet\u00e9e \u00e0 l'ext\u00e9rieur de la structure. Il y a une annexe \u00e0 moteur \u00e9lectrique comme navette de transport, ou les bateaux peuvent \u00eatre amarr\u00e9s directement au quai via des trappes.","breadcrumb":{"@id":"https:\/\/www.parkhotelitalia.com\/fr\/nautique\/#breadcrumb"},"inLanguage":"fr-FR","potentialAction":[{"@type":"ReadAction","target":["https:\/\/www.parkhotelitalia.com\/fr\/nautique\/"]}]},{"@type":"BreadcrumbList","@id":"https:\/\/www.parkhotelitalia.com\/fr\/nautique\/#breadcrumb","itemListElement":[{"@type":"ListItem","position":1,"name":"Home","item":"https:\/\/www.parkhotelitalia.com\/fr\/"},{"@type":"ListItem","position":2,"name":"Nautique"}]},{"@type":"WebSite","@id":"https:\/\/www.parkhotelitalia.com\/fr\/#website","url":"https:\/\/www.parkhotelitalia.com\/fr\/","name":"Park Hotel Italia","description":"","potentialAction":[{"@type":"SearchAction","target":{"@type":"EntryPoint","urlTemplate":"https:\/\/www.parkhotelitalia.com\/fr\/?s={search_term_string}"},"query-input":"required name=search_term_string"}],"inLanguage":"fr-FR"}]}},"acf":[],"_links":{"self":[{"href":"https:\/\/www.parkhotelitalia.com\/fr\/wp-json\/wp\/v2\/pages\/295"}],"collection":[{"href":"https:\/\/www.parkhotelitalia.com\/fr\/wp-json\/wp\/v2\/pages"}],"about":[{"href":"https:\/\/www.parkhotelitalia.com\/fr\/wp-json\/wp\/v2\/types\/page"}],"author":[{"embeddable":true,"href":"https:\/\/www.parkhotelitalia.com\/fr\/wp-json\/wp\/v2\/users\/26"}],"replies":[{"embeddable":true,"href":"https:\/\/www.parkhotelitalia.com\/fr\/wp-json\/wp\/v2\/comments?post=295"}],"version-history":[{"count":0,"href":"https:\/\/www.parkhotelitalia.com\/fr\/wp-json\/wp\/v2\/pages\/295\/revisions"}],"wp:attachment":[{"href":"https:\/\/www.parkhotelitalia.com\/fr\/wp-json\/wp\/v2\/media?parent=295"}],"curies":[{"name":"wp","href":"https:\/\/api.w.org\/{rel}","templated":true}]}}