{"id":305,"date":"2023-05-17T15:28:31","date_gmt":"2023-05-17T15:28:31","guid":{"rendered":"https:\/\/parkhotelitalia.ms2.decms.eu\/?page_id=305"},"modified":"2023-05-17T15:28:58","modified_gmt":"2023-05-17T15:28:58","slug":"tennis","status":"publish","type":"page","link":"https:\/\/www.parkhotelitalia.com\/fr\/prestations-de-service\/tennis\/","title":{"rendered":"Tennis"},"content":{"rendered":"<p>Un grand court de tennis en terre battue non loin de la structure accueille tous les clients qui aiment le sport et le mouvement. Un instructeur est toujours disponible pour des le\u00e7ons ou simplement pour un jeu agr\u00e9able.<\/p>\n<p>Il peut \u00eatre r\u00e9serv\u00e9 \u00e0 la r\u00e9ception ou via le site <a href=\"http:\/\/www.tenniscannero.com\">www.tenniscannero.com<\/a><\/p>\n","protected":false},"excerpt":{"rendered":"<p>Un grand court de tennis en terre battue non loin de la structure accueille tous les clients qui aiment le sport et le mouvement. Un instructeur est toujours disponible pour des le\u00e7ons ou simplement pour un jeu agr\u00e9able. Il peut \u00eatre r\u00e9serv\u00e9 \u00e0 la r\u00e9ception ou via le site www.tenniscannero.com<\/p>\n","protected":false},"author":26,"featured_media":0,"parent":479,"menu_order":50,"comment_status":"closed","ping_status":"closed","template":"template-single-service.php","meta":{"footnotes":""},"yoast_head":"<!-- This site is optimized with the Yoast SEO plugin v22.3 - https:\/\/yoast.com\/wordpress\/plugins\/seo\/ -->\n<title>Tennis &#183; Park Hotel Italia &#183;<\/title>\n<meta name=\"description\" content=\"Un grand court de tennis en terre battue non loin de la structure accueille tous les clients qui aiment le sport et le mouvement. Un instructeur est toujours disponible pour des le\u00e7ons ou simplement pour un jeu agr\u00e9able.  Il peut \u00eatre r\u00e9serv\u00e9 \u00e0 la r\u00e9ception ou via le site www.tenniscannero.com\" \/>\n<meta name=\"robots\" content=\"index, follow, max-snippet:-1, max-image-preview:large, max-video-preview:-1\" \/>\n<link rel=\"canonical\" href=\"https:\/\/www.parkhotelitalia.com\/fr\/prestations-de-service\/tennis\/\" \/>\n<meta property=\"og:locale\" content=\"fr_FR\" \/>\n<meta property=\"og:type\" content=\"article\" \/>\n<meta property=\"og:title\" content=\"Tennis &#183; Park Hotel Italia &#183;\" \/>\n<meta property=\"og:description\" content=\"Un grand court de tennis en terre battue non loin de la structure accueille tous les clients qui aiment le sport et le mouvement. Un instructeur est toujours disponible pour des le\u00e7ons ou simplement pour un jeu agr\u00e9able.  Il peut \u00eatre r\u00e9serv\u00e9 \u00e0 la r\u00e9ception ou via le site www.tenniscannero.com\" \/>\n<meta property=\"og:url\" content=\"https:\/\/www.parkhotelitalia.com\/fr\/prestations-de-service\/tennis\/\" \/>\n<meta property=\"og:site_name\" content=\"Park Hotel Italia\" \/>\n<meta property=\"article:modified_time\" content=\"2023-05-17T15:28:58+00:00\" \/>\n<meta name=\"twitter:card\" content=\"summary_large_image\" \/>\n<meta name=\"twitter:label1\" content=\"Dur\u00e9e de lecture estim\u00e9e\" \/>\n\t<meta name=\"twitter:data1\" content=\"1 minute\" \/>\n<script type=\"application\/ld+json\" class=\"yoast-schema-graph\">{\"@context\":\"https:\/\/schema.org\",\"@graph\":[{\"@type\":\"WebPage\",\"@id\":\"https:\/\/www.parkhotelitalia.com\/fr\/prestations-de-service\/tennis\/\",\"url\":\"https:\/\/www.parkhotelitalia.com\/fr\/prestations-de-service\/tennis\/\",\"name\":\"Tennis &#183; Park Hotel Italia &#183;\",\"isPartOf\":{\"@id\":\"https:\/\/www.parkhotelitalia.com\/fr\/#website\"},\"datePublished\":\"2023-05-17T15:28:31+00:00\",\"dateModified\":\"2023-05-17T15:28:58+00:00\",\"description\":\"Un grand court de tennis en terre battue non loin de la structure accueille tous les clients qui aiment le sport et le mouvement. Un instructeur est toujours disponible pour des le\u00e7ons ou simplement pour un jeu agr\u00e9able. Il peut \u00eatre r\u00e9serv\u00e9 \u00e0 la r\u00e9ception ou via le site www.tenniscannero.com\",\"breadcrumb\":{\"@id\":\"https:\/\/www.parkhotelitalia.com\/fr\/prestations-de-service\/tennis\/#breadcrumb\"},\"inLanguage\":\"fr-FR\",\"potentialAction\":[{\"@type\":\"ReadAction\",\"target\":[\"https:\/\/www.parkhotelitalia.com\/fr\/prestations-de-service\/tennis\/\"]}]},{\"@type\":\"BreadcrumbList\",\"@id\":\"https:\/\/www.parkhotelitalia.com\/fr\/prestations-de-service\/tennis\/#breadcrumb\",\"itemListElement\":[{\"@type\":\"ListItem\",\"position\":1,\"name\":\"Home\",\"item\":\"https:\/\/www.parkhotelitalia.com\/fr\/\"},{\"@type\":\"ListItem\",\"position\":2,\"name\":\"Prestations de service\",\"item\":\"https:\/\/www.parkhotelitalia.com\/fr\/prestations-de-service\/\"},{\"@type\":\"ListItem\",\"position\":3,\"name\":\"Tennis\"}]},{\"@type\":\"WebSite\",\"@id\":\"https:\/\/www.parkhotelitalia.com\/fr\/#website\",\"url\":\"https:\/\/www.parkhotelitalia.com\/fr\/\",\"name\":\"Park Hotel Italia\",\"description\":\"\",\"potentialAction\":[{\"@type\":\"SearchAction\",\"target\":{\"@type\":\"EntryPoint\",\"urlTemplate\":\"https:\/\/www.parkhotelitalia.com\/fr\/?s={search_term_string}\"},\"query-input\":\"required name=search_term_string\"}],\"inLanguage\":\"fr-FR\"}]}<\/script>\n<!-- \/ Yoast SEO plugin. -->","yoast_head_json":{"title":"Tennis &#183; Park Hotel Italia &#183;","description":"Un grand court de tennis en terre battue non loin de la structure accueille tous les clients qui aiment le sport et le mouvement. Un instructeur est toujours disponible pour des le\u00e7ons ou simplement pour un jeu agr\u00e9able.  Il peut \u00eatre r\u00e9serv\u00e9 \u00e0 la r\u00e9ception ou via le site www.tenniscannero.com","robots":{"index":"index","follow":"follow","max-snippet":"max-snippet:-1","max-image-preview":"max-image-preview:large","max-video-preview":"max-video-preview:-1"},"canonical":"https:\/\/www.parkhotelitalia.com\/fr\/prestations-de-service\/tennis\/","og_locale":"fr_FR","og_type":"article","og_title":"Tennis &#183; Park Hotel Italia &#183;","og_description":"Un grand court de tennis en terre battue non loin de la structure accueille tous les clients qui aiment le sport et le mouvement. Un instructeur est toujours disponible pour des le\u00e7ons ou simplement pour un jeu agr\u00e9able.  Il peut \u00eatre r\u00e9serv\u00e9 \u00e0 la r\u00e9ception ou via le site www.tenniscannero.com","og_url":"https:\/\/www.parkhotelitalia.com\/fr\/prestations-de-service\/tennis\/","og_site_name":"Park Hotel Italia","article_modified_time":"2023-05-17T15:28:58+00:00","twitter_card":"summary_large_image","twitter_misc":{"Dur\u00e9e de lecture estim\u00e9e":"1 minute"},"schema":{"@context":"https:\/\/schema.org","@graph":[{"@type":"WebPage","@id":"https:\/\/www.parkhotelitalia.com\/fr\/prestations-de-service\/tennis\/","url":"https:\/\/www.parkhotelitalia.com\/fr\/prestations-de-service\/tennis\/","name":"Tennis &#183; Park Hotel Italia &#183;","isPartOf":{"@id":"https:\/\/www.parkhotelitalia.com\/fr\/#website"},"datePublished":"2023-05-17T15:28:31+00:00","dateModified":"2023-05-17T15:28:58+00:00","description":"Un grand court de tennis en terre battue non loin de la structure accueille tous les clients qui aiment le sport et le mouvement. Un instructeur est toujours disponible pour des le\u00e7ons ou simplement pour un jeu agr\u00e9able. Il peut \u00eatre r\u00e9serv\u00e9 \u00e0 la r\u00e9ception ou via le site www.tenniscannero.com","breadcrumb":{"@id":"https:\/\/www.parkhotelitalia.com\/fr\/prestations-de-service\/tennis\/#breadcrumb"},"inLanguage":"fr-FR","potentialAction":[{"@type":"ReadAction","target":["https:\/\/www.parkhotelitalia.com\/fr\/prestations-de-service\/tennis\/"]}]},{"@type":"BreadcrumbList","@id":"https:\/\/www.parkhotelitalia.com\/fr\/prestations-de-service\/tennis\/#breadcrumb","itemListElement":[{"@type":"ListItem","position":1,"name":"Home","item":"https:\/\/www.parkhotelitalia.com\/fr\/"},{"@type":"ListItem","position":2,"name":"Prestations de service","item":"https:\/\/www.parkhotelitalia.com\/fr\/prestations-de-service\/"},{"@type":"ListItem","position":3,"name":"Tennis"}]},{"@type":"WebSite","@id":"https:\/\/www.parkhotelitalia.com\/fr\/#website","url":"https:\/\/www.parkhotelitalia.com\/fr\/","name":"Park Hotel Italia","description":"","potentialAction":[{"@type":"SearchAction","target":{"@type":"EntryPoint","urlTemplate":"https:\/\/www.parkhotelitalia.com\/fr\/?s={search_term_string}"},"query-input":"required name=search_term_string"}],"inLanguage":"fr-FR"}]}},"acf":[],"_links":{"self":[{"href":"https:\/\/www.parkhotelitalia.com\/fr\/wp-json\/wp\/v2\/pages\/305"}],"collection":[{"href":"https:\/\/www.parkhotelitalia.com\/fr\/wp-json\/wp\/v2\/pages"}],"about":[{"href":"https:\/\/www.parkhotelitalia.com\/fr\/wp-json\/wp\/v2\/types\/page"}],"author":[{"embeddable":true,"href":"https:\/\/www.parkhotelitalia.com\/fr\/wp-json\/wp\/v2\/users\/26"}],"replies":[{"embeddable":true,"href":"https:\/\/www.parkhotelitalia.com\/fr\/wp-json\/wp\/v2\/comments?post=305"}],"version-history":[{"count":0,"href":"https:\/\/www.parkhotelitalia.com\/fr\/wp-json\/wp\/v2\/pages\/305\/revisions"}],"up":[{"embeddable":true,"href":"https:\/\/www.parkhotelitalia.com\/fr\/wp-json\/wp\/v2\/pages\/479"}],"wp:attachment":[{"href":"https:\/\/www.parkhotelitalia.com\/fr\/wp-json\/wp\/v2\/media?parent=305"}],"curies":[{"name":"wp","href":"https:\/\/api.w.org\/{rel}","templated":true}]}}