{"id":313,"date":"2023-05-17T15:40:26","date_gmt":"2023-05-17T15:40:26","guid":{"rendered":"https:\/\/parkhotelitalia.ms2.decms.eu\/?page_id=313"},"modified":"2026-04-23T12:08:29","modified_gmt":"2026-04-23T12:08:29","slug":"restaurant-olea-fragrans","status":"publish","type":"page","link":"https:\/\/www.parkhotelitalia.com\/fr\/restaurant-olea-fragrans\/","title":{"rendered":"Restaurant Olea Fragrans"},"content":{"rendered":"<p>Le restaurant tire son nom des deux arbres centenaires Olea Fragrans pr\u00e9sents \u00e0 l&rsquo;ext\u00e9rieur, qui parfument et ombragent la terrasse surplombant le lac.<\/p>\n<p>Ici, vous pourrez appr\u00e9cier la cuisine italienne typique ou vous r\u00e9galer de menus gastronomiques attentifs aux principes de Slow Food.<\/p>\n<p>Il y a la possibilit\u00e9 de savourer nos plats \u00e0 l&rsquo;int\u00e9rieur du restaurant ou \u00e0 l&rsquo;ext\u00e9rieur, en profitant d&rsquo;une splendide vue panoramique sur le lac Majeur.<\/p>\n<p>&nbsp;<\/p>\n<p style=\"text-align: center\"><img loading=\"lazy\" decoding=\"async\" class=\"alignnone size-full wp-image-778\" src=\"https:\/\/www.parkhotelitalia.com\/wp-content\/uploads\/sites\/8\/2023\/07\/park_hotel_italia_slowfood_unesco-300x81-1.png\" alt=\"\" width=\"146\" height=\"81\" \/><\/p>\n<p style=\"text-align: center\">Restez toujours au courant des actualit\u00e9s, suivez-nous sur\u00a0<a href=\"https:\/\/www.facebook.com\/oleafragransrestaurant\" target=\"_blank\" rel=\"noopener\">Facebook<\/a> et <a href=\"https:\/\/www.instagram.com\/olea_fragrans_restaurant\/\" target=\"_blank\" rel=\"noopener\">Instagram<\/a><\/p>\n","protected":false},"excerpt":{"rendered":"<p>Le restaurant tire son nom des deux arbres centenaires Olea Fragrans pr\u00e9sents \u00e0 l&rsquo;ext\u00e9rieur, qui parfument et ombragent la terrasse surplombant le lac. Ici, vous pourrez appr\u00e9cier la cuisine italienne typique ou vous r\u00e9galer de menus gastronomiques attentifs aux principes de Slow Food. Il y a la possibilit\u00e9 de savourer nos plats \u00e0 l&rsquo;int\u00e9rieur du [&hellip;]<\/p>\n","protected":false},"author":26,"featured_media":0,"parent":0,"menu_order":30,"comment_status":"closed","ping_status":"closed","template":"template-single-restaurant.php","meta":{"footnotes":""},"yoast_head":"<!-- This site is optimized with the Yoast SEO plugin v22.3 - https:\/\/yoast.com\/wordpress\/plugins\/seo\/ -->\n<title>Restaurant Olea Fragrans &#183; Park Hotel Italia &#183;<\/title>\n<meta name=\"description\" content=\"Le restaurant tire son nom des deux arbres centenaires Olea Fragrans pr\u00e9sents \u00e0 l&#039;ext\u00e9rieur, qui parfument et ombragent la terrasse surplombant le lac.  Ici, vous pourrez appr\u00e9cier la cuisine italienne typique ou vous r\u00e9galer de menus gastronomiques attentifs aux principes de Slow Food.  Il y a la possibilit\u00e9 de savourer nos plats \u00e0 l&#039;int\u00e9rieur du restaurant ou \u00e0 l&#039;ext\u00e9rieur, en profitant d&#039;une splendide vue panoramique sur le lac Majeur.  &nbsp;  Restez toujours au courant des actualit\u00e9s, suivez-nous sur\u00a0Facebook et Instagram.\" \/>\n<meta name=\"robots\" content=\"index, follow, max-snippet:-1, max-image-preview:large, max-video-preview:-1\" \/>\n<link rel=\"canonical\" href=\"https:\/\/www.parkhotelitalia.com\/fr\/restaurant-olea-fragrans\/\" \/>\n<meta property=\"og:locale\" content=\"fr_FR\" \/>\n<meta property=\"og:type\" content=\"article\" \/>\n<meta property=\"og:title\" content=\"Restaurant Olea Fragrans &#183; Park Hotel Italia &#183;\" \/>\n<meta property=\"og:description\" content=\"Le restaurant tire son nom des deux arbres centenaires Olea Fragrans pr\u00e9sents \u00e0 l&#039;ext\u00e9rieur, qui parfument et ombragent la terrasse surplombant le lac.  Ici, vous pourrez appr\u00e9cier la cuisine italienne typique ou vous r\u00e9galer de menus gastronomiques attentifs aux principes de Slow Food.  Il y a la possibilit\u00e9 de savourer nos plats \u00e0 l&#039;int\u00e9rieur du restaurant ou \u00e0 l&#039;ext\u00e9rieur, en profitant d&#039;une splendide vue panoramique sur le lac Majeur.  &nbsp;  Restez toujours au courant des actualit\u00e9s, suivez-nous sur\u00a0Facebook et Instagram.\" \/>\n<meta property=\"og:url\" content=\"https:\/\/www.parkhotelitalia.com\/fr\/restaurant-olea-fragrans\/\" \/>\n<meta property=\"og:site_name\" content=\"Park Hotel Italia\" \/>\n<meta property=\"article:modified_time\" content=\"2026-04-23T12:08:29+00:00\" \/>\n<meta property=\"og:image\" content=\"https:\/\/www.parkhotelitalia.com\/wp-content\/uploads\/sites\/8\/2023\/07\/park_hotel_italia_slowfood_unesco-300x81-1.png\" \/>\n<meta name=\"twitter:card\" content=\"summary_large_image\" \/>\n<meta name=\"twitter:label1\" content=\"Dur\u00e9e de lecture estim\u00e9e\" \/>\n\t<meta name=\"twitter:data1\" content=\"1 minute\" \/>\n<script type=\"application\/ld+json\" class=\"yoast-schema-graph\">{\"@context\":\"https:\/\/schema.org\",\"@graph\":[{\"@type\":\"WebPage\",\"@id\":\"https:\/\/www.parkhotelitalia.com\/fr\/restaurant-olea-fragrans\/\",\"url\":\"https:\/\/www.parkhotelitalia.com\/fr\/restaurant-olea-fragrans\/\",\"name\":\"Restaurant Olea Fragrans &#183; Park Hotel Italia &#183;\",\"isPartOf\":{\"@id\":\"https:\/\/www.parkhotelitalia.com\/fr\/#website\"},\"primaryImageOfPage\":{\"@id\":\"https:\/\/www.parkhotelitalia.com\/fr\/restaurant-olea-fragrans\/#primaryimage\"},\"image\":{\"@id\":\"https:\/\/www.parkhotelitalia.com\/fr\/restaurant-olea-fragrans\/#primaryimage\"},\"thumbnailUrl\":\"https:\/\/www.parkhotelitalia.com\/wp-content\/uploads\/sites\/8\/2023\/07\/park_hotel_italia_slowfood_unesco-300x81-1.png\",\"datePublished\":\"2023-05-17T15:40:26+00:00\",\"dateModified\":\"2026-04-23T12:08:29+00:00\",\"description\":\"Le restaurant tire son nom des deux arbres centenaires Olea Fragrans pr\u00e9sents \u00e0 l'ext\u00e9rieur, qui parfument et ombragent la terrasse surplombant le lac. Ici, vous pourrez appr\u00e9cier la cuisine italienne typique ou vous r\u00e9galer de menus gastronomiques attentifs aux principes de Slow Food. Il y a la possibilit\u00e9 de savourer nos plats \u00e0 l'int\u00e9rieur du restaurant ou \u00e0 l'ext\u00e9rieur, en profitant d'une splendide vue panoramique sur le lac Majeur. &nbsp; Restez toujours au courant des actualit\u00e9s, suivez-nous sur\u00a0Facebook et Instagram .\",\"breadcrumb\":{\"@id\":\"https:\/\/www.parkhotelitalia.com\/fr\/restaurant-olea-fragrans\/#breadcrumb\"},\"inLanguage\":\"fr-FR\",\"potentialAction\":[{\"@type\":\"ReadAction\",\"target\":[\"https:\/\/www.parkhotelitalia.com\/fr\/restaurant-olea-fragrans\/\"]}]},{\"@type\":\"ImageObject\",\"inLanguage\":\"fr-FR\",\"@id\":\"https:\/\/www.parkhotelitalia.com\/fr\/restaurant-olea-fragrans\/#primaryimage\",\"url\":\"https:\/\/www.parkhotelitalia.com\/wp-content\/uploads\/sites\/8\/2023\/07\/park_hotel_italia_slowfood_unesco-300x81-1.png\",\"contentUrl\":\"https:\/\/www.parkhotelitalia.com\/wp-content\/uploads\/sites\/8\/2023\/07\/park_hotel_italia_slowfood_unesco-300x81-1.png\",\"width\":146,\"height\":81},{\"@type\":\"BreadcrumbList\",\"@id\":\"https:\/\/www.parkhotelitalia.com\/fr\/restaurant-olea-fragrans\/#breadcrumb\",\"itemListElement\":[{\"@type\":\"ListItem\",\"position\":1,\"name\":\"Home\",\"item\":\"https:\/\/www.parkhotelitalia.com\/fr\/\"},{\"@type\":\"ListItem\",\"position\":2,\"name\":\"Restaurant Olea Fragrans\"}]},{\"@type\":\"WebSite\",\"@id\":\"https:\/\/www.parkhotelitalia.com\/fr\/#website\",\"url\":\"https:\/\/www.parkhotelitalia.com\/fr\/\",\"name\":\"Park Hotel Italia\",\"description\":\"\",\"potentialAction\":[{\"@type\":\"SearchAction\",\"target\":{\"@type\":\"EntryPoint\",\"urlTemplate\":\"https:\/\/www.parkhotelitalia.com\/fr\/?s={search_term_string}\"},\"query-input\":\"required name=search_term_string\"}],\"inLanguage\":\"fr-FR\"}]}<\/script>\n<!-- \/ Yoast SEO plugin. -->","yoast_head_json":{"title":"Restaurant Olea Fragrans &#183; Park Hotel Italia &#183;","description":"Le restaurant tire son nom des deux arbres centenaires Olea Fragrans pr\u00e9sents \u00e0 l'ext\u00e9rieur, qui parfument et ombragent la terrasse surplombant le lac.  Ici, vous pourrez appr\u00e9cier la cuisine italienne typique ou vous r\u00e9galer de menus gastronomiques attentifs aux principes de Slow Food.  Il y a la possibilit\u00e9 de savourer nos plats \u00e0 l'int\u00e9rieur du restaurant ou \u00e0 l'ext\u00e9rieur, en profitant d'une splendide vue panoramique sur le lac Majeur.  &nbsp;  Restez toujours au courant des actualit\u00e9s, suivez-nous sur\u00a0Facebook et Instagram.","robots":{"index":"index","follow":"follow","max-snippet":"max-snippet:-1","max-image-preview":"max-image-preview:large","max-video-preview":"max-video-preview:-1"},"canonical":"https:\/\/www.parkhotelitalia.com\/fr\/restaurant-olea-fragrans\/","og_locale":"fr_FR","og_type":"article","og_title":"Restaurant Olea Fragrans &#183; Park Hotel Italia &#183;","og_description":"Le restaurant tire son nom des deux arbres centenaires Olea Fragrans pr\u00e9sents \u00e0 l'ext\u00e9rieur, qui parfument et ombragent la terrasse surplombant le lac.  Ici, vous pourrez appr\u00e9cier la cuisine italienne typique ou vous r\u00e9galer de menus gastronomiques attentifs aux principes de Slow Food.  Il y a la possibilit\u00e9 de savourer nos plats \u00e0 l'int\u00e9rieur du restaurant ou \u00e0 l'ext\u00e9rieur, en profitant d'une splendide vue panoramique sur le lac Majeur.  &nbsp;  Restez toujours au courant des actualit\u00e9s, suivez-nous sur\u00a0Facebook et Instagram.","og_url":"https:\/\/www.parkhotelitalia.com\/fr\/restaurant-olea-fragrans\/","og_site_name":"Park Hotel Italia","article_modified_time":"2026-04-23T12:08:29+00:00","og_image":[{"url":"https:\/\/www.parkhotelitalia.com\/wp-content\/uploads\/sites\/8\/2023\/07\/park_hotel_italia_slowfood_unesco-300x81-1.png"}],"twitter_card":"summary_large_image","twitter_misc":{"Dur\u00e9e de lecture estim\u00e9e":"1 minute"},"schema":{"@context":"https:\/\/schema.org","@graph":[{"@type":"WebPage","@id":"https:\/\/www.parkhotelitalia.com\/fr\/restaurant-olea-fragrans\/","url":"https:\/\/www.parkhotelitalia.com\/fr\/restaurant-olea-fragrans\/","name":"Restaurant Olea Fragrans &#183; Park Hotel Italia &#183;","isPartOf":{"@id":"https:\/\/www.parkhotelitalia.com\/fr\/#website"},"primaryImageOfPage":{"@id":"https:\/\/www.parkhotelitalia.com\/fr\/restaurant-olea-fragrans\/#primaryimage"},"image":{"@id":"https:\/\/www.parkhotelitalia.com\/fr\/restaurant-olea-fragrans\/#primaryimage"},"thumbnailUrl":"https:\/\/www.parkhotelitalia.com\/wp-content\/uploads\/sites\/8\/2023\/07\/park_hotel_italia_slowfood_unesco-300x81-1.png","datePublished":"2023-05-17T15:40:26+00:00","dateModified":"2026-04-23T12:08:29+00:00","description":"Le restaurant tire son nom des deux arbres centenaires Olea Fragrans pr\u00e9sents \u00e0 l'ext\u00e9rieur, qui parfument et ombragent la terrasse surplombant le lac. Ici, vous pourrez appr\u00e9cier la cuisine italienne typique ou vous r\u00e9galer de menus gastronomiques attentifs aux principes de Slow Food. Il y a la possibilit\u00e9 de savourer nos plats \u00e0 l'int\u00e9rieur du restaurant ou \u00e0 l'ext\u00e9rieur, en profitant d'une splendide vue panoramique sur le lac Majeur. &nbsp; Restez toujours au courant des actualit\u00e9s, suivez-nous sur\u00a0Facebook et Instagram .","breadcrumb":{"@id":"https:\/\/www.parkhotelitalia.com\/fr\/restaurant-olea-fragrans\/#breadcrumb"},"inLanguage":"fr-FR","potentialAction":[{"@type":"ReadAction","target":["https:\/\/www.parkhotelitalia.com\/fr\/restaurant-olea-fragrans\/"]}]},{"@type":"ImageObject","inLanguage":"fr-FR","@id":"https:\/\/www.parkhotelitalia.com\/fr\/restaurant-olea-fragrans\/#primaryimage","url":"https:\/\/www.parkhotelitalia.com\/wp-content\/uploads\/sites\/8\/2023\/07\/park_hotel_italia_slowfood_unesco-300x81-1.png","contentUrl":"https:\/\/www.parkhotelitalia.com\/wp-content\/uploads\/sites\/8\/2023\/07\/park_hotel_italia_slowfood_unesco-300x81-1.png","width":146,"height":81},{"@type":"BreadcrumbList","@id":"https:\/\/www.parkhotelitalia.com\/fr\/restaurant-olea-fragrans\/#breadcrumb","itemListElement":[{"@type":"ListItem","position":1,"name":"Home","item":"https:\/\/www.parkhotelitalia.com\/fr\/"},{"@type":"ListItem","position":2,"name":"Restaurant Olea Fragrans"}]},{"@type":"WebSite","@id":"https:\/\/www.parkhotelitalia.com\/fr\/#website","url":"https:\/\/www.parkhotelitalia.com\/fr\/","name":"Park Hotel Italia","description":"","potentialAction":[{"@type":"SearchAction","target":{"@type":"EntryPoint","urlTemplate":"https:\/\/www.parkhotelitalia.com\/fr\/?s={search_term_string}"},"query-input":"required name=search_term_string"}],"inLanguage":"fr-FR"}]}},"acf":[],"_links":{"self":[{"href":"https:\/\/www.parkhotelitalia.com\/fr\/wp-json\/wp\/v2\/pages\/313"}],"collection":[{"href":"https:\/\/www.parkhotelitalia.com\/fr\/wp-json\/wp\/v2\/pages"}],"about":[{"href":"https:\/\/www.parkhotelitalia.com\/fr\/wp-json\/wp\/v2\/types\/page"}],"author":[{"embeddable":true,"href":"https:\/\/www.parkhotelitalia.com\/fr\/wp-json\/wp\/v2\/users\/26"}],"replies":[{"embeddable":true,"href":"https:\/\/www.parkhotelitalia.com\/fr\/wp-json\/wp\/v2\/comments?post=313"}],"version-history":[{"count":0,"href":"https:\/\/www.parkhotelitalia.com\/fr\/wp-json\/wp\/v2\/pages\/313\/revisions"}],"wp:attachment":[{"href":"https:\/\/www.parkhotelitalia.com\/fr\/wp-json\/wp\/v2\/media?parent=313"}],"curies":[{"name":"wp","href":"https:\/\/api.w.org\/{rel}","templated":true}]}}