{"id":339,"date":"2023-05-19T10:00:01","date_gmt":"2023-05-19T10:00:01","guid":{"rendered":"https:\/\/parkhotelitalia.ms2.decms.eu\/?page_id=339"},"modified":"2023-05-22T13:51:59","modified_gmt":"2023-05-22T13:51:59","slug":"chambres-et-suites","status":"publish","type":"page","link":"https:\/\/www.parkhotelitalia.com\/fr\/chambres-et-suites\/","title":{"rendered":"Chambres et suites"},"content":{"rendered":"<p>Choisir l&rsquo;environnement qui vous accueillera lors de votre s\u00e9jour est essentiel. Notre h\u00f4tel abrite plus de 30 espaces r\u00e9partis entre chambres et suites avec vue panoramique sur le lac Majeur ou sur le parc de l&rsquo;h\u00f4tel et \u00e9quip\u00e9s de tous les \u00e9quipements et conforts qui rendront vos vacances sp\u00e9ciales.<\/p>\n","protected":false},"excerpt":{"rendered":"<p>Choisir l&rsquo;environnement qui vous accueillera lors de votre s\u00e9jour est essentiel. Notre h\u00f4tel abrite plus de 30 espaces r\u00e9partis entre chambres et suites avec vue panoramique sur le lac Majeur ou sur le parc de l&rsquo;h\u00f4tel et \u00e9quip\u00e9s de tous les \u00e9quipements et conforts qui rendront vos vacances sp\u00e9ciales.<\/p>\n","protected":false},"author":26,"featured_media":0,"parent":0,"menu_order":20,"comment_status":"closed","ping_status":"closed","template":"template-rooms.php","meta":{"footnotes":""},"class_list":["post-339","page","type-page","status-publish","hentry"],"yoast_head":"<!-- This site is optimized with the Yoast SEO plugin v27.3 - https:\/\/yoast.com\/product\/yoast-seo-wordpress\/ -->\n<title>Chambres et suites &#183; Park Hotel Italia &#183;<\/title>\n<meta name=\"description\" content=\"Choisir l&#039;environnement qui vous accueillera lors de votre s\u00e9jour est essentiel. Notre h\u00f4tel abrite plus de 30 espaces r\u00e9partis entre chambres et suites avec vue panoramique sur le lac Majeur ou sur le parc de l&#039;h\u00f4tel et \u00e9quip\u00e9s de tous les \u00e9quipements et conforts qui rendront vos vacances sp\u00e9ciales.\" \/>\n<meta name=\"robots\" content=\"index, follow, max-snippet:-1, max-image-preview:large, max-video-preview:-1\" \/>\n<link rel=\"canonical\" href=\"https:\/\/www.parkhotelitalia.com\/fr\/chambres-et-suites\/\" \/>\n<meta property=\"og:locale\" content=\"fr_FR\" \/>\n<meta property=\"og:type\" content=\"article\" \/>\n<meta property=\"og:title\" content=\"Chambres et suites &#183; Park Hotel Italia &#183;\" \/>\n<meta property=\"og:description\" content=\"Choisir l&#039;environnement qui vous accueillera lors de votre s\u00e9jour est essentiel. Notre h\u00f4tel abrite plus de 30 espaces r\u00e9partis entre chambres et suites avec vue panoramique sur le lac Majeur ou sur le parc de l&#039;h\u00f4tel et \u00e9quip\u00e9s de tous les \u00e9quipements et conforts qui rendront vos vacances sp\u00e9ciales.\" \/>\n<meta property=\"og:url\" content=\"https:\/\/www.parkhotelitalia.com\/fr\/chambres-et-suites\/\" \/>\n<meta property=\"og:site_name\" content=\"Park Hotel Italia\" \/>\n<meta property=\"article:modified_time\" content=\"2023-05-22T13:51:59+00:00\" \/>\n<meta name=\"twitter:card\" content=\"summary_large_image\" \/>\n<script type=\"application\/ld+json\" class=\"yoast-schema-graph\">{\"@context\":\"https:\\\/\\\/schema.org\",\"@graph\":[{\"@type\":\"WebPage\",\"@id\":\"https:\\\/\\\/www.parkhotelitalia.com\\\/fr\\\/chambres-et-suites\\\/\",\"url\":\"https:\\\/\\\/www.parkhotelitalia.com\\\/fr\\\/chambres-et-suites\\\/\",\"name\":\"Chambres et suites &#183; Park Hotel Italia &#183;\",\"isPartOf\":{\"@id\":\"https:\\\/\\\/www.parkhotelitalia.com\\\/fr\\\/#website\"},\"datePublished\":\"2023-05-19T10:00:01+00:00\",\"dateModified\":\"2023-05-22T13:51:59+00:00\",\"description\":\"Choisir l'environnement qui vous accueillera lors de votre s\u00e9jour est essentiel. Notre h\u00f4tel abrite plus de 30 espaces r\u00e9partis entre chambres et suites avec vue panoramique sur le lac Majeur ou sur le parc de l'h\u00f4tel et \u00e9quip\u00e9s de tous les \u00e9quipements et conforts qui rendront vos vacances sp\u00e9ciales.\",\"breadcrumb\":{\"@id\":\"https:\\\/\\\/www.parkhotelitalia.com\\\/fr\\\/chambres-et-suites\\\/#breadcrumb\"},\"inLanguage\":\"fr-FR\",\"potentialAction\":[{\"@type\":\"ReadAction\",\"target\":[\"https:\\\/\\\/www.parkhotelitalia.com\\\/fr\\\/chambres-et-suites\\\/\"]}]},{\"@type\":\"BreadcrumbList\",\"@id\":\"https:\\\/\\\/www.parkhotelitalia.com\\\/fr\\\/chambres-et-suites\\\/#breadcrumb\",\"itemListElement\":[{\"@type\":\"ListItem\",\"position\":1,\"name\":\"Home\",\"item\":\"https:\\\/\\\/www.parkhotelitalia.com\\\/fr\\\/\"},{\"@type\":\"ListItem\",\"position\":2,\"name\":\"Chambres et suites\"}]},{\"@type\":\"WebSite\",\"@id\":\"https:\\\/\\\/www.parkhotelitalia.com\\\/fr\\\/#website\",\"url\":\"https:\\\/\\\/www.parkhotelitalia.com\\\/fr\\\/\",\"name\":\"Park Hotel Italia\",\"description\":\"\",\"potentialAction\":[{\"@type\":\"SearchAction\",\"target\":{\"@type\":\"EntryPoint\",\"urlTemplate\":\"https:\\\/\\\/www.parkhotelitalia.com\\\/fr\\\/?s={search_term_string}\"},\"query-input\":{\"@type\":\"PropertyValueSpecification\",\"valueRequired\":true,\"valueName\":\"search_term_string\"}}],\"inLanguage\":\"fr-FR\"}]}<\/script>\n<!-- \/ Yoast SEO plugin. -->","yoast_head_json":{"title":"Chambres et suites &#183; Park Hotel Italia &#183;","description":"Choisir l'environnement qui vous accueillera lors de votre s\u00e9jour est essentiel. Notre h\u00f4tel abrite plus de 30 espaces r\u00e9partis entre chambres et suites avec vue panoramique sur le lac Majeur ou sur le parc de l'h\u00f4tel et \u00e9quip\u00e9s de tous les \u00e9quipements et conforts qui rendront vos vacances sp\u00e9ciales.","robots":{"index":"index","follow":"follow","max-snippet":"max-snippet:-1","max-image-preview":"max-image-preview:large","max-video-preview":"max-video-preview:-1"},"canonical":"https:\/\/www.parkhotelitalia.com\/fr\/chambres-et-suites\/","og_locale":"fr_FR","og_type":"article","og_title":"Chambres et suites &#183; Park Hotel Italia &#183;","og_description":"Choisir l'environnement qui vous accueillera lors de votre s\u00e9jour est essentiel. Notre h\u00f4tel abrite plus de 30 espaces r\u00e9partis entre chambres et suites avec vue panoramique sur le lac Majeur ou sur le parc de l'h\u00f4tel et \u00e9quip\u00e9s de tous les \u00e9quipements et conforts qui rendront vos vacances sp\u00e9ciales.","og_url":"https:\/\/www.parkhotelitalia.com\/fr\/chambres-et-suites\/","og_site_name":"Park Hotel Italia","article_modified_time":"2023-05-22T13:51:59+00:00","twitter_card":"summary_large_image","schema":{"@context":"https:\/\/schema.org","@graph":[{"@type":"WebPage","@id":"https:\/\/www.parkhotelitalia.com\/fr\/chambres-et-suites\/","url":"https:\/\/www.parkhotelitalia.com\/fr\/chambres-et-suites\/","name":"Chambres et suites &#183; Park Hotel Italia &#183;","isPartOf":{"@id":"https:\/\/www.parkhotelitalia.com\/fr\/#website"},"datePublished":"2023-05-19T10:00:01+00:00","dateModified":"2023-05-22T13:51:59+00:00","description":"Choisir l'environnement qui vous accueillera lors de votre s\u00e9jour est essentiel. Notre h\u00f4tel abrite plus de 30 espaces r\u00e9partis entre chambres et suites avec vue panoramique sur le lac Majeur ou sur le parc de l'h\u00f4tel et \u00e9quip\u00e9s de tous les \u00e9quipements et conforts qui rendront vos vacances sp\u00e9ciales.","breadcrumb":{"@id":"https:\/\/www.parkhotelitalia.com\/fr\/chambres-et-suites\/#breadcrumb"},"inLanguage":"fr-FR","potentialAction":[{"@type":"ReadAction","target":["https:\/\/www.parkhotelitalia.com\/fr\/chambres-et-suites\/"]}]},{"@type":"BreadcrumbList","@id":"https:\/\/www.parkhotelitalia.com\/fr\/chambres-et-suites\/#breadcrumb","itemListElement":[{"@type":"ListItem","position":1,"name":"Home","item":"https:\/\/www.parkhotelitalia.com\/fr\/"},{"@type":"ListItem","position":2,"name":"Chambres et suites"}]},{"@type":"WebSite","@id":"https:\/\/www.parkhotelitalia.com\/fr\/#website","url":"https:\/\/www.parkhotelitalia.com\/fr\/","name":"Park Hotel Italia","description":"","potentialAction":[{"@type":"SearchAction","target":{"@type":"EntryPoint","urlTemplate":"https:\/\/www.parkhotelitalia.com\/fr\/?s={search_term_string}"},"query-input":{"@type":"PropertyValueSpecification","valueRequired":true,"valueName":"search_term_string"}}],"inLanguage":"fr-FR"}]}},"acf":[],"_links":{"self":[{"href":"https:\/\/www.parkhotelitalia.com\/fr\/wp-json\/wp\/v2\/pages\/339","targetHints":{"allow":["GET"]}}],"collection":[{"href":"https:\/\/www.parkhotelitalia.com\/fr\/wp-json\/wp\/v2\/pages"}],"about":[{"href":"https:\/\/www.parkhotelitalia.com\/fr\/wp-json\/wp\/v2\/types\/page"}],"author":[{"embeddable":true,"href":"https:\/\/www.parkhotelitalia.com\/fr\/wp-json\/wp\/v2\/users\/26"}],"replies":[{"embeddable":true,"href":"https:\/\/www.parkhotelitalia.com\/fr\/wp-json\/wp\/v2\/comments?post=339"}],"version-history":[{"count":0,"href":"https:\/\/www.parkhotelitalia.com\/fr\/wp-json\/wp\/v2\/pages\/339\/revisions"}],"wp:attachment":[{"href":"https:\/\/www.parkhotelitalia.com\/fr\/wp-json\/wp\/v2\/media?parent=339"}],"curies":[{"name":"wp","href":"https:\/\/api.w.org\/{rel}","templated":true}]}}