{"id":350,"date":"2023-05-19T10:07:37","date_gmt":"2023-05-19T10:07:37","guid":{"rendered":"https:\/\/parkhotelitalia.ms2.decms.eu\/?page_id=350"},"modified":"2023-05-19T10:09:46","modified_gmt":"2023-05-19T10:09:46","slug":"junior-suite","status":"publish","type":"page","link":"https:\/\/www.parkhotelitalia.com\/fr\/chambres-et-suites\/junior-suite\/","title":{"rendered":"Junior Suite"},"content":{"rendered":"<p>Les chambres Junior Suite donnent sur le lac, sont principalement situ\u00e9es au dernier \u00e9tage dans la partie centrale et disposent d&rsquo;une terrasse. L&rsquo;une des Junior Suites est situ\u00e9e au premier \u00e9tage et dispose d&rsquo;une grande terrasse meubl\u00e9e d&rsquo;environ 25 m\u00b2. avec vue sur le lac. Les lits peuvent \u00eatre doubles ou simples et avoir une taille de 1,80 m de large et 2,00 m de long.<\/p>\n<p>Les salles de bain des Junior Suites au quatri\u00e8me \u00e9tage ont une baignoire et une douche, elles ont une paroi transparente qui peut \u00eatre ferm\u00e9e ou ouverte avec vue sur la chambre. Au premier \u00e9tage, la salle de bain a une douche et une fen\u00eatre.<\/p>\n<p>Toutes les Junior Suites peuvent accueillir un troisi\u00e8me lit suppl\u00e9mentaire<\/p>\n","protected":false},"excerpt":{"rendered":"<p>Les chambres Junior Suite donnent sur le lac, sont principalement situ\u00e9es au dernier \u00e9tage dans la partie centrale et disposent d&rsquo;une terrasse. L&rsquo;une des Junior Suites est situ\u00e9e au premier \u00e9tage et dispose d&rsquo;une grande terrasse meubl\u00e9e d&rsquo;environ 25 m\u00b2. avec vue sur le lac. Les lits peuvent \u00eatre doubles ou simples et avoir une [&hellip;]<\/p>\n","protected":false},"author":26,"featured_media":0,"parent":339,"menu_order":30,"comment_status":"closed","ping_status":"closed","template":"template-single-room.php","meta":{"footnotes":""},"yoast_head":"<!-- This site is optimized with the Yoast SEO plugin v22.3 - https:\/\/yoast.com\/wordpress\/plugins\/seo\/ -->\n<title>Junior Suite &#183; Park Hotel Italia &#183;<\/title>\n<meta name=\"description\" content=\"Les chambres Junior Suite donnent sur le lac, sont principalement situ\u00e9es au dernier \u00e9tage dans la partie centrale et disposent d&#039;une terrasse. L&#039;une des Junior Suites est situ\u00e9e au premier \u00e9tage et dispose d&#039;une grande terrasse meubl\u00e9e d&#039;environ 25 m\u00b2\" \/>\n<meta name=\"robots\" content=\"index, follow, max-snippet:-1, max-image-preview:large, max-video-preview:-1\" \/>\n<link rel=\"canonical\" href=\"https:\/\/www.parkhotelitalia.com\/fr\/chambres-et-suites\/junior-suite\/\" \/>\n<meta property=\"og:locale\" content=\"fr_FR\" \/>\n<meta property=\"og:type\" content=\"article\" \/>\n<meta property=\"og:title\" content=\"Junior Suite &#183; Park Hotel Italia &#183;\" \/>\n<meta property=\"og:description\" content=\"Les chambres Junior Suite donnent sur le lac, sont principalement situ\u00e9es au dernier \u00e9tage dans la partie centrale et disposent d&#039;une terrasse. L&#039;une des Junior Suites est situ\u00e9e au premier \u00e9tage et dispose d&#039;une grande terrasse meubl\u00e9e d&#039;environ 25 m\u00b2\" \/>\n<meta property=\"og:url\" content=\"https:\/\/www.parkhotelitalia.com\/fr\/chambres-et-suites\/junior-suite\/\" \/>\n<meta property=\"og:site_name\" content=\"Park Hotel Italia\" \/>\n<meta property=\"article:modified_time\" content=\"2023-05-19T10:09:46+00:00\" \/>\n<meta name=\"twitter:card\" content=\"summary_large_image\" \/>\n<meta name=\"twitter:label1\" content=\"Dur\u00e9e de lecture estim\u00e9e\" \/>\n\t<meta name=\"twitter:data1\" content=\"1 minute\" \/>\n<script type=\"application\/ld+json\" class=\"yoast-schema-graph\">{\"@context\":\"https:\/\/schema.org\",\"@graph\":[{\"@type\":\"WebPage\",\"@id\":\"https:\/\/www.parkhotelitalia.com\/fr\/chambres-et-suites\/junior-suite\/\",\"url\":\"https:\/\/www.parkhotelitalia.com\/fr\/chambres-et-suites\/junior-suite\/\",\"name\":\"Junior Suite &#183; Park Hotel Italia &#183;\",\"isPartOf\":{\"@id\":\"https:\/\/www.parkhotelitalia.com\/fr\/#website\"},\"datePublished\":\"2023-05-19T10:07:37+00:00\",\"dateModified\":\"2023-05-19T10:09:46+00:00\",\"description\":\"Les chambres Junior Suite donnent sur le lac, sont principalement situ\u00e9es au dernier \u00e9tage dans la partie centrale et disposent d'une terrasse. L'une des Junior Suites est situ\u00e9e au premier \u00e9tage et dispose d'une grande terrasse meubl\u00e9e d'environ 25 m\u00b2\",\"breadcrumb\":{\"@id\":\"https:\/\/www.parkhotelitalia.com\/fr\/chambres-et-suites\/junior-suite\/#breadcrumb\"},\"inLanguage\":\"fr-FR\",\"potentialAction\":[{\"@type\":\"ReadAction\",\"target\":[\"https:\/\/www.parkhotelitalia.com\/fr\/chambres-et-suites\/junior-suite\/\"]}]},{\"@type\":\"BreadcrumbList\",\"@id\":\"https:\/\/www.parkhotelitalia.com\/fr\/chambres-et-suites\/junior-suite\/#breadcrumb\",\"itemListElement\":[{\"@type\":\"ListItem\",\"position\":1,\"name\":\"Home\",\"item\":\"https:\/\/www.parkhotelitalia.com\/fr\/\"},{\"@type\":\"ListItem\",\"position\":2,\"name\":\"Chambres et suites\",\"item\":\"https:\/\/www.parkhotelitalia.com\/fr\/chambres-et-suites\/\"},{\"@type\":\"ListItem\",\"position\":3,\"name\":\"Junior Suite\"}]},{\"@type\":\"WebSite\",\"@id\":\"https:\/\/www.parkhotelitalia.com\/fr\/#website\",\"url\":\"https:\/\/www.parkhotelitalia.com\/fr\/\",\"name\":\"Park Hotel Italia\",\"description\":\"\",\"potentialAction\":[{\"@type\":\"SearchAction\",\"target\":{\"@type\":\"EntryPoint\",\"urlTemplate\":\"https:\/\/www.parkhotelitalia.com\/fr\/?s={search_term_string}\"},\"query-input\":\"required name=search_term_string\"}],\"inLanguage\":\"fr-FR\"}]}<\/script>\n<!-- \/ Yoast SEO plugin. -->","yoast_head_json":{"title":"Junior Suite &#183; Park Hotel Italia &#183;","description":"Les chambres Junior Suite donnent sur le lac, sont principalement situ\u00e9es au dernier \u00e9tage dans la partie centrale et disposent d'une terrasse. L'une des Junior Suites est situ\u00e9e au premier \u00e9tage et dispose d'une grande terrasse meubl\u00e9e d'environ 25 m\u00b2","robots":{"index":"index","follow":"follow","max-snippet":"max-snippet:-1","max-image-preview":"max-image-preview:large","max-video-preview":"max-video-preview:-1"},"canonical":"https:\/\/www.parkhotelitalia.com\/fr\/chambres-et-suites\/junior-suite\/","og_locale":"fr_FR","og_type":"article","og_title":"Junior Suite &#183; Park Hotel Italia &#183;","og_description":"Les chambres Junior Suite donnent sur le lac, sont principalement situ\u00e9es au dernier \u00e9tage dans la partie centrale et disposent d'une terrasse. L'une des Junior Suites est situ\u00e9e au premier \u00e9tage et dispose d'une grande terrasse meubl\u00e9e d'environ 25 m\u00b2","og_url":"https:\/\/www.parkhotelitalia.com\/fr\/chambres-et-suites\/junior-suite\/","og_site_name":"Park Hotel Italia","article_modified_time":"2023-05-19T10:09:46+00:00","twitter_card":"summary_large_image","twitter_misc":{"Dur\u00e9e de lecture estim\u00e9e":"1 minute"},"schema":{"@context":"https:\/\/schema.org","@graph":[{"@type":"WebPage","@id":"https:\/\/www.parkhotelitalia.com\/fr\/chambres-et-suites\/junior-suite\/","url":"https:\/\/www.parkhotelitalia.com\/fr\/chambres-et-suites\/junior-suite\/","name":"Junior Suite &#183; Park Hotel Italia &#183;","isPartOf":{"@id":"https:\/\/www.parkhotelitalia.com\/fr\/#website"},"datePublished":"2023-05-19T10:07:37+00:00","dateModified":"2023-05-19T10:09:46+00:00","description":"Les chambres Junior Suite donnent sur le lac, sont principalement situ\u00e9es au dernier \u00e9tage dans la partie centrale et disposent d'une terrasse. L'une des Junior Suites est situ\u00e9e au premier \u00e9tage et dispose d'une grande terrasse meubl\u00e9e d'environ 25 m\u00b2","breadcrumb":{"@id":"https:\/\/www.parkhotelitalia.com\/fr\/chambres-et-suites\/junior-suite\/#breadcrumb"},"inLanguage":"fr-FR","potentialAction":[{"@type":"ReadAction","target":["https:\/\/www.parkhotelitalia.com\/fr\/chambres-et-suites\/junior-suite\/"]}]},{"@type":"BreadcrumbList","@id":"https:\/\/www.parkhotelitalia.com\/fr\/chambres-et-suites\/junior-suite\/#breadcrumb","itemListElement":[{"@type":"ListItem","position":1,"name":"Home","item":"https:\/\/www.parkhotelitalia.com\/fr\/"},{"@type":"ListItem","position":2,"name":"Chambres et suites","item":"https:\/\/www.parkhotelitalia.com\/fr\/chambres-et-suites\/"},{"@type":"ListItem","position":3,"name":"Junior Suite"}]},{"@type":"WebSite","@id":"https:\/\/www.parkhotelitalia.com\/fr\/#website","url":"https:\/\/www.parkhotelitalia.com\/fr\/","name":"Park Hotel Italia","description":"","potentialAction":[{"@type":"SearchAction","target":{"@type":"EntryPoint","urlTemplate":"https:\/\/www.parkhotelitalia.com\/fr\/?s={search_term_string}"},"query-input":"required name=search_term_string"}],"inLanguage":"fr-FR"}]}},"acf":[],"_links":{"self":[{"href":"https:\/\/www.parkhotelitalia.com\/fr\/wp-json\/wp\/v2\/pages\/350"}],"collection":[{"href":"https:\/\/www.parkhotelitalia.com\/fr\/wp-json\/wp\/v2\/pages"}],"about":[{"href":"https:\/\/www.parkhotelitalia.com\/fr\/wp-json\/wp\/v2\/types\/page"}],"author":[{"embeddable":true,"href":"https:\/\/www.parkhotelitalia.com\/fr\/wp-json\/wp\/v2\/users\/26"}],"replies":[{"embeddable":true,"href":"https:\/\/www.parkhotelitalia.com\/fr\/wp-json\/wp\/v2\/comments?post=350"}],"version-history":[{"count":0,"href":"https:\/\/www.parkhotelitalia.com\/fr\/wp-json\/wp\/v2\/pages\/350\/revisions"}],"up":[{"embeddable":true,"href":"https:\/\/www.parkhotelitalia.com\/fr\/wp-json\/wp\/v2\/pages\/339"}],"wp:attachment":[{"href":"https:\/\/www.parkhotelitalia.com\/fr\/wp-json\/wp\/v2\/media?parent=350"}],"curies":[{"name":"wp","href":"https:\/\/api.w.org\/{rel}","templated":true}]}}