{"id":363,"date":"2023-05-19T11:07:06","date_gmt":"2023-05-19T11:07:06","guid":{"rendered":"https:\/\/parkhotelitalia.ms2.decms.eu\/?page_id=363"},"modified":"2023-05-19T11:11:11","modified_gmt":"2023-05-19T11:11:11","slug":"side-lake","status":"publish","type":"page","link":"https:\/\/www.parkhotelitalia.com\/fr\/chambres-et-suites\/side-lake\/","title":{"rendered":"Side Lake"},"content":{"rendered":"<p>Les chambres C\u00f4t\u00e9 Lac ont une vue lat\u00e9rale depuis l&rsquo;H\u00f4tel. Certaines donnent sur la piscine, d&rsquo;autres vers le jardin en terrasses plant\u00e9 de citronniers. Du c\u00f4t\u00e9 de la piscine, vous pouvez \u00e9galement profiter de la vue sur la marina tandis que de celles donnant sur le jardin, vous pouvez voir les \u00eelots des Castelli di Cannero.<\/p>\n<p>Les chambres C\u00f4t\u00e9 Lac ont une superficie d&rsquo;env. 20 m2 et un balcon avec table et chaises.<\/p>\n<p>Le lit peut \u00eatre un lit double ou deux lits s\u00e9par\u00e9s et a une dimension de 1,60 de large et 2,00 de long.<\/p>\n","protected":false},"excerpt":{"rendered":"<p>Les chambres C\u00f4t\u00e9 Lac ont une vue lat\u00e9rale depuis l&rsquo;H\u00f4tel. Certaines donnent sur la piscine, d&rsquo;autres vers le jardin en terrasses plant\u00e9 de citronniers. Du c\u00f4t\u00e9 de la piscine, vous pouvez \u00e9galement profiter de la vue sur la marina tandis que de celles donnant sur le jardin, vous pouvez voir les \u00eelots des Castelli di [&hellip;]<\/p>\n","protected":false},"author":26,"featured_media":0,"parent":339,"menu_order":60,"comment_status":"closed","ping_status":"closed","template":"template-single-room.php","meta":{"footnotes":""},"yoast_head":"<!-- This site is optimized with the Yoast SEO plugin v22.3 - https:\/\/yoast.com\/wordpress\/plugins\/seo\/ -->\n<title>Side Lake &#183; Park Hotel Italia &#183;<\/title>\n<meta name=\"description\" content=\"Les chambres C\u00f4t\u00e9 Lac ont une vue lat\u00e9rale depuis l&#039;H\u00f4tel. Certaines donnent sur la piscine, d&#039;autres vers le jardin en terrasses plant\u00e9 de citronniers\" \/>\n<meta name=\"robots\" content=\"index, follow, max-snippet:-1, max-image-preview:large, max-video-preview:-1\" \/>\n<link rel=\"canonical\" href=\"https:\/\/www.parkhotelitalia.com\/fr\/chambres-et-suites\/side-lake\/\" \/>\n<meta property=\"og:locale\" content=\"fr_FR\" \/>\n<meta property=\"og:type\" content=\"article\" \/>\n<meta property=\"og:title\" content=\"Side Lake &#183; Park Hotel Italia &#183;\" \/>\n<meta property=\"og:description\" content=\"Les chambres C\u00f4t\u00e9 Lac ont une vue lat\u00e9rale depuis l&#039;H\u00f4tel. Certaines donnent sur la piscine, d&#039;autres vers le jardin en terrasses plant\u00e9 de citronniers\" \/>\n<meta property=\"og:url\" content=\"https:\/\/www.parkhotelitalia.com\/fr\/chambres-et-suites\/side-lake\/\" \/>\n<meta property=\"og:site_name\" content=\"Park Hotel Italia\" \/>\n<meta property=\"article:modified_time\" content=\"2023-05-19T11:11:11+00:00\" \/>\n<meta name=\"twitter:card\" content=\"summary_large_image\" \/>\n<meta name=\"twitter:label1\" content=\"Dur\u00e9e de lecture estim\u00e9e\" \/>\n\t<meta name=\"twitter:data1\" content=\"1 minute\" \/>\n<script type=\"application\/ld+json\" class=\"yoast-schema-graph\">{\"@context\":\"https:\/\/schema.org\",\"@graph\":[{\"@type\":\"WebPage\",\"@id\":\"https:\/\/www.parkhotelitalia.com\/fr\/chambres-et-suites\/side-lake\/\",\"url\":\"https:\/\/www.parkhotelitalia.com\/fr\/chambres-et-suites\/side-lake\/\",\"name\":\"Side Lake &#183; Park Hotel Italia &#183;\",\"isPartOf\":{\"@id\":\"https:\/\/www.parkhotelitalia.com\/fr\/#website\"},\"datePublished\":\"2023-05-19T11:07:06+00:00\",\"dateModified\":\"2023-05-19T11:11:11+00:00\",\"description\":\"Les chambres C\u00f4t\u00e9 Lac ont une vue lat\u00e9rale depuis l'H\u00f4tel. Certaines donnent sur la piscine, d'autres vers le jardin en terrasses plant\u00e9 de citronniers\",\"breadcrumb\":{\"@id\":\"https:\/\/www.parkhotelitalia.com\/fr\/chambres-et-suites\/side-lake\/#breadcrumb\"},\"inLanguage\":\"fr-FR\",\"potentialAction\":[{\"@type\":\"ReadAction\",\"target\":[\"https:\/\/www.parkhotelitalia.com\/fr\/chambres-et-suites\/side-lake\/\"]}]},{\"@type\":\"BreadcrumbList\",\"@id\":\"https:\/\/www.parkhotelitalia.com\/fr\/chambres-et-suites\/side-lake\/#breadcrumb\",\"itemListElement\":[{\"@type\":\"ListItem\",\"position\":1,\"name\":\"Home\",\"item\":\"https:\/\/www.parkhotelitalia.com\/fr\/\"},{\"@type\":\"ListItem\",\"position\":2,\"name\":\"Chambres et suites\",\"item\":\"https:\/\/www.parkhotelitalia.com\/fr\/chambres-et-suites\/\"},{\"@type\":\"ListItem\",\"position\":3,\"name\":\"Side Lake\"}]},{\"@type\":\"WebSite\",\"@id\":\"https:\/\/www.parkhotelitalia.com\/fr\/#website\",\"url\":\"https:\/\/www.parkhotelitalia.com\/fr\/\",\"name\":\"Park Hotel Italia\",\"description\":\"\",\"potentialAction\":[{\"@type\":\"SearchAction\",\"target\":{\"@type\":\"EntryPoint\",\"urlTemplate\":\"https:\/\/www.parkhotelitalia.com\/fr\/?s={search_term_string}\"},\"query-input\":\"required name=search_term_string\"}],\"inLanguage\":\"fr-FR\"}]}<\/script>\n<!-- \/ Yoast SEO plugin. -->","yoast_head_json":{"title":"Side Lake &#183; Park Hotel Italia &#183;","description":"Les chambres C\u00f4t\u00e9 Lac ont une vue lat\u00e9rale depuis l'H\u00f4tel. Certaines donnent sur la piscine, d'autres vers le jardin en terrasses plant\u00e9 de citronniers","robots":{"index":"index","follow":"follow","max-snippet":"max-snippet:-1","max-image-preview":"max-image-preview:large","max-video-preview":"max-video-preview:-1"},"canonical":"https:\/\/www.parkhotelitalia.com\/fr\/chambres-et-suites\/side-lake\/","og_locale":"fr_FR","og_type":"article","og_title":"Side Lake &#183; Park Hotel Italia &#183;","og_description":"Les chambres C\u00f4t\u00e9 Lac ont une vue lat\u00e9rale depuis l'H\u00f4tel. Certaines donnent sur la piscine, d'autres vers le jardin en terrasses plant\u00e9 de citronniers","og_url":"https:\/\/www.parkhotelitalia.com\/fr\/chambres-et-suites\/side-lake\/","og_site_name":"Park Hotel Italia","article_modified_time":"2023-05-19T11:11:11+00:00","twitter_card":"summary_large_image","twitter_misc":{"Dur\u00e9e de lecture estim\u00e9e":"1 minute"},"schema":{"@context":"https:\/\/schema.org","@graph":[{"@type":"WebPage","@id":"https:\/\/www.parkhotelitalia.com\/fr\/chambres-et-suites\/side-lake\/","url":"https:\/\/www.parkhotelitalia.com\/fr\/chambres-et-suites\/side-lake\/","name":"Side Lake &#183; Park Hotel Italia &#183;","isPartOf":{"@id":"https:\/\/www.parkhotelitalia.com\/fr\/#website"},"datePublished":"2023-05-19T11:07:06+00:00","dateModified":"2023-05-19T11:11:11+00:00","description":"Les chambres C\u00f4t\u00e9 Lac ont une vue lat\u00e9rale depuis l'H\u00f4tel. Certaines donnent sur la piscine, d'autres vers le jardin en terrasses plant\u00e9 de citronniers","breadcrumb":{"@id":"https:\/\/www.parkhotelitalia.com\/fr\/chambres-et-suites\/side-lake\/#breadcrumb"},"inLanguage":"fr-FR","potentialAction":[{"@type":"ReadAction","target":["https:\/\/www.parkhotelitalia.com\/fr\/chambres-et-suites\/side-lake\/"]}]},{"@type":"BreadcrumbList","@id":"https:\/\/www.parkhotelitalia.com\/fr\/chambres-et-suites\/side-lake\/#breadcrumb","itemListElement":[{"@type":"ListItem","position":1,"name":"Home","item":"https:\/\/www.parkhotelitalia.com\/fr\/"},{"@type":"ListItem","position":2,"name":"Chambres et suites","item":"https:\/\/www.parkhotelitalia.com\/fr\/chambres-et-suites\/"},{"@type":"ListItem","position":3,"name":"Side Lake"}]},{"@type":"WebSite","@id":"https:\/\/www.parkhotelitalia.com\/fr\/#website","url":"https:\/\/www.parkhotelitalia.com\/fr\/","name":"Park Hotel Italia","description":"","potentialAction":[{"@type":"SearchAction","target":{"@type":"EntryPoint","urlTemplate":"https:\/\/www.parkhotelitalia.com\/fr\/?s={search_term_string}"},"query-input":"required name=search_term_string"}],"inLanguage":"fr-FR"}]}},"acf":[],"_links":{"self":[{"href":"https:\/\/www.parkhotelitalia.com\/fr\/wp-json\/wp\/v2\/pages\/363"}],"collection":[{"href":"https:\/\/www.parkhotelitalia.com\/fr\/wp-json\/wp\/v2\/pages"}],"about":[{"href":"https:\/\/www.parkhotelitalia.com\/fr\/wp-json\/wp\/v2\/types\/page"}],"author":[{"embeddable":true,"href":"https:\/\/www.parkhotelitalia.com\/fr\/wp-json\/wp\/v2\/users\/26"}],"replies":[{"embeddable":true,"href":"https:\/\/www.parkhotelitalia.com\/fr\/wp-json\/wp\/v2\/comments?post=363"}],"version-history":[{"count":0,"href":"https:\/\/www.parkhotelitalia.com\/fr\/wp-json\/wp\/v2\/pages\/363\/revisions"}],"up":[{"embeddable":true,"href":"https:\/\/www.parkhotelitalia.com\/fr\/wp-json\/wp\/v2\/pages\/339"}],"wp:attachment":[{"href":"https:\/\/www.parkhotelitalia.com\/fr\/wp-json\/wp\/v2\/media?parent=363"}],"curies":[{"name":"wp","href":"https:\/\/api.w.org\/{rel}","templated":true}]}}