{"id":367,"date":"2023-05-19T11:12:53","date_gmt":"2023-05-19T11:12:53","guid":{"rendered":"https:\/\/parkhotelitalia.ms2.decms.eu\/?page_id=367"},"modified":"2023-05-22T13:49:33","modified_gmt":"2023-05-22T13:49:33","slug":"garden","status":"publish","type":"page","link":"https:\/\/www.parkhotelitalia.com\/fr\/chambres-et-suites\/garden\/","title":{"rendered":"Garden"},"content":{"rendered":"<p>Les chambres vue jardin b\u00e9n\u00e9ficient de la vue sur le parc fleuri au fil des saisons : cam\u00e9lias et az\u00e9las au printemps, gard\u00e9nias et agapantus en \u00e9t\u00e9 et oratensias et dahlias en automne.<\/p>\n<p>Assis sur le balcon \u00e9quip\u00e9 de chaises et de tables, vous pourrez \u00e9galement profiter du coucher de soleil derri\u00e8re le sommet du Monte Morissolo qui \u00e9merge derri\u00e8re notre parc. Moment de soulagement de la chaleur estivale de la journ\u00e9e.<\/p>\n<p>La chambre a une superficie d&rsquo;env. 20 m\u00b2. et le lit, double ou divis\u00e9 en lits simples, a une dimension de 1,60 m de large et 2,00 m de long.<\/p>\n","protected":false},"excerpt":{"rendered":"<p>Les chambres vue jardin b\u00e9n\u00e9ficient de la vue sur le parc fleuri au fil des saisons : cam\u00e9lias et az\u00e9las au printemps, gard\u00e9nias et agapantus en \u00e9t\u00e9 et oratensias et dahlias en automne. Assis sur le balcon \u00e9quip\u00e9 de chaises et de tables, vous pourrez \u00e9galement profiter du coucher de soleil derri\u00e8re le sommet du [&hellip;]<\/p>\n","protected":false},"author":26,"featured_media":0,"parent":339,"menu_order":70,"comment_status":"closed","ping_status":"closed","template":"template-single-room.php","meta":{"footnotes":""},"yoast_head":"<!-- This site is optimized with the Yoast SEO plugin v22.3 - https:\/\/yoast.com\/wordpress\/plugins\/seo\/ -->\n<title>Garden &#183; Park Hotel Italia &#183;<\/title>\n<meta name=\"description\" content=\"Les chambres vue jardin b\u00e9n\u00e9ficient de la vue sur le parc fleuri au fil des saisons : cam\u00e9lias et az\u00e9las au printemps, gard\u00e9nias et agapantus en \u00e9t\u00e9 et oratensias et dahlias en automne.  Assis sur le balcon \u00e9quip\u00e9 de chaises et de tables, vous pourrez \u00e9galement profiter du coucher de soleil derri\u00e8re le sommet du Monte Morissolo qui \u00e9merge derri\u00e8re notre parc. Moment de soulagement de la chaleur estivale de la journ\u00e9e.  La chambre a une superficie d&#039;env\" \/>\n<meta name=\"robots\" content=\"index, follow, max-snippet:-1, max-image-preview:large, max-video-preview:-1\" \/>\n<link rel=\"canonical\" href=\"https:\/\/www.parkhotelitalia.com\/fr\/chambres-et-suites\/garden\/\" \/>\n<meta property=\"og:locale\" content=\"fr_FR\" \/>\n<meta property=\"og:type\" content=\"article\" \/>\n<meta property=\"og:title\" content=\"Garden &#183; Park Hotel Italia &#183;\" \/>\n<meta property=\"og:description\" content=\"Les chambres vue jardin b\u00e9n\u00e9ficient de la vue sur le parc fleuri au fil des saisons : cam\u00e9lias et az\u00e9las au printemps, gard\u00e9nias et agapantus en \u00e9t\u00e9 et oratensias et dahlias en automne.  Assis sur le balcon \u00e9quip\u00e9 de chaises et de tables, vous pourrez \u00e9galement profiter du coucher de soleil derri\u00e8re le sommet du Monte Morissolo qui \u00e9merge derri\u00e8re notre parc. Moment de soulagement de la chaleur estivale de la journ\u00e9e.  La chambre a une superficie d&#039;env\" \/>\n<meta property=\"og:url\" content=\"https:\/\/www.parkhotelitalia.com\/fr\/chambres-et-suites\/garden\/\" \/>\n<meta property=\"og:site_name\" content=\"Park Hotel Italia\" \/>\n<meta property=\"article:modified_time\" content=\"2023-05-22T13:49:33+00:00\" \/>\n<meta name=\"twitter:card\" content=\"summary_large_image\" \/>\n<meta name=\"twitter:label1\" content=\"Dur\u00e9e de lecture estim\u00e9e\" \/>\n\t<meta name=\"twitter:data1\" content=\"1 minute\" \/>\n<script type=\"application\/ld+json\" class=\"yoast-schema-graph\">{\"@context\":\"https:\/\/schema.org\",\"@graph\":[{\"@type\":\"WebPage\",\"@id\":\"https:\/\/www.parkhotelitalia.com\/fr\/chambres-et-suites\/garden\/\",\"url\":\"https:\/\/www.parkhotelitalia.com\/fr\/chambres-et-suites\/garden\/\",\"name\":\"Garden &#183; Park Hotel Italia &#183;\",\"isPartOf\":{\"@id\":\"https:\/\/www.parkhotelitalia.com\/fr\/#website\"},\"datePublished\":\"2023-05-19T11:12:53+00:00\",\"dateModified\":\"2023-05-22T13:49:33+00:00\",\"description\":\"Les chambres vue jardin b\u00e9n\u00e9ficient de la vue sur le parc fleuri au fil des saisons : cam\u00e9lias et az\u00e9las au printemps, gard\u00e9nias et agapantus en \u00e9t\u00e9 et oratensias et dahlias en automne. Assis sur le balcon \u00e9quip\u00e9 de chaises et de tables, vous pourrez \u00e9galement profiter du coucher de soleil derri\u00e8re le sommet du Monte Morissolo qui \u00e9merge derri\u00e8re notre parc. Moment de soulagement de la chaleur estivale de la journ\u00e9e. La chambre a une superficie d'env\",\"breadcrumb\":{\"@id\":\"https:\/\/www.parkhotelitalia.com\/fr\/chambres-et-suites\/garden\/#breadcrumb\"},\"inLanguage\":\"fr-FR\",\"potentialAction\":[{\"@type\":\"ReadAction\",\"target\":[\"https:\/\/www.parkhotelitalia.com\/fr\/chambres-et-suites\/garden\/\"]}]},{\"@type\":\"BreadcrumbList\",\"@id\":\"https:\/\/www.parkhotelitalia.com\/fr\/chambres-et-suites\/garden\/#breadcrumb\",\"itemListElement\":[{\"@type\":\"ListItem\",\"position\":1,\"name\":\"Home\",\"item\":\"https:\/\/www.parkhotelitalia.com\/fr\/\"},{\"@type\":\"ListItem\",\"position\":2,\"name\":\"Chambres et suites\",\"item\":\"https:\/\/www.parkhotelitalia.com\/fr\/chambres-et-suites\/\"},{\"@type\":\"ListItem\",\"position\":3,\"name\":\"Garden\"}]},{\"@type\":\"WebSite\",\"@id\":\"https:\/\/www.parkhotelitalia.com\/fr\/#website\",\"url\":\"https:\/\/www.parkhotelitalia.com\/fr\/\",\"name\":\"Park Hotel Italia\",\"description\":\"\",\"potentialAction\":[{\"@type\":\"SearchAction\",\"target\":{\"@type\":\"EntryPoint\",\"urlTemplate\":\"https:\/\/www.parkhotelitalia.com\/fr\/?s={search_term_string}\"},\"query-input\":\"required name=search_term_string\"}],\"inLanguage\":\"fr-FR\"}]}<\/script>\n<!-- \/ Yoast SEO plugin. -->","yoast_head_json":{"title":"Garden &#183; Park Hotel Italia &#183;","description":"Les chambres vue jardin b\u00e9n\u00e9ficient de la vue sur le parc fleuri au fil des saisons : cam\u00e9lias et az\u00e9las au printemps, gard\u00e9nias et agapantus en \u00e9t\u00e9 et oratensias et dahlias en automne.  Assis sur le balcon \u00e9quip\u00e9 de chaises et de tables, vous pourrez \u00e9galement profiter du coucher de soleil derri\u00e8re le sommet du Monte Morissolo qui \u00e9merge derri\u00e8re notre parc. Moment de soulagement de la chaleur estivale de la journ\u00e9e.  La chambre a une superficie d'env","robots":{"index":"index","follow":"follow","max-snippet":"max-snippet:-1","max-image-preview":"max-image-preview:large","max-video-preview":"max-video-preview:-1"},"canonical":"https:\/\/www.parkhotelitalia.com\/fr\/chambres-et-suites\/garden\/","og_locale":"fr_FR","og_type":"article","og_title":"Garden &#183; Park Hotel Italia &#183;","og_description":"Les chambres vue jardin b\u00e9n\u00e9ficient de la vue sur le parc fleuri au fil des saisons : cam\u00e9lias et az\u00e9las au printemps, gard\u00e9nias et agapantus en \u00e9t\u00e9 et oratensias et dahlias en automne.  Assis sur le balcon \u00e9quip\u00e9 de chaises et de tables, vous pourrez \u00e9galement profiter du coucher de soleil derri\u00e8re le sommet du Monte Morissolo qui \u00e9merge derri\u00e8re notre parc. Moment de soulagement de la chaleur estivale de la journ\u00e9e.  La chambre a une superficie d'env","og_url":"https:\/\/www.parkhotelitalia.com\/fr\/chambres-et-suites\/garden\/","og_site_name":"Park Hotel Italia","article_modified_time":"2023-05-22T13:49:33+00:00","twitter_card":"summary_large_image","twitter_misc":{"Dur\u00e9e de lecture estim\u00e9e":"1 minute"},"schema":{"@context":"https:\/\/schema.org","@graph":[{"@type":"WebPage","@id":"https:\/\/www.parkhotelitalia.com\/fr\/chambres-et-suites\/garden\/","url":"https:\/\/www.parkhotelitalia.com\/fr\/chambres-et-suites\/garden\/","name":"Garden &#183; Park Hotel Italia &#183;","isPartOf":{"@id":"https:\/\/www.parkhotelitalia.com\/fr\/#website"},"datePublished":"2023-05-19T11:12:53+00:00","dateModified":"2023-05-22T13:49:33+00:00","description":"Les chambres vue jardin b\u00e9n\u00e9ficient de la vue sur le parc fleuri au fil des saisons : cam\u00e9lias et az\u00e9las au printemps, gard\u00e9nias et agapantus en \u00e9t\u00e9 et oratensias et dahlias en automne. Assis sur le balcon \u00e9quip\u00e9 de chaises et de tables, vous pourrez \u00e9galement profiter du coucher de soleil derri\u00e8re le sommet du Monte Morissolo qui \u00e9merge derri\u00e8re notre parc. Moment de soulagement de la chaleur estivale de la journ\u00e9e. La chambre a une superficie d'env","breadcrumb":{"@id":"https:\/\/www.parkhotelitalia.com\/fr\/chambres-et-suites\/garden\/#breadcrumb"},"inLanguage":"fr-FR","potentialAction":[{"@type":"ReadAction","target":["https:\/\/www.parkhotelitalia.com\/fr\/chambres-et-suites\/garden\/"]}]},{"@type":"BreadcrumbList","@id":"https:\/\/www.parkhotelitalia.com\/fr\/chambres-et-suites\/garden\/#breadcrumb","itemListElement":[{"@type":"ListItem","position":1,"name":"Home","item":"https:\/\/www.parkhotelitalia.com\/fr\/"},{"@type":"ListItem","position":2,"name":"Chambres et suites","item":"https:\/\/www.parkhotelitalia.com\/fr\/chambres-et-suites\/"},{"@type":"ListItem","position":3,"name":"Garden"}]},{"@type":"WebSite","@id":"https:\/\/www.parkhotelitalia.com\/fr\/#website","url":"https:\/\/www.parkhotelitalia.com\/fr\/","name":"Park Hotel Italia","description":"","potentialAction":[{"@type":"SearchAction","target":{"@type":"EntryPoint","urlTemplate":"https:\/\/www.parkhotelitalia.com\/fr\/?s={search_term_string}"},"query-input":"required name=search_term_string"}],"inLanguage":"fr-FR"}]}},"acf":[],"_links":{"self":[{"href":"https:\/\/www.parkhotelitalia.com\/fr\/wp-json\/wp\/v2\/pages\/367"}],"collection":[{"href":"https:\/\/www.parkhotelitalia.com\/fr\/wp-json\/wp\/v2\/pages"}],"about":[{"href":"https:\/\/www.parkhotelitalia.com\/fr\/wp-json\/wp\/v2\/types\/page"}],"author":[{"embeddable":true,"href":"https:\/\/www.parkhotelitalia.com\/fr\/wp-json\/wp\/v2\/users\/26"}],"replies":[{"embeddable":true,"href":"https:\/\/www.parkhotelitalia.com\/fr\/wp-json\/wp\/v2\/comments?post=367"}],"version-history":[{"count":0,"href":"https:\/\/www.parkhotelitalia.com\/fr\/wp-json\/wp\/v2\/pages\/367\/revisions"}],"up":[{"embeddable":true,"href":"https:\/\/www.parkhotelitalia.com\/fr\/wp-json\/wp\/v2\/pages\/339"}],"wp:attachment":[{"href":"https:\/\/www.parkhotelitalia.com\/fr\/wp-json\/wp\/v2\/media?parent=367"}],"curies":[{"name":"wp","href":"https:\/\/api.w.org\/{rel}","templated":true}]}}