{"id":376,"date":"2023-05-19T11:19:55","date_gmt":"2023-05-19T11:19:55","guid":{"rendered":"https:\/\/parkhotelitalia.ms2.decms.eu\/?page_id=376"},"modified":"2023-05-22T13:49:51","modified_gmt":"2023-05-22T13:49:51","slug":"standard","status":"publish","type":"page","link":"https:\/\/www.parkhotelitalia.com\/fr\/chambres-et-suites\/standard\/","title":{"rendered":"Standard"},"content":{"rendered":"<p>Les Chambres Standard sont situ\u00e9es au premier \u00e9tage et disposent d&rsquo;un petit jardin entour\u00e9 de bambous qui facilitent le respect de l&rsquo;intimit\u00e9. La vue dont vous pourrez profiter est celle de notre parc plein d&rsquo;essences et de fleurs. Le Giardinetto est \u00e9quip\u00e9 d&rsquo;une table, de chaises et de transats.<\/p>\n<p>Le mobilier est moderne et sobre, la surface est d&rsquo;environ 20 m\u00e8tres carr\u00e9s, le lit qui peut \u00eatre double et divisible a une dimension de 1,60 m de large et 2,00 m de long.<\/p>\n<p>L&rsquo;une des deux chambres standard est \u00e9quip\u00e9e pour les personnes handicap\u00e9es.<\/p>\n<p>Les salles de bains meubl\u00e9es de fa\u00e7on moderne disposent d&rsquo;une fen\u00eatre donnant sur l&rsquo;ext\u00e9rieu<\/p>\n","protected":false},"excerpt":{"rendered":"<p>Les Chambres Standard sont situ\u00e9es au premier \u00e9tage et disposent d&rsquo;un petit jardin entour\u00e9 de bambous qui facilitent le respect de l&rsquo;intimit\u00e9. La vue dont vous pourrez profiter est celle de notre parc plein d&rsquo;essences et de fleurs. Le Giardinetto est \u00e9quip\u00e9 d&rsquo;une table, de chaises et de transats. Le mobilier est moderne et sobre, [&hellip;]<\/p>\n","protected":false},"author":26,"featured_media":0,"parent":339,"menu_order":80,"comment_status":"closed","ping_status":"closed","template":"template-single-room.php","meta":{"footnotes":""},"yoast_head":"<!-- This site is optimized with the Yoast SEO plugin v22.3 - https:\/\/yoast.com\/wordpress\/plugins\/seo\/ -->\n<title>Standard &#183; Park Hotel Italia &#183;<\/title>\n<meta name=\"description\" content=\"Les Chambres Standard sont situ\u00e9es au premier \u00e9tage et disposent d&#039;un petit jardin entour\u00e9 de bambous qui facilitent le respect de l&#039;intimit\u00e9. La vue dont vous pourrez profiter est celle de notre parc plein d&#039;essences et de fleurs\" \/>\n<meta name=\"robots\" content=\"index, follow, max-snippet:-1, max-image-preview:large, max-video-preview:-1\" \/>\n<link rel=\"canonical\" href=\"https:\/\/www.parkhotelitalia.com\/fr\/chambres-et-suites\/standard\/\" \/>\n<meta property=\"og:locale\" content=\"fr_FR\" \/>\n<meta property=\"og:type\" content=\"article\" \/>\n<meta property=\"og:title\" content=\"Standard &#183; Park Hotel Italia &#183;\" \/>\n<meta property=\"og:description\" content=\"Les Chambres Standard sont situ\u00e9es au premier \u00e9tage et disposent d&#039;un petit jardin entour\u00e9 de bambous qui facilitent le respect de l&#039;intimit\u00e9. La vue dont vous pourrez profiter est celle de notre parc plein d&#039;essences et de fleurs\" \/>\n<meta property=\"og:url\" content=\"https:\/\/www.parkhotelitalia.com\/fr\/chambres-et-suites\/standard\/\" \/>\n<meta property=\"og:site_name\" content=\"Park Hotel Italia\" \/>\n<meta property=\"article:modified_time\" content=\"2023-05-22T13:49:51+00:00\" \/>\n<meta name=\"twitter:card\" content=\"summary_large_image\" \/>\n<meta name=\"twitter:label1\" content=\"Dur\u00e9e de lecture estim\u00e9e\" \/>\n\t<meta name=\"twitter:data1\" content=\"1 minute\" \/>\n<script type=\"application\/ld+json\" class=\"yoast-schema-graph\">{\"@context\":\"https:\/\/schema.org\",\"@graph\":[{\"@type\":\"WebPage\",\"@id\":\"https:\/\/www.parkhotelitalia.com\/fr\/chambres-et-suites\/standard\/\",\"url\":\"https:\/\/www.parkhotelitalia.com\/fr\/chambres-et-suites\/standard\/\",\"name\":\"Standard &#183; Park Hotel Italia &#183;\",\"isPartOf\":{\"@id\":\"https:\/\/www.parkhotelitalia.com\/fr\/#website\"},\"datePublished\":\"2023-05-19T11:19:55+00:00\",\"dateModified\":\"2023-05-22T13:49:51+00:00\",\"description\":\"Les Chambres Standard sont situ\u00e9es au premier \u00e9tage et disposent d'un petit jardin entour\u00e9 de bambous qui facilitent le respect de l'intimit\u00e9. La vue dont vous pourrez profiter est celle de notre parc plein d'essences et de fleurs\",\"breadcrumb\":{\"@id\":\"https:\/\/www.parkhotelitalia.com\/fr\/chambres-et-suites\/standard\/#breadcrumb\"},\"inLanguage\":\"fr-FR\",\"potentialAction\":[{\"@type\":\"ReadAction\",\"target\":[\"https:\/\/www.parkhotelitalia.com\/fr\/chambres-et-suites\/standard\/\"]}]},{\"@type\":\"BreadcrumbList\",\"@id\":\"https:\/\/www.parkhotelitalia.com\/fr\/chambres-et-suites\/standard\/#breadcrumb\",\"itemListElement\":[{\"@type\":\"ListItem\",\"position\":1,\"name\":\"Home\",\"item\":\"https:\/\/www.parkhotelitalia.com\/fr\/\"},{\"@type\":\"ListItem\",\"position\":2,\"name\":\"Chambres et suites\",\"item\":\"https:\/\/www.parkhotelitalia.com\/fr\/chambres-et-suites\/\"},{\"@type\":\"ListItem\",\"position\":3,\"name\":\"Standard\"}]},{\"@type\":\"WebSite\",\"@id\":\"https:\/\/www.parkhotelitalia.com\/fr\/#website\",\"url\":\"https:\/\/www.parkhotelitalia.com\/fr\/\",\"name\":\"Park Hotel Italia\",\"description\":\"\",\"potentialAction\":[{\"@type\":\"SearchAction\",\"target\":{\"@type\":\"EntryPoint\",\"urlTemplate\":\"https:\/\/www.parkhotelitalia.com\/fr\/?s={search_term_string}\"},\"query-input\":\"required name=search_term_string\"}],\"inLanguage\":\"fr-FR\"}]}<\/script>\n<!-- \/ Yoast SEO plugin. -->","yoast_head_json":{"title":"Standard &#183; Park Hotel Italia &#183;","description":"Les Chambres Standard sont situ\u00e9es au premier \u00e9tage et disposent d'un petit jardin entour\u00e9 de bambous qui facilitent le respect de l'intimit\u00e9. La vue dont vous pourrez profiter est celle de notre parc plein d'essences et de fleurs","robots":{"index":"index","follow":"follow","max-snippet":"max-snippet:-1","max-image-preview":"max-image-preview:large","max-video-preview":"max-video-preview:-1"},"canonical":"https:\/\/www.parkhotelitalia.com\/fr\/chambres-et-suites\/standard\/","og_locale":"fr_FR","og_type":"article","og_title":"Standard &#183; Park Hotel Italia &#183;","og_description":"Les Chambres Standard sont situ\u00e9es au premier \u00e9tage et disposent d'un petit jardin entour\u00e9 de bambous qui facilitent le respect de l'intimit\u00e9. La vue dont vous pourrez profiter est celle de notre parc plein d'essences et de fleurs","og_url":"https:\/\/www.parkhotelitalia.com\/fr\/chambres-et-suites\/standard\/","og_site_name":"Park Hotel Italia","article_modified_time":"2023-05-22T13:49:51+00:00","twitter_card":"summary_large_image","twitter_misc":{"Dur\u00e9e de lecture estim\u00e9e":"1 minute"},"schema":{"@context":"https:\/\/schema.org","@graph":[{"@type":"WebPage","@id":"https:\/\/www.parkhotelitalia.com\/fr\/chambres-et-suites\/standard\/","url":"https:\/\/www.parkhotelitalia.com\/fr\/chambres-et-suites\/standard\/","name":"Standard &#183; Park Hotel Italia &#183;","isPartOf":{"@id":"https:\/\/www.parkhotelitalia.com\/fr\/#website"},"datePublished":"2023-05-19T11:19:55+00:00","dateModified":"2023-05-22T13:49:51+00:00","description":"Les Chambres Standard sont situ\u00e9es au premier \u00e9tage et disposent d'un petit jardin entour\u00e9 de bambous qui facilitent le respect de l'intimit\u00e9. La vue dont vous pourrez profiter est celle de notre parc plein d'essences et de fleurs","breadcrumb":{"@id":"https:\/\/www.parkhotelitalia.com\/fr\/chambres-et-suites\/standard\/#breadcrumb"},"inLanguage":"fr-FR","potentialAction":[{"@type":"ReadAction","target":["https:\/\/www.parkhotelitalia.com\/fr\/chambres-et-suites\/standard\/"]}]},{"@type":"BreadcrumbList","@id":"https:\/\/www.parkhotelitalia.com\/fr\/chambres-et-suites\/standard\/#breadcrumb","itemListElement":[{"@type":"ListItem","position":1,"name":"Home","item":"https:\/\/www.parkhotelitalia.com\/fr\/"},{"@type":"ListItem","position":2,"name":"Chambres et suites","item":"https:\/\/www.parkhotelitalia.com\/fr\/chambres-et-suites\/"},{"@type":"ListItem","position":3,"name":"Standard"}]},{"@type":"WebSite","@id":"https:\/\/www.parkhotelitalia.com\/fr\/#website","url":"https:\/\/www.parkhotelitalia.com\/fr\/","name":"Park Hotel Italia","description":"","potentialAction":[{"@type":"SearchAction","target":{"@type":"EntryPoint","urlTemplate":"https:\/\/www.parkhotelitalia.com\/fr\/?s={search_term_string}"},"query-input":"required name=search_term_string"}],"inLanguage":"fr-FR"}]}},"acf":[],"_links":{"self":[{"href":"https:\/\/www.parkhotelitalia.com\/fr\/wp-json\/wp\/v2\/pages\/376"}],"collection":[{"href":"https:\/\/www.parkhotelitalia.com\/fr\/wp-json\/wp\/v2\/pages"}],"about":[{"href":"https:\/\/www.parkhotelitalia.com\/fr\/wp-json\/wp\/v2\/types\/page"}],"author":[{"embeddable":true,"href":"https:\/\/www.parkhotelitalia.com\/fr\/wp-json\/wp\/v2\/users\/26"}],"replies":[{"embeddable":true,"href":"https:\/\/www.parkhotelitalia.com\/fr\/wp-json\/wp\/v2\/comments?post=376"}],"version-history":[{"count":0,"href":"https:\/\/www.parkhotelitalia.com\/fr\/wp-json\/wp\/v2\/pages\/376\/revisions"}],"up":[{"embeddable":true,"href":"https:\/\/www.parkhotelitalia.com\/fr\/wp-json\/wp\/v2\/pages\/339"}],"wp:attachment":[{"href":"https:\/\/www.parkhotelitalia.com\/fr\/wp-json\/wp\/v2\/media?parent=376"}],"curies":[{"name":"wp","href":"https:\/\/api.w.org\/{rel}","templated":true}]}}