{"id":436,"date":"2023-05-19T14:59:18","date_gmt":"2023-05-19T14:59:18","guid":{"rendered":"https:\/\/parkhotelitalia.ms2.decms.eu\/?page_id=436"},"modified":"2026-04-15T11:12:49","modified_gmt":"2026-04-15T11:12:49","slug":"les-fermes-de-beaute-de-zagare","status":"publish","type":"page","link":"https:\/\/www.parkhotelitalia.com\/fr\/les-fermes-de-beaute-de-zagare\/","title":{"rendered":"Les fermes de beaut\u00e9 de Zagare"},"content":{"rendered":"<p style=\"text-align: center\"><strong>La Beauty Farm Le Zagare est une oasis de tranquillit\u00e9 d\u00e9di\u00e9e au bien-\u00eatre, un lieu exclusif pour s\u2019accorder une pause loin du rythme quotidien.<\/strong><\/p>\n<p style=\"text-align: center\"><strong>La Private SPA Suite, situ\u00e9e au sein de l\u2019h\u00f4tel, est un espace intime r\u00e9serv\u00e9 exclusivement \u00e0 deux personnes<\/strong>, pour une exp\u00e9rience priv\u00e9e d\u2019une dur\u00e9e d\u2019une heure. L\u2019exp\u00e9rience comprend bain \u00e0 remous, sauna, hammam, douche \u00e9motionnelle et espace d\u00e9tente avec tisanerie.<\/p>\n<p style=\"text-align: center\"><strong><u>L\u2019acc\u00e8s \u00e0 la SPA Suite ainsi qu\u2019\u00e0 tous les soins n\u2019est pas inclus dans le s\u00e9jour et est disponible uniquement sur r\u00e9servation, avec suppl\u00e9ment.<\/u><\/strong><\/p>\n<p style=\"text-align: center\">Tous les services SPA sont \u00e9galement accessibles aux clients ext\u00e9rieurs, uniquement sur r\u00e9servation, de 10h00 \u00e0 13h30.<\/p>\n<p style=\"text-align: center\">Annulation gratuite jusqu\u2019\u00e0 24 heures \u00e0 l\u2019avance ; dans le cas contraire, la totalit\u00e9 sera factur\u00e9e. L\u2019acc\u00e8s est interdit aux moins de 16 ans.<\/p>\n<p style=\"text-align: center\">En cas de conditions de sant\u00e9 particuli\u00e8res, il est n\u00e9cessaire d\u2019informer la direction et de consulter son m\u00e9decin. L\u2019\u00e9tablissement d\u00e9cline toute responsabilit\u00e9 en cas de non-respect de ces consignes.<\/p>\n<p style=\"text-align: center\">Restez au courant de nos actualit\u00e9s, suivez-nous sur <a href=\"https:\/\/www.facebook.com\/beautyfarmlezagare\/\">Facebook<\/a> et <a href=\"https:\/\/www.instagram.com\/lezagare.beautyfarm\/\">Instagram<\/a><\/p>\n","protected":false},"excerpt":{"rendered":"<p>La Beauty Farm Le Zagare est une oasis de tranquillit\u00e9 d\u00e9di\u00e9e au bien-\u00eatre, un lieu exclusif pour s\u2019accorder une pause loin du rythme quotidien. La Private SPA Suite, situ\u00e9e au sein de l\u2019h\u00f4tel, est un espace intime r\u00e9serv\u00e9 exclusivement \u00e0 deux personnes, pour une exp\u00e9rience priv\u00e9e d\u2019une dur\u00e9e d\u2019une heure. L\u2019exp\u00e9rience comprend bain \u00e0 remous, [&hellip;]<\/p>\n","protected":false},"author":26,"featured_media":0,"parent":0,"menu_order":35,"comment_status":"closed","ping_status":"closed","template":"template-spa.php","meta":{"footnotes":""},"yoast_head":"<!-- This site is optimized with the Yoast SEO plugin v22.3 - https:\/\/yoast.com\/wordpress\/plugins\/seo\/ -->\n<title>Les fermes de beaut\u00e9 de Zagare &#183; Park Hotel Italia &#183;<\/title>\n<meta name=\"description\" content=\"La Beauty Farm Le Zagare est une oasis de tranquillit\u00e9 d\u00e9di\u00e9e au bien-\u00eatre, un lieu exclusif pour s\u2019accorder une pause loin du rythme quotidien. La Private SPA Suite, situ\u00e9e au sein de l\u2019h\u00f4tel, est un espace intime r\u00e9serv\u00e9 exclusivement \u00e0 deux personnes, pour une exp\u00e9rience priv\u00e9e d\u2019une dur\u00e9e d\u2019une heure. L\u2019exp\u00e9rience comprend bain \u00e0 remous, sauna, hammam, douche \u00e9motionnelle et espace d\u00e9tente avec tisanerie. L\u2019acc\u00e8s \u00e0 la SPA Suite ainsi qu\u2019\u00e0 tous les soins n\u2019est pas inclus dans le s\u00e9jour et est disponible uniquement sur r\u00e9servation, avec suppl\u00e9ment. Tous les services SPA sont \u00e9galement accessibles aux clients ext\u00e9rieurs, uniquement sur r\u00e9servation, de 10h00 \u00e0 13h30. Annulation gratuite jusqu\u2019\u00e0 24 heures \u00e0 l\u2019avance ; dans le cas contraire, la totalit\u00e9 sera factur\u00e9e\" \/>\n<meta name=\"robots\" content=\"index, follow, max-snippet:-1, max-image-preview:large, max-video-preview:-1\" \/>\n<link rel=\"canonical\" href=\"https:\/\/www.parkhotelitalia.com\/fr\/les-fermes-de-beaute-de-zagare\/\" \/>\n<meta property=\"og:locale\" content=\"fr_FR\" \/>\n<meta property=\"og:type\" content=\"article\" \/>\n<meta property=\"og:title\" content=\"Les fermes de beaut\u00e9 de Zagare &#183; Park Hotel Italia &#183;\" \/>\n<meta property=\"og:description\" content=\"La Beauty Farm Le Zagare est une oasis de tranquillit\u00e9 d\u00e9di\u00e9e au bien-\u00eatre, un lieu exclusif pour s\u2019accorder une pause loin du rythme quotidien. La Private SPA Suite, situ\u00e9e au sein de l\u2019h\u00f4tel, est un espace intime r\u00e9serv\u00e9 exclusivement \u00e0 deux personnes, pour une exp\u00e9rience priv\u00e9e d\u2019une dur\u00e9e d\u2019une heure. L\u2019exp\u00e9rience comprend bain \u00e0 remous, sauna, hammam, douche \u00e9motionnelle et espace d\u00e9tente avec tisanerie. L\u2019acc\u00e8s \u00e0 la SPA Suite ainsi qu\u2019\u00e0 tous les soins n\u2019est pas inclus dans le s\u00e9jour et est disponible uniquement sur r\u00e9servation, avec suppl\u00e9ment. Tous les services SPA sont \u00e9galement accessibles aux clients ext\u00e9rieurs, uniquement sur r\u00e9servation, de 10h00 \u00e0 13h30. Annulation gratuite jusqu\u2019\u00e0 24 heures \u00e0 l\u2019avance ; dans le cas contraire, la totalit\u00e9 sera factur\u00e9e\" \/>\n<meta property=\"og:url\" content=\"https:\/\/www.parkhotelitalia.com\/fr\/les-fermes-de-beaute-de-zagare\/\" \/>\n<meta property=\"og:site_name\" content=\"Park Hotel Italia\" \/>\n<meta property=\"article:modified_time\" content=\"2026-04-15T11:12:49+00:00\" \/>\n<meta name=\"twitter:card\" content=\"summary_large_image\" \/>\n<meta name=\"twitter:label1\" content=\"Dur\u00e9e de lecture estim\u00e9e\" \/>\n\t<meta name=\"twitter:data1\" content=\"1 minute\" \/>\n<script type=\"application\/ld+json\" class=\"yoast-schema-graph\">{\"@context\":\"https:\/\/schema.org\",\"@graph\":[{\"@type\":\"WebPage\",\"@id\":\"https:\/\/www.parkhotelitalia.com\/fr\/les-fermes-de-beaute-de-zagare\/\",\"url\":\"https:\/\/www.parkhotelitalia.com\/fr\/les-fermes-de-beaute-de-zagare\/\",\"name\":\"Les fermes de beaut\u00e9 de Zagare &#183; Park Hotel Italia &#183;\",\"isPartOf\":{\"@id\":\"https:\/\/www.parkhotelitalia.com\/fr\/#website\"},\"datePublished\":\"2023-05-19T14:59:18+00:00\",\"dateModified\":\"2026-04-15T11:12:49+00:00\",\"description\":\"La Beauty Farm Le Zagare est une oasis de tranquillit\u00e9 d\u00e9di\u00e9e au bien-\u00eatre, un lieu exclusif pour s\u2019accorder une pause loin du rythme quotidien. La Private SPA Suite, situ\u00e9e au sein de l\u2019h\u00f4tel, est un espace intime r\u00e9serv\u00e9 exclusivement \u00e0 deux personnes, pour une exp\u00e9rience priv\u00e9e d\u2019une dur\u00e9e d\u2019une heure. L\u2019exp\u00e9rience comprend bain \u00e0 remous, sauna, hammam, douche \u00e9motionnelle et espace d\u00e9tente avec tisanerie. L\u2019acc\u00e8s \u00e0 la SPA Suite ainsi qu\u2019\u00e0 tous les soins n\u2019est pas inclus dans le s\u00e9jour et est disponible uniquement sur r\u00e9servation, avec suppl\u00e9ment. Tous les services SPA sont \u00e9galement accessibles aux clients ext\u00e9rieurs, uniquement sur r\u00e9servation, de 10h00 \u00e0 13h30. Annulation gratuite jusqu\u2019\u00e0 24 heures \u00e0 l\u2019avance ; dans le cas contraire, la totalit\u00e9 sera factur\u00e9e\",\"breadcrumb\":{\"@id\":\"https:\/\/www.parkhotelitalia.com\/fr\/les-fermes-de-beaute-de-zagare\/#breadcrumb\"},\"inLanguage\":\"fr-FR\",\"potentialAction\":[{\"@type\":\"ReadAction\",\"target\":[\"https:\/\/www.parkhotelitalia.com\/fr\/les-fermes-de-beaute-de-zagare\/\"]}]},{\"@type\":\"BreadcrumbList\",\"@id\":\"https:\/\/www.parkhotelitalia.com\/fr\/les-fermes-de-beaute-de-zagare\/#breadcrumb\",\"itemListElement\":[{\"@type\":\"ListItem\",\"position\":1,\"name\":\"Home\",\"item\":\"https:\/\/www.parkhotelitalia.com\/fr\/\"},{\"@type\":\"ListItem\",\"position\":2,\"name\":\"Les fermes de beaut\u00e9 de Zagare\"}]},{\"@type\":\"WebSite\",\"@id\":\"https:\/\/www.parkhotelitalia.com\/fr\/#website\",\"url\":\"https:\/\/www.parkhotelitalia.com\/fr\/\",\"name\":\"Park Hotel Italia\",\"description\":\"\",\"potentialAction\":[{\"@type\":\"SearchAction\",\"target\":{\"@type\":\"EntryPoint\",\"urlTemplate\":\"https:\/\/www.parkhotelitalia.com\/fr\/?s={search_term_string}\"},\"query-input\":\"required name=search_term_string\"}],\"inLanguage\":\"fr-FR\"}]}<\/script>\n<!-- \/ Yoast SEO plugin. -->","yoast_head_json":{"title":"Les fermes de beaut\u00e9 de Zagare &#183; Park Hotel Italia &#183;","description":"La Beauty Farm Le Zagare est une oasis de tranquillit\u00e9 d\u00e9di\u00e9e au bien-\u00eatre, un lieu exclusif pour s\u2019accorder une pause loin du rythme quotidien. La Private SPA Suite, situ\u00e9e au sein de l\u2019h\u00f4tel, est un espace intime r\u00e9serv\u00e9 exclusivement \u00e0 deux personnes, pour une exp\u00e9rience priv\u00e9e d\u2019une dur\u00e9e d\u2019une heure. L\u2019exp\u00e9rience comprend bain \u00e0 remous, sauna, hammam, douche \u00e9motionnelle et espace d\u00e9tente avec tisanerie. L\u2019acc\u00e8s \u00e0 la SPA Suite ainsi qu\u2019\u00e0 tous les soins n\u2019est pas inclus dans le s\u00e9jour et est disponible uniquement sur r\u00e9servation, avec suppl\u00e9ment. Tous les services SPA sont \u00e9galement accessibles aux clients ext\u00e9rieurs, uniquement sur r\u00e9servation, de 10h00 \u00e0 13h30. Annulation gratuite jusqu\u2019\u00e0 24 heures \u00e0 l\u2019avance ; dans le cas contraire, la totalit\u00e9 sera factur\u00e9e","robots":{"index":"index","follow":"follow","max-snippet":"max-snippet:-1","max-image-preview":"max-image-preview:large","max-video-preview":"max-video-preview:-1"},"canonical":"https:\/\/www.parkhotelitalia.com\/fr\/les-fermes-de-beaute-de-zagare\/","og_locale":"fr_FR","og_type":"article","og_title":"Les fermes de beaut\u00e9 de Zagare &#183; Park Hotel Italia &#183;","og_description":"La Beauty Farm Le Zagare est une oasis de tranquillit\u00e9 d\u00e9di\u00e9e au bien-\u00eatre, un lieu exclusif pour s\u2019accorder une pause loin du rythme quotidien. La Private SPA Suite, situ\u00e9e au sein de l\u2019h\u00f4tel, est un espace intime r\u00e9serv\u00e9 exclusivement \u00e0 deux personnes, pour une exp\u00e9rience priv\u00e9e d\u2019une dur\u00e9e d\u2019une heure. L\u2019exp\u00e9rience comprend bain \u00e0 remous, sauna, hammam, douche \u00e9motionnelle et espace d\u00e9tente avec tisanerie. L\u2019acc\u00e8s \u00e0 la SPA Suite ainsi qu\u2019\u00e0 tous les soins n\u2019est pas inclus dans le s\u00e9jour et est disponible uniquement sur r\u00e9servation, avec suppl\u00e9ment. Tous les services SPA sont \u00e9galement accessibles aux clients ext\u00e9rieurs, uniquement sur r\u00e9servation, de 10h00 \u00e0 13h30. Annulation gratuite jusqu\u2019\u00e0 24 heures \u00e0 l\u2019avance ; dans le cas contraire, la totalit\u00e9 sera factur\u00e9e","og_url":"https:\/\/www.parkhotelitalia.com\/fr\/les-fermes-de-beaute-de-zagare\/","og_site_name":"Park Hotel Italia","article_modified_time":"2026-04-15T11:12:49+00:00","twitter_card":"summary_large_image","twitter_misc":{"Dur\u00e9e de lecture estim\u00e9e":"1 minute"},"schema":{"@context":"https:\/\/schema.org","@graph":[{"@type":"WebPage","@id":"https:\/\/www.parkhotelitalia.com\/fr\/les-fermes-de-beaute-de-zagare\/","url":"https:\/\/www.parkhotelitalia.com\/fr\/les-fermes-de-beaute-de-zagare\/","name":"Les fermes de beaut\u00e9 de Zagare &#183; Park Hotel Italia &#183;","isPartOf":{"@id":"https:\/\/www.parkhotelitalia.com\/fr\/#website"},"datePublished":"2023-05-19T14:59:18+00:00","dateModified":"2026-04-15T11:12:49+00:00","description":"La Beauty Farm Le Zagare est une oasis de tranquillit\u00e9 d\u00e9di\u00e9e au bien-\u00eatre, un lieu exclusif pour s\u2019accorder une pause loin du rythme quotidien. La Private SPA Suite, situ\u00e9e au sein de l\u2019h\u00f4tel, est un espace intime r\u00e9serv\u00e9 exclusivement \u00e0 deux personnes, pour une exp\u00e9rience priv\u00e9e d\u2019une dur\u00e9e d\u2019une heure. L\u2019exp\u00e9rience comprend bain \u00e0 remous, sauna, hammam, douche \u00e9motionnelle et espace d\u00e9tente avec tisanerie. L\u2019acc\u00e8s \u00e0 la SPA Suite ainsi qu\u2019\u00e0 tous les soins n\u2019est pas inclus dans le s\u00e9jour et est disponible uniquement sur r\u00e9servation, avec suppl\u00e9ment. Tous les services SPA sont \u00e9galement accessibles aux clients ext\u00e9rieurs, uniquement sur r\u00e9servation, de 10h00 \u00e0 13h30. Annulation gratuite jusqu\u2019\u00e0 24 heures \u00e0 l\u2019avance ; dans le cas contraire, la totalit\u00e9 sera factur\u00e9e","breadcrumb":{"@id":"https:\/\/www.parkhotelitalia.com\/fr\/les-fermes-de-beaute-de-zagare\/#breadcrumb"},"inLanguage":"fr-FR","potentialAction":[{"@type":"ReadAction","target":["https:\/\/www.parkhotelitalia.com\/fr\/les-fermes-de-beaute-de-zagare\/"]}]},{"@type":"BreadcrumbList","@id":"https:\/\/www.parkhotelitalia.com\/fr\/les-fermes-de-beaute-de-zagare\/#breadcrumb","itemListElement":[{"@type":"ListItem","position":1,"name":"Home","item":"https:\/\/www.parkhotelitalia.com\/fr\/"},{"@type":"ListItem","position":2,"name":"Les fermes de beaut\u00e9 de Zagare"}]},{"@type":"WebSite","@id":"https:\/\/www.parkhotelitalia.com\/fr\/#website","url":"https:\/\/www.parkhotelitalia.com\/fr\/","name":"Park Hotel Italia","description":"","potentialAction":[{"@type":"SearchAction","target":{"@type":"EntryPoint","urlTemplate":"https:\/\/www.parkhotelitalia.com\/fr\/?s={search_term_string}"},"query-input":"required name=search_term_string"}],"inLanguage":"fr-FR"}]}},"acf":[],"_links":{"self":[{"href":"https:\/\/www.parkhotelitalia.com\/fr\/wp-json\/wp\/v2\/pages\/436"}],"collection":[{"href":"https:\/\/www.parkhotelitalia.com\/fr\/wp-json\/wp\/v2\/pages"}],"about":[{"href":"https:\/\/www.parkhotelitalia.com\/fr\/wp-json\/wp\/v2\/types\/page"}],"author":[{"embeddable":true,"href":"https:\/\/www.parkhotelitalia.com\/fr\/wp-json\/wp\/v2\/users\/26"}],"replies":[{"embeddable":true,"href":"https:\/\/www.parkhotelitalia.com\/fr\/wp-json\/wp\/v2\/comments?post=436"}],"version-history":[{"count":0,"href":"https:\/\/www.parkhotelitalia.com\/fr\/wp-json\/wp\/v2\/pages\/436\/revisions"}],"wp:attachment":[{"href":"https:\/\/www.parkhotelitalia.com\/fr\/wp-json\/wp\/v2\/media?parent=436"}],"curies":[{"name":"wp","href":"https:\/\/api.w.org\/{rel}","templated":true}]}}